{"id":311,"date":"2026-03-03T10:55:00","date_gmt":"2026-03-03T15:55:00","guid":{"rendered":"https:\/\/being-initiative.org\/?page_id=311"},"modified":"2026-03-31T17:21:46","modified_gmt":"2026-03-31T21:21:46","slug":"opportunities","status":"publish","type":"page","link":"https:\/\/being-initiative.org\/fr\/opportunities\/","title":{"rendered":"Opportunit\u00e9s"},"content":{"rendered":"<div style=\"height:100px\" aria-hidden=\"true\" class=\"wp-block-spacer\"><\/div>\n\n\n<div id=\"ql-call-to-action-block_1820e7b05737d976240ab02e23d67760\" class=\"acf-block ql-call-to-action image-contain\"><div class=\"column column-text bg-white\" style=\"flex-basis:50%\"><div class=\"column-text-wrap\">\n\n<h2 class=\"wp-block-heading\" id=\"h-request-for-proposals\"><mark style=\"background-color:rgba(0, 0, 0, 0)\" class=\"has-inline-color has-theme-secondary-color\">Demande de propositions<\/mark><\/h2>\n\n\n\n<p>Being<strong>&nbsp;<\/strong>est une initiative mondiale men\u00e9e par <a href=\"http:\/\/www.grandchallenges.ca\" target=\"_blank\" rel=\"noreferrer noopener\">Grands D\u00e9fis Canada<\/a> qui vise un monde o\u00f9 les jeunes se sentent bien et s\u2019\u00e9panouissent.<\/p>\n\n\n\n<p>Nous investissons dans des innovations de <strong>d\u00e9ploiement \u00e0 l\u2019\u00e9chelle<\/strong> <strong>(DaE)<\/strong> qui s\u2019attaquent aux causes profondes de la d\u00e9tresse des jeunes avant qu\u2019elle ne s\u2019aggrave, en renfor\u00e7ant les environnements dans lesquels ils vivent, apprennent et grandissent : en Colombie, en \u00c9quateur, au Ghana, en Inde, en Indon\u00e9sie, au Maroc, au Pakistan, en Roumanie, au S\u00e9n\u00e9gal, en Sierra Leone, en Tanzanie et au Vietnam.<\/p>\n\n\n\n<h3 class=\"wp-block-heading\" id=\"h-available-funding\">D\u00e9ploiement \u00e0 l\u2019\u00e9chelle (DaE)<\/h3>\n\n\n\n<p>Nous investissons entre <strong>300 000 et 1 500 000 dollars canadiens <\/strong>dans des innovations ayant atteint le stade de d\u00e9ploiement \u00e0 l\u2019\u00e9chelle (DaE), c\u2019est-\u00e0-dire des approches qui ont d\u00e9j\u00e0 fait leurs preuves et sont d\u00e9sormais pr\u00eates \u00e0 \u00eatre mises en \u0153uvre \u00e0 plus grande \u00e9chelle. <\/p>\n\n\n\n<p>Chacun des 12 pays dans lesquels nous investissons a ses propres priorit\u00e9s de financement pour r\u00e9pondre \u00e0 un facteur cl\u00e9 de la sant\u00e9 mentale des jeunes.&nbsp;<strong>Pour plus de d\u00e9tails sur les domaines de financement prioritaires de chaque pays (et pour \u00e9valuer si la solution que vous proposez peut r\u00e9pondre \u00e0 ces d\u00e9fis sp\u00e9cifiques), veuillez consulter le document \u00ab Demande de propositions \u00bb :<\/strong><\/p>\n\n\n<div id=\"ql-button-block_22ccc78302cfeb230974fdf647795d0c\" class=\"acf-block ql-button button-left\"><a class=\"ql-button-link\" href=\"https:\/\/www.grandchallenges.ca\/wp-content\/uploads\/2026\/03\/Being-RFP-Mar-1-2026.pdf\" target=\"_blank\">Demande de propositions \u2013 Anglais<\/a><\/div>\n\n<div id=\"ql-button-block_4161c62601c18daecc8c5f5251dd82fa\" class=\"acf-block ql-button button-left\"><a class=\"ql-button-link\" href=\"https:\/\/www.grandchallenges.ca\/wp-content\/uploads\/2026\/03\/FR-Being-RFP-Mar-1-2026.pdf\" target=\"_blank\">Demande de propositions \u2013 Fran\u00e7ais<\/a><\/div>\n\n\n<p id=\"h-update-as-of-march-31-2026-we-are-no-longer-accepting-applications-for-this-funding-opportunity\"><strong><strong>Mise \u00e0 jour au 31 mars 2026 : nous n\u2019acceptons plus de candidatures pour cet opportunit\u00e9 de financement.<\/strong><br><\/strong><\/p>\n\n\n<div id=\"ql-button-block_e19b44e68b42cf182a14b78dfdb41d87\" class=\"acf-block ql-button button-left\"><a class=\"ql-button-link\" href=\"https:\/\/www.grandchallenges.ca\/rfp-being\/\" target=\"_blank\">Voir tous les d\u00e9tails<\/a><\/div>\n<\/div><\/div><div class=\"column column-image\" style=\"flex-basis:50%\"><img loading=\"lazy\" decoding=\"async\" width=\"1978\" height=\"2560\" src=\"https:\/\/being-initiative.org\/wp-content\/uploads\/2025\/05\/1-scaled.png\" class=\"attachment-full size-full\" alt=\"\" srcset=\"https:\/\/being-initiative.org\/wp-content\/uploads\/2025\/05\/1-scaled.png 1978w, https:\/\/being-initiative.org\/wp-content\/uploads\/2025\/05\/1-386x500.png 386w, https:\/\/being-initiative.org\/wp-content\/uploads\/2025\/05\/1-791x1024.png 791w, https:\/\/being-initiative.org\/wp-content\/uploads\/2025\/05\/1-768x994.png 768w, https:\/\/being-initiative.org\/wp-content\/uploads\/2025\/05\/1-1187x1536.png 1187w, https:\/\/being-initiative.org\/wp-content\/uploads\/2025\/05\/1-1583x2048.png 1583w, https:\/\/being-initiative.org\/wp-content\/uploads\/2025\/05\/1-9x12.png 9w\" sizes=\"auto, (max-width: 1978px) 100vw, 1978px\" \/><\/div><\/div>\n\n\n<p><\/p>","protected":false},"excerpt":{"rendered":"","protected":false},"author":1,"featured_media":1392,"parent":0,"menu_order":0,"comment_status":"closed","ping_status":"closed","template":"","meta":{"_acf_changed":false,"_genesis_hide_title":false,"_genesis_hide_breadcrumbs":false,"_genesis_hide_singular_image":false,"_genesis_hide_footer_widgets":false,"_genesis_custom_body_class":"","_genesis_custom_post_class":"","_genesis_layout":"","footnotes":""},"class_list":{"0":"post-311","1":"page","2":"type-page","3":"status-publish","4":"has-post-thumbnail","6":"entry"},"acf":[],"yoast_head":"<!-- This site is optimized with the Yoast SEO Premium plugin v27.1 (Yoast SEO v27.1.1) - https:\/\/yoast.com\/product\/yoast-seo-premium-wordpress\/ -->\n<title>Available Funding Opportunities: Being Initiative<\/title>\n<meta name=\"description\" content=\"Explore our available funding opportunities for mental health research, innovation and ecosystem building funding.\" \/>\n<meta name=\"robots\" content=\"index, follow, max-snippet:-1, max-image-preview:large, max-video-preview:-1\" \/>\n<link rel=\"canonical\" href=\"https:\/\/being-initiative.org\/fr\/opportunities\/\" \/>\n<meta property=\"og:locale\" content=\"fr_CA\" \/>\n<meta property=\"og:type\" content=\"article\" \/>\n<meta property=\"og:title\" content=\"Opportunities\" \/>\n<meta property=\"og:description\" content=\"Explore our available funding opportunities for mental health research, innovation and ecosystem building funding.\" \/>\n<meta property=\"og:url\" content=\"https:\/\/being-initiative.org\/fr\/opportunities\/\" \/>\n<meta property=\"og:site_name\" content=\"Being | Grand Challenges Canada\" \/>\n<meta property=\"article:publisher\" content=\"https:\/\/www.facebook.com\/thebeinginitiative\" \/>\n<meta property=\"article:modified_time\" content=\"2026-03-31T21:21:46+00:00\" \/>\n<meta property=\"og:image\" content=\"https:\/\/being-initiative.org\/wp-content\/uploads\/2023\/05\/FundingOpps_Hero.png\" \/>\n\t<meta property=\"og:image:width\" content=\"2668\" \/>\n\t<meta property=\"og:image:height\" content=\"1426\" \/>\n\t<meta property=\"og:image:type\" content=\"image\/png\" \/>\n<meta name=\"twitter:card\" content=\"summary_large_image\" \/>\n<meta name=\"twitter:site\" content=\"@beinginitiative\" \/>\n<meta name=\"twitter:label1\" content=\"Estimation du temps de lecture\" \/>\n\t<meta name=\"twitter:data1\" content=\"1 minute\" \/>\n<script type=\"application\/ld+json\" class=\"yoast-schema-graph\">{\"@context\":\"https:\/\/schema.org\",\"@graph\":[{\"@type\":\"WebPage\",\"@id\":\"https:\/\/being-initiative.org\/opportunities\/\",\"url\":\"https:\/\/being-initiative.org\/opportunities\/\",\"name\":\"Available Funding Opportunities: Being Initiative\",\"isPartOf\":{\"@id\":\"https:\/\/being-initiative.org\/#website\"},\"primaryImageOfPage\":{\"@id\":\"https:\/\/being-initiative.org\/opportunities\/#primaryimage\"},\"image\":{\"@id\":\"https:\/\/being-initiative.org\/opportunities\/#primaryimage\"},\"thumbnailUrl\":\"https:\/\/being-initiative.org\/wp-content\/uploads\/2023\/05\/FundingOpps_Hero.png\",\"datePublished\":\"2026-03-03T15:55:00+00:00\",\"dateModified\":\"2026-03-31T21:21:46+00:00\",\"description\":\"Explore our available funding opportunities for mental health research, innovation and ecosystem building funding.\",\"breadcrumb\":{\"@id\":\"https:\/\/being-initiative.org\/opportunities\/#breadcrumb\"},\"inLanguage\":\"fr-CA\",\"potentialAction\":[{\"@type\":\"ReadAction\",\"target\":[\"https:\/\/being-initiative.org\/opportunities\/\"]}]},{\"@type\":\"ImageObject\",\"inLanguage\":\"fr-CA\",\"@id\":\"https:\/\/being-initiative.org\/opportunities\/#primaryimage\",\"url\":\"https:\/\/being-initiative.org\/wp-content\/uploads\/2023\/05\/FundingOpps_Hero.png\",\"contentUrl\":\"https:\/\/being-initiative.org\/wp-content\/uploads\/2023\/05\/FundingOpps_Hero.png\",\"width\":2668,\"height\":1426,\"caption\":\"Illustration\"},{\"@type\":\"BreadcrumbList\",\"@id\":\"https:\/\/being-initiative.org\/opportunities\/#breadcrumb\",\"itemListElement\":[{\"@type\":\"ListItem\",\"position\":1,\"name\":\"Home\",\"item\":\"https:\/\/being-initiative.org\/\"},{\"@type\":\"ListItem\",\"position\":2,\"name\":\"Opportunities\"}]},{\"@type\":\"WebSite\",\"@id\":\"https:\/\/being-initiative.org\/#website\",\"url\":\"https:\/\/being-initiative.org\/\",\"name\":\"Being Initiative\",\"description\":\"Innovating for young people\u2019s wellbeing\",\"publisher\":{\"@id\":\"https:\/\/being-initiative.org\/#organization\"},\"potentialAction\":[{\"@type\":\"SearchAction\",\"target\":{\"@type\":\"EntryPoint\",\"urlTemplate\":\"https:\/\/being-initiative.org\/?s={search_term_string}\"},\"query-input\":{\"@type\":\"PropertyValueSpecification\",\"valueRequired\":true,\"valueName\":\"search_term_string\"}}],\"inLanguage\":\"fr-CA\"},{\"@type\":\"Organization\",\"@id\":\"https:\/\/being-initiative.org\/#organization\",\"name\":\"Being Initiative\",\"url\":\"https:\/\/being-initiative.org\/\",\"logo\":{\"@type\":\"ImageObject\",\"inLanguage\":\"fr-CA\",\"@id\":\"https:\/\/being-initiative.org\/#\/schema\/logo\/image\/\",\"url\":\"https:\/\/being-initiative.org\/wp-content\/uploads\/2023\/03\/being-logo.png\",\"contentUrl\":\"https:\/\/being-initiative.org\/wp-content\/uploads\/2023\/03\/being-logo.png\",\"width\":440,\"height\":136,\"caption\":\"Being Initiative\"},\"image\":{\"@id\":\"https:\/\/being-initiative.org\/#\/schema\/logo\/image\/\"},\"sameAs\":[\"https:\/\/www.facebook.com\/thebeinginitiative\",\"https:\/\/x.com\/beinginitiative\",\"https:\/\/www.linkedin.com\/company\/beinginitiative\/\",\"https:\/\/www.instagram.com\/beinginitiative\/\"]}]}<\/script>\n<!-- \/ Yoast SEO Premium plugin. -->","yoast_head_json":{"title":"Available Funding Opportunities: Being Initiative","description":"Explore our available funding opportunities for mental health research, innovation and ecosystem building funding.","robots":{"index":"index","follow":"follow","max-snippet":"max-snippet:-1","max-image-preview":"max-image-preview:large","max-video-preview":"max-video-preview:-1"},"canonical":"https:\/\/being-initiative.org\/fr\/opportunities\/","og_locale":"fr_CA","og_type":"article","og_title":"Opportunities","og_description":"Explore our available funding opportunities for mental health research, innovation and ecosystem building funding.","og_url":"https:\/\/being-initiative.org\/fr\/opportunities\/","og_site_name":"Being | Grand Challenges Canada","article_publisher":"https:\/\/www.facebook.com\/thebeinginitiative","article_modified_time":"2026-03-31T21:21:46+00:00","og_image":[{"width":2668,"height":1426,"url":"https:\/\/being-initiative.org\/wp-content\/uploads\/2023\/05\/FundingOpps_Hero.png","type":"image\/png"}],"twitter_card":"summary_large_image","twitter_site":"@beinginitiative","twitter_misc":{"Estimation du temps de lecture":"1 minute"},"schema":{"@context":"https:\/\/schema.org","@graph":[{"@type":"WebPage","@id":"https:\/\/being-initiative.org\/opportunities\/","url":"https:\/\/being-initiative.org\/opportunities\/","name":"Available Funding Opportunities: Being Initiative","isPartOf":{"@id":"https:\/\/being-initiative.org\/#website"},"primaryImageOfPage":{"@id":"https:\/\/being-initiative.org\/opportunities\/#primaryimage"},"image":{"@id":"https:\/\/being-initiative.org\/opportunities\/#primaryimage"},"thumbnailUrl":"https:\/\/being-initiative.org\/wp-content\/uploads\/2023\/05\/FundingOpps_Hero.png","datePublished":"2026-03-03T15:55:00+00:00","dateModified":"2026-03-31T21:21:46+00:00","description":"Explore our available funding opportunities for mental health research, innovation and ecosystem building funding.","breadcrumb":{"@id":"https:\/\/being-initiative.org\/opportunities\/#breadcrumb"},"inLanguage":"fr-CA","potentialAction":[{"@type":"ReadAction","target":["https:\/\/being-initiative.org\/opportunities\/"]}]},{"@type":"ImageObject","inLanguage":"fr-CA","@id":"https:\/\/being-initiative.org\/opportunities\/#primaryimage","url":"https:\/\/being-initiative.org\/wp-content\/uploads\/2023\/05\/FundingOpps_Hero.png","contentUrl":"https:\/\/being-initiative.org\/wp-content\/uploads\/2023\/05\/FundingOpps_Hero.png","width":2668,"height":1426,"caption":"Illustration"},{"@type":"BreadcrumbList","@id":"https:\/\/being-initiative.org\/opportunities\/#breadcrumb","itemListElement":[{"@type":"ListItem","position":1,"name":"Home","item":"https:\/\/being-initiative.org\/"},{"@type":"ListItem","position":2,"name":"Opportunities"}]},{"@type":"WebSite","@id":"https:\/\/being-initiative.org\/#website","url":"https:\/\/being-initiative.org\/","name":"Being Initiative","description":"Innover pour le bien-\u00eatre des jeunes","publisher":{"@id":"https:\/\/being-initiative.org\/#organization"},"potentialAction":[{"@type":"SearchAction","target":{"@type":"EntryPoint","urlTemplate":"https:\/\/being-initiative.org\/?s={search_term_string}"},"query-input":{"@type":"PropertyValueSpecification","valueRequired":true,"valueName":"search_term_string"}}],"inLanguage":"fr-CA"},{"@type":"Organization","@id":"https:\/\/being-initiative.org\/#organization","name":"Being Initiative","url":"https:\/\/being-initiative.org\/","logo":{"@type":"ImageObject","inLanguage":"fr-CA","@id":"https:\/\/being-initiative.org\/#\/schema\/logo\/image\/","url":"https:\/\/being-initiative.org\/wp-content\/uploads\/2023\/03\/being-logo.png","contentUrl":"https:\/\/being-initiative.org\/wp-content\/uploads\/2023\/03\/being-logo.png","width":440,"height":136,"caption":"Being Initiative"},"image":{"@id":"https:\/\/being-initiative.org\/#\/schema\/logo\/image\/"},"sameAs":["https:\/\/www.facebook.com\/thebeinginitiative","https:\/\/x.com\/beinginitiative","https:\/\/www.linkedin.com\/company\/beinginitiative\/","https:\/\/www.instagram.com\/beinginitiative\/"]}]}},"_links":{"self":[{"href":"https:\/\/being-initiative.org\/fr\/wp-json\/wp\/v2\/pages\/311","targetHints":{"allow":["GET"]}}],"collection":[{"href":"https:\/\/being-initiative.org\/fr\/wp-json\/wp\/v2\/pages"}],"about":[{"href":"https:\/\/being-initiative.org\/fr\/wp-json\/wp\/v2\/types\/page"}],"author":[{"embeddable":true,"href":"https:\/\/being-initiative.org\/fr\/wp-json\/wp\/v2\/users\/1"}],"replies":[{"embeddable":true,"href":"https:\/\/being-initiative.org\/fr\/wp-json\/wp\/v2\/comments?post=311"}],"version-history":[{"count":0,"href":"https:\/\/being-initiative.org\/fr\/wp-json\/wp\/v2\/pages\/311\/revisions"}],"wp:featuredmedia":[{"embeddable":true,"href":"https:\/\/being-initiative.org\/fr\/wp-json\/wp\/v2\/media\/1392"}],"wp:attachment":[{"href":"https:\/\/being-initiative.org\/fr\/wp-json\/wp\/v2\/media?parent=311"}],"curies":[{"name":"wp","href":"https:\/\/api.w.org\/{rel}","templated":true}]}}