{"id":309,"date":"2023-03-14T00:17:19","date_gmt":"2023-03-14T00:17:19","guid":{"rendered":"https:\/\/being-initiative.org\/?page_id=309"},"modified":"2025-05-05T16:41:55","modified_gmt":"2025-05-05T16:41:55","slug":"what-we-do","status":"publish","type":"page","link":"https:\/\/being-initiative.org\/fr\/what-we-do\/","title":{"rendered":"Ce que nous faisons"},"content":{"rendered":"<div id=\"ql-bg-container-block_4a47833c19b84d996a80d0c3321420a5\" class=\"acf-block ql-bg-container bg-white\"><div class=\"ql-bg-container-inner\">\n\n<h2 class=\"wp-block-heading\" id=\"h-our-approach\">Notre approche<\/h2>\n\n\n<div class=\"wp-block-image\">\n<figure class=\"alignright size-large is-resized\"><img loading=\"lazy\" decoding=\"async\" width=\"1024\" height=\"576\" src=\"https:\/\/being-initiative.org\/wp-content\/uploads\/2023\/12\/Approach_Resized_FR_2-Edited.png\" alt=\"We support young people's mental health by focusing on three key pillars. Discover our approach!\" class=\"wp-image-1869\" style=\"width:697px;height:auto\" srcset=\"https:\/\/being-initiative.org\/wp-content\/uploads\/2023\/12\/Approach_Resized_FR_2-Edited.png 3888w, https:\/\/being-initiative.org\/wp-content\/uploads\/2023\/12\/Approach_Resized_FR_2-Edited-500x280.png 500w, https:\/\/being-initiative.org\/wp-content\/uploads\/2023\/12\/Approach_Resized_FR_2-Edited-1024x573.png 1024w, https:\/\/being-initiative.org\/wp-content\/uploads\/2023\/12\/Approach_Resized_FR_2-Edited-768x430.png 768w, https:\/\/being-initiative.org\/wp-content\/uploads\/2023\/12\/Approach_Resized_FR_2-Edited-1536x860.png 1536w, https:\/\/being-initiative.org\/wp-content\/uploads\/2023\/12\/Approach_Resized_FR_2-Edited-2048x1146.png 2048w, https:\/\/being-initiative.org\/wp-content\/uploads\/2023\/12\/Approach_Resized_FR_2-Edited-18x10.png 18w\" sizes=\"auto, (max-width: 1024px) 100vw, 1024px\" \/><figcaption class=\"wp-element-caption\"><a href=\"https:\/\/being-initiative.org\/wp-content\/uploads\/2023\/06\/GCC_Being_OurApproach_v5_French-copy.pdf\" target=\"_blank\" rel=\"noreferrer noopener\"><mark style=\"background-color:rgba(0, 0, 0, 0)\" class=\"has-inline-color has-theme-primary-color\">T\u00e9l\u00e9chargez l'approche strat\u00e9gique de Being !<\/mark><\/a><\/figcaption><\/figure>\n<\/div>\n\n\n<p>Nous soutenons la sant\u00e9 mentale et le bien-\u00eatre des jeunes en nous concentrant sur trois piliers cl\u00e9s :<\/p>\n\n\n\n<p><strong><mark style=\"background-color:rgba(0, 0, 0, 0)\" class=\"has-inline-color has-theme-secondary-color\">APPRENDRE:<\/mark><\/strong> afin de comprendre les besoins et les d\u00e9terminants de la sant\u00e9 mentale des jeunes;<\/p>\n\n\n\n<p><strong><mark style=\"background-color:rgba(0, 0, 0, 0)\" class=\"has-inline-color has-theme-secondary-color\">INVESTIR:<\/mark><\/strong> pour financer l\u2019innovation en sant\u00e9 mentale dirig\u00e9e par les jeunes;<\/p>\n\n\n\n<p><mark style=\"background-color:rgba(0, 0, 0, 0)\" class=\"has-inline-color has-theme-secondary-color\"><strong>MOBILISER<\/strong>: <\/mark>afin de favoriser les partenariats et de cr\u00e9er un \u00e9cosyst\u00e8me qui facilite le changement syst\u00e9mique \u00e0 l\u2019appui du bien-\u00eatre des jeunes.<\/p>\n\n\n\n<p><strong>Les jeunes sont au c\u0153ur de notre d\u00e9marche.<\/strong> Ils agissent comme <a href=\"https:\/\/being-initiative.org\/fr\/advisory-groups\/\">conseillers de programme<\/a>, comme parties prenantes cl\u00e9s dans les consultations, et les organisations dirig\u00e9es par des jeunes joueront un r\u00f4le central dans l\u2019ex\u00e9cution du travail dans chacun des pays prioritaires.<\/p>\n\n\n<div id=\"ql-button-block_e7e8ef6026765c23dd8a085be5bb4d11\" class=\"acf-block ql-button button-center\"><a class=\"ql-button-link\" href=\"https:\/\/being-initiative.org\/fr\/approach\/\" target=\"_self\">D\u00e9couvrez notre approche !<\/a><\/div>\n<\/div><\/div>\n\n<div id=\"ql-bg-container-block_9ba0f467d99907be9f3be02d9affa3b5\" class=\"acf-block ql-bg-container bg-creme\"><div class=\"ql-bg-container-inner\">\n\n<h2 class=\"wp-block-heading\" id=\"h-what-we-fund\"><strong>Ce que nous finan\u00e7ons<\/strong><\/h2>\n\n\n\n<p>Nous investissons dans <strong><mark style=\"background-color:rgba(0, 0, 0, 0)\" class=\"has-inline-color has-theme-secondary-color\"><a href=\"https:\/\/being-initiative.org\/fr\/longitudinal-research\/\">la recherche<\/a>, <a href=\"https:\/\/being-initiative.org\/fr\/innovation\/\">l'innovation<\/a>, et <a href=\"https:\/\/being-initiative.org\/fr\/ecosystem-building\/\">\u00e0 la cr\u00e9ation d\u2019\u00e9cosyst\u00e8mes<\/a><\/mark> <\/strong>ax\u00e9s sur la sant\u00e9 mentale et le bien-\u00eatre des jeunes 12 pays prioritaires : <strong>Colombie, \u00c9quateur, Ghana, Inde, Indon\u00e9sie, Maroc, Pakistan, Roumanie, S\u00e9n\u00e9gal, Sierra Leone, Tanzanie et Vietnam<\/strong>.<\/p>\n\n\n\n<div style=\"height:30px\" aria-hidden=\"true\" class=\"wp-block-spacer\"><\/div>\n\n\n<div class=\"wp-block-image\">\n<figure class=\"aligncenter size-large\"><img loading=\"lazy\" decoding=\"async\" width=\"1024\" height=\"581\" src=\"https:\/\/being-initiative.org\/wp-content\/uploads\/2024\/04\/GCC_Being_WorldMap_v5_fr_Apr-2024.png\" alt=\"\" class=\"wp-image-1964\" srcset=\"https:\/\/being-initiative.org\/wp-content\/uploads\/2024\/04\/GCC_Being_WorldMap_v5_fr_Apr-2024.png 7766w, https:\/\/being-initiative.org\/wp-content\/uploads\/2024\/04\/GCC_Being_WorldMap_v5_fr_Apr-2024-500x284.png 500w, https:\/\/being-initiative.org\/wp-content\/uploads\/2024\/04\/GCC_Being_WorldMap_v5_fr_Apr-2024-1024x581.png 1024w, https:\/\/being-initiative.org\/wp-content\/uploads\/2024\/04\/GCC_Being_WorldMap_v5_fr_Apr-2024-768x436.png 768w, https:\/\/being-initiative.org\/wp-content\/uploads\/2024\/04\/GCC_Being_WorldMap_v5_fr_Apr-2024-1536x872.png 1536w, https:\/\/being-initiative.org\/wp-content\/uploads\/2024\/04\/GCC_Being_WorldMap_v5_fr_Apr-2024-2048x1163.png 2048w, https:\/\/being-initiative.org\/wp-content\/uploads\/2024\/04\/GCC_Being_WorldMap_v5_fr_Apr-2024-18x10.png 18w\" sizes=\"auto, (max-width: 1024px) 100vw, 1024px\" \/><\/figure>\n<\/div>\n\n\n<div style=\"height:30px\" aria-hidden=\"true\" class=\"wp-block-spacer\"><\/div>\n\n<\/div><\/div>\n\n<div id=\"ql-bg-container-block_4a47833c19b84d996a80d0c3321420a5\" class=\"acf-block ql-bg-container bg-white\"><div class=\"ql-bg-container-inner\">\n\n<h2 class=\"wp-block-heading\" id=\"h-how-we-invest\"><strong>Comment nous investissons<\/strong><\/h2>\n\n\n\n<p>Nous croyons que ceux qui sont les plus proches des d\u00e9fis peuvent mieux identifier les besoins et les obstacles critiques et proposer des solutions efficaces et durables. C\u2019est pourquoi nos financements dans la recherche, l'innovation et la cr\u00e9ation d'\u00e9cosyst\u00e8mes sont bas\u00e9s sur <a href=\"https:\/\/being-initiative.org\/fr\/country-consultations\/\"><strong>des analyses de paysage men\u00e9es localement et des consultations nationales<\/strong><\/a> avec des jeunes, des d\u00e9cideurs, des organisations locales et des experts en sant\u00e9 mentale.<\/p>\n\n\n\n<p>Au-del\u00e0 du financement, notre<strong> <a href=\"https:\/\/being-initiative.org\/fr\/learning-and-support\/\">r\u00e9seau d'apprentissage et de soutien<\/a><\/strong> (en partenariat avec <a href=\"https:\/\/www.orygen.org.au\/\" target=\"_blank\" rel=\"noreferrer noopener\">Orygen<\/a>) fournit un soutien technique aux organisations financ\u00e9es et nous aide \u00e0 partager les meilleures pratiques, les le\u00e7ons et notre impact collectif sur la sant\u00e9 mentale dans le monde.<\/p>\n\n\n<div class=\"wp-block-image\">\n<figure class=\"aligncenter size-large is-resized\"><img loading=\"lazy\" decoding=\"async\" width=\"1024\" height=\"613\" src=\"https:\/\/being-initiative.org\/wp-content\/uploads\/2023\/12\/Programmatic-diagram-FRai.png\" alt=\"Showcases how we support young people\u2019s mental health through research, ecosystem building, and innovation guided by our landscape analyses and consultations.\" class=\"wp-image-1861\" style=\"width:984px;height:auto\" srcset=\"https:\/\/being-initiative.org\/wp-content\/uploads\/2023\/12\/Programmatic-diagram-FRai.png 7200w, https:\/\/being-initiative.org\/wp-content\/uploads\/2023\/12\/Programmatic-diagram-FRai-500x326.png 500w, https:\/\/being-initiative.org\/wp-content\/uploads\/2023\/12\/Programmatic-diagram-FRai-1024x668.png 1024w, https:\/\/being-initiative.org\/wp-content\/uploads\/2023\/12\/Programmatic-diagram-FRai-768x501.png 768w, https:\/\/being-initiative.org\/wp-content\/uploads\/2023\/12\/Programmatic-diagram-FRai-1536x1002.png 1536w, https:\/\/being-initiative.org\/wp-content\/uploads\/2023\/12\/Programmatic-diagram-FRai-2048x1336.png 2048w, https:\/\/being-initiative.org\/wp-content\/uploads\/2023\/12\/Programmatic-diagram-FRai-18x12.png 18w\" sizes=\"auto, (max-width: 1024px) 100vw, 1024px\" \/><figcaption class=\"wp-element-caption\">Un diagramme programmatique d\u00e9crivant comment les analyses de paysage et les consultations nationales que nous soutenons contribueront \u00e0 informer l'ensemble du financement et de la programmation de l'initiative dans les domaines de la recherche, de l'innovation et de la cr\u00e9ation d'\u00e9cosyst\u00e8mes.<\/figcaption><\/figure>\n<\/div>\n<\/div><\/div>\n\n<div id=\"ql-impact-block-block_430e93927c1baa99299572fdcb8aa1bd\" class=\"align-full acf-block ql-impact-block bg-white\"><div class=\"ql-impact-block-inner\"><h2 class=\"impact-block-title\">Types de financement<\/h2>\n<div id=\"ql-impact-single-block_5f19d1baf3449cc656f6cfcaf220811c\" class=\"acf-block ql-impact-single\">\n\n<h3 class=\"wp-block-heading\" id=\"h-research\">Recherche<\/h3>\n\n\n\n<p>Nous investissons dans des <a href=\"https:\/\/being-initiative.org\/fr\/country-consultations\/\"><strong>consultations nationales<\/strong><\/a> men\u00e9es localement afin de d\u00e9terminer les besoins et les priorit\u00e9s dans chaque pays.<\/p>\n\n\n\n<p>En partenariat avec la <a href=\"https:\/\/scienceforafrica.foundation\/\">Science for Africa Foundation<\/a>, nous finan\u00e7ons \u00e9galement <strong><a href=\"https:\/\/being-initiative.org\/fr\/longitudinal-research\/\">des \u00e9tudes longitudinales<\/a><\/strong> sur la mani\u00e8re dont les facteurs de stress tels que la pauvret\u00e9, la stigmatisation et le changement climatique affectent la sant\u00e9 mentale des jeunes, afin d'am\u00e9liorer les politiques et les pratiques.<\/p>\n\n<\/div>\n\n<div id=\"ql-impact-single-block_5f19d1baf3449cc656f6cfcaf220811c\" class=\"acf-block ql-impact-single\">\n\n<h3 class=\"wp-block-heading\" id=\"h-innovation\">Innovation<\/h3>\n\n\n\n<p>Guid\u00e9s par les enseignements tir\u00e9s de nos consultations nationales et ax\u00e9s sur les zones urbaines et p\u00e9riurbaines, nous investissons dans <strong><a href=\"https:\/\/being-initiative.org\/fr\/innovation\/\" target=\"_blank\" rel=\"noreferrer noopener\">l'innovation<\/a><\/strong> \u00e0 l'adresse <strong>D\u00e9monstration de principe<\/strong> et <strong>du D\u00e9ploiement \u00e0 l\u2019\u00e9chelle<\/strong> \u00e0 l'\u00e9chelle, afin de s'attaquer aux premiers facteurs des probl\u00e8mes de sant\u00e9 mentale des jeunes. <a href=\"https:\/\/being-initiative.org\/fr\/index\/\">Voir toutes les innovations financ\u00e9es !<\/a><\/p>\n\n<\/div>\n\n<div id=\"ql-impact-single-block_5f19d1baf3449cc656f6cfcaf220811c\" class=\"acf-block ql-impact-single\">\n\n<h3 class=\"wp-block-heading\" id=\"h-ecosystem-catalyst-grants\">Subventions catalyseur\nd'\u00e9cosyst\u00e8me<\/h3>\n\n\n\n<p>Nos <a href=\"https:\/\/being-initiative.org\/fr\/ecosystem-building\/\">Subventions catalyseur\nd'\u00e9cosyst\u00e8me<\/a> soutiennent l'\u00e9chelle des innovations men\u00e9es par les jeunes en \u00e9liminant les obstacles au soutien de la sant\u00e9 mentale et en testant comment ces id\u00e9es peuvent am\u00e9liorer les syst\u00e8mes locaux et nationaux existants (politiques, ressources, etc.). <a href=\"https:\/\/being-initiative.org\/fr\/index\/\">Voir tous les projets financ\u00e9s !<\/a><br><\/p>\n\n<\/div>\n\n<div id=\"ql-impact-single-block_5f19d1baf3449cc656f6cfcaf220811c\" class=\"acf-block ql-impact-single\">\n\n<h3 class=\"wp-block-heading\" id=\"h-\"><\/h3>\n\n<\/div>\n<\/div><\/div>\n\n<div id=\"ql-call-to-action-block_8f9dd0ca5b1f9fea3a88cab50e353552\" class=\"acf-block ql-call-to-action image-contain\" style=\"margin-top:20px;margin-bottom:40px;\"><div class=\"column column-text bg-primary bg-dark\" style=\"flex-basis:50%\"><div class=\"column-text-wrap\">\n\n<h2 class=\"wp-block-heading\" id=\"h-ecosystem-building\">Cr\u00e9ation d'\u00e9cosyst\u00e8mes<\/h2>\n\n\n\n<p>Pour cr\u00e9er un \u00e9cosyst\u00e8me favorable \u00e0 la sant\u00e9 mentale des jeunes, nous nous effor\u00e7ons de renforcer les syst\u00e8mes qui la fa\u00e7onnent - y compris les politiques, les ressources, les relations et les dynamiques de pouvoir - tant au niveau national que mondial.<\/p>\n\n\n\n<p>En collaboration avec nos partenaires,&nbsp;<a href=\"https:\/\/unitedgmh.org\/\">United for Global Mental Health<\/a>, nous nous concentrons sur l'augmentation des investissements dans la sant\u00e9 mentale des jeunes, sur l'amplification des voix des jeunes et des exp\u00e9riences v\u00e9cues, et sur l'union des bailleurs de fonds, des gouvernements et des communaut\u00e9s qui partagent les m\u00eames objectifs pour conduire un changement durable.<\/p>\n\n\n<div id=\"ql-button-block_62e622a3616126b9a3fb6eda7658485b\" class=\"acf-block ql-button button-left\"><a class=\"ql-button-link\" href=\"https:\/\/being-initiative.org\/fr\/ecosystem-building\/\" target=\"_self\">En savoir plus sur notre approche \u00e9cosyst\u00e9mique !<\/a><\/div>\n<\/div><\/div><div class=\"column column-image\" style=\"flex-basis:50%\"><img loading=\"lazy\" decoding=\"async\" width=\"1080\" height=\"1080\" src=\"https:\/\/being-initiative.org\/wp-content\/uploads\/2023\/12\/f638a9e4-38e5-458e-858f-69d80860d0db.png\" class=\"attachment-full size-full\" alt=\"\" srcset=\"https:\/\/being-initiative.org\/wp-content\/uploads\/2023\/12\/f638a9e4-38e5-458e-858f-69d80860d0db.png 1080w, https:\/\/being-initiative.org\/wp-content\/uploads\/2023\/12\/f638a9e4-38e5-458e-858f-69d80860d0db-500x500.png 500w, https:\/\/being-initiative.org\/wp-content\/uploads\/2023\/12\/f638a9e4-38e5-458e-858f-69d80860d0db-1024x1024.png 1024w, https:\/\/being-initiative.org\/wp-content\/uploads\/2023\/12\/f638a9e4-38e5-458e-858f-69d80860d0db-150x150.png 150w, https:\/\/being-initiative.org\/wp-content\/uploads\/2023\/12\/f638a9e4-38e5-458e-858f-69d80860d0db-768x768.png 768w, https:\/\/being-initiative.org\/wp-content\/uploads\/2023\/12\/f638a9e4-38e5-458e-858f-69d80860d0db-12x12.png 12w, https:\/\/being-initiative.org\/wp-content\/uploads\/2023\/12\/f638a9e4-38e5-458e-858f-69d80860d0db-75x75.png 75w\" sizes=\"auto, (max-width: 1080px) 100vw, 1080px\" \/><\/div><\/div>","protected":false},"excerpt":{"rendered":"","protected":false},"author":1,"featured_media":1386,"parent":0,"menu_order":0,"comment_status":"closed","ping_status":"closed","template":"","meta":{"_acf_changed":false,"_genesis_hide_title":false,"_genesis_hide_breadcrumbs":false,"_genesis_hide_singular_image":false,"_genesis_hide_footer_widgets":false,"_genesis_custom_body_class":"","_genesis_custom_post_class":"","_genesis_layout":"","footnotes":""},"class_list":{"0":"post-309","1":"page","2":"type-page","3":"status-publish","4":"has-post-thumbnail","6":"entry"},"acf":[],"yoast_head":"<!-- This site is optimized with the Yoast SEO Premium plugin v27.1 (Yoast SEO v27.1.1) - https:\/\/yoast.com\/product\/yoast-seo-premium-wordpress\/ -->\n<title>We support young people\u2019s mental health globally: What We Do<\/title>\n<meta name=\"description\" content=\"Being supports young people&#039;s mental health in low- and middle-income countries by investing in research, ecosystem building and innovation.\" \/>\n<meta name=\"robots\" content=\"index, follow, max-snippet:-1, max-image-preview:large, max-video-preview:-1\" \/>\n<link rel=\"canonical\" href=\"https:\/\/being-initiative.org\/fr\/what-we-do\/\" \/>\n<meta property=\"og:locale\" content=\"fr_CA\" \/>\n<meta property=\"og:type\" content=\"article\" \/>\n<meta property=\"og:title\" content=\"What We Do\" \/>\n<meta property=\"og:description\" content=\"Being supports young people&#039;s mental health in low- and middle-income countries by investing in research, ecosystem building and innovation.\" \/>\n<meta property=\"og:url\" content=\"https:\/\/being-initiative.org\/fr\/what-we-do\/\" \/>\n<meta property=\"og:site_name\" content=\"Being | Grand Challenges Canada\" \/>\n<meta property=\"article:publisher\" content=\"https:\/\/www.facebook.com\/thebeinginitiative\" \/>\n<meta property=\"article:modified_time\" content=\"2025-05-05T16:41:55+00:00\" \/>\n<meta property=\"og:image\" content=\"https:\/\/being-initiative.org\/wp-content\/uploads\/2023\/05\/WhatWeDo_HowWereDoingIt.png\" \/>\n\t<meta property=\"og:image:width\" content=\"2785\" \/>\n\t<meta property=\"og:image:height\" content=\"1726\" \/>\n\t<meta property=\"og:image:type\" content=\"image\/png\" \/>\n<meta name=\"twitter:card\" content=\"summary_large_image\" \/>\n<meta name=\"twitter:site\" content=\"@beinginitiative\" \/>\n<meta name=\"twitter:label1\" content=\"Estimation du temps de lecture\" \/>\n\t<meta name=\"twitter:data1\" content=\"3 minutes\" \/>\n<script type=\"application\/ld+json\" class=\"yoast-schema-graph\">{\"@context\":\"https:\/\/schema.org\",\"@graph\":[{\"@type\":\"WebPage\",\"@id\":\"https:\/\/being-initiative.org\/what-we-do\/\",\"url\":\"https:\/\/being-initiative.org\/what-we-do\/\",\"name\":\"We support young people\u2019s mental health globally: What We Do\",\"isPartOf\":{\"@id\":\"https:\/\/being-initiative.org\/#website\"},\"primaryImageOfPage\":{\"@id\":\"https:\/\/being-initiative.org\/what-we-do\/#primaryimage\"},\"image\":{\"@id\":\"https:\/\/being-initiative.org\/what-we-do\/#primaryimage\"},\"thumbnailUrl\":\"https:\/\/being-initiative.org\/wp-content\/uploads\/2023\/05\/WhatWeDo_HowWereDoingIt.png\",\"datePublished\":\"2023-03-14T00:17:19+00:00\",\"dateModified\":\"2025-05-05T16:41:55+00:00\",\"description\":\"Being supports young people's mental health in low- and middle-income countries by investing in research, ecosystem building and innovation.\",\"breadcrumb\":{\"@id\":\"https:\/\/being-initiative.org\/what-we-do\/#breadcrumb\"},\"inLanguage\":\"fr-CA\",\"potentialAction\":[{\"@type\":\"ReadAction\",\"target\":[\"https:\/\/being-initiative.org\/what-we-do\/\"]}]},{\"@type\":\"ImageObject\",\"inLanguage\":\"fr-CA\",\"@id\":\"https:\/\/being-initiative.org\/what-we-do\/#primaryimage\",\"url\":\"https:\/\/being-initiative.org\/wp-content\/uploads\/2023\/05\/WhatWeDo_HowWereDoingIt.png\",\"contentUrl\":\"https:\/\/being-initiative.org\/wp-content\/uploads\/2023\/05\/WhatWeDo_HowWereDoingIt.png\",\"width\":2785,\"height\":1726,\"caption\":\"Illustration\"},{\"@type\":\"BreadcrumbList\",\"@id\":\"https:\/\/being-initiative.org\/what-we-do\/#breadcrumb\",\"itemListElement\":[{\"@type\":\"ListItem\",\"position\":1,\"name\":\"Home\",\"item\":\"https:\/\/being-initiative.org\/\"},{\"@type\":\"ListItem\",\"position\":2,\"name\":\"What We Do\"}]},{\"@type\":\"WebSite\",\"@id\":\"https:\/\/being-initiative.org\/#website\",\"url\":\"https:\/\/being-initiative.org\/\",\"name\":\"Being Initiative\",\"description\":\"Innovating for young people\u2019s wellbeing\",\"publisher\":{\"@id\":\"https:\/\/being-initiative.org\/#organization\"},\"potentialAction\":[{\"@type\":\"SearchAction\",\"target\":{\"@type\":\"EntryPoint\",\"urlTemplate\":\"https:\/\/being-initiative.org\/?s={search_term_string}\"},\"query-input\":{\"@type\":\"PropertyValueSpecification\",\"valueRequired\":true,\"valueName\":\"search_term_string\"}}],\"inLanguage\":\"fr-CA\"},{\"@type\":\"Organization\",\"@id\":\"https:\/\/being-initiative.org\/#organization\",\"name\":\"Being Initiative\",\"url\":\"https:\/\/being-initiative.org\/\",\"logo\":{\"@type\":\"ImageObject\",\"inLanguage\":\"fr-CA\",\"@id\":\"https:\/\/being-initiative.org\/#\/schema\/logo\/image\/\",\"url\":\"https:\/\/being-initiative.org\/wp-content\/uploads\/2023\/03\/being-logo.png\",\"contentUrl\":\"https:\/\/being-initiative.org\/wp-content\/uploads\/2023\/03\/being-logo.png\",\"width\":440,\"height\":136,\"caption\":\"Being Initiative\"},\"image\":{\"@id\":\"https:\/\/being-initiative.org\/#\/schema\/logo\/image\/\"},\"sameAs\":[\"https:\/\/www.facebook.com\/thebeinginitiative\",\"https:\/\/x.com\/beinginitiative\",\"https:\/\/www.linkedin.com\/company\/beinginitiative\/\",\"https:\/\/www.instagram.com\/beinginitiative\/\"]}]}<\/script>\n<!-- \/ Yoast SEO Premium plugin. -->","yoast_head_json":{"title":"We support young people\u2019s mental health globally: What We Do","description":"Being supports young people's mental health in low- and middle-income countries by investing in research, ecosystem building and innovation.","robots":{"index":"index","follow":"follow","max-snippet":"max-snippet:-1","max-image-preview":"max-image-preview:large","max-video-preview":"max-video-preview:-1"},"canonical":"https:\/\/being-initiative.org\/fr\/what-we-do\/","og_locale":"fr_CA","og_type":"article","og_title":"What We Do","og_description":"Being supports young people's mental health in low- and middle-income countries by investing in research, ecosystem building and innovation.","og_url":"https:\/\/being-initiative.org\/fr\/what-we-do\/","og_site_name":"Being | Grand Challenges Canada","article_publisher":"https:\/\/www.facebook.com\/thebeinginitiative","article_modified_time":"2025-05-05T16:41:55+00:00","og_image":[{"width":2785,"height":1726,"url":"https:\/\/being-initiative.org\/wp-content\/uploads\/2023\/05\/WhatWeDo_HowWereDoingIt.png","type":"image\/png"}],"twitter_card":"summary_large_image","twitter_site":"@beinginitiative","twitter_misc":{"Estimation du temps de lecture":"3 minutes"},"schema":{"@context":"https:\/\/schema.org","@graph":[{"@type":"WebPage","@id":"https:\/\/being-initiative.org\/what-we-do\/","url":"https:\/\/being-initiative.org\/what-we-do\/","name":"We support young people\u2019s mental health globally: What We Do","isPartOf":{"@id":"https:\/\/being-initiative.org\/#website"},"primaryImageOfPage":{"@id":"https:\/\/being-initiative.org\/what-we-do\/#primaryimage"},"image":{"@id":"https:\/\/being-initiative.org\/what-we-do\/#primaryimage"},"thumbnailUrl":"https:\/\/being-initiative.org\/wp-content\/uploads\/2023\/05\/WhatWeDo_HowWereDoingIt.png","datePublished":"2023-03-14T00:17:19+00:00","dateModified":"2025-05-05T16:41:55+00:00","description":"Being supports young people's mental health in low- and middle-income countries by investing in research, ecosystem building and innovation.","breadcrumb":{"@id":"https:\/\/being-initiative.org\/what-we-do\/#breadcrumb"},"inLanguage":"fr-CA","potentialAction":[{"@type":"ReadAction","target":["https:\/\/being-initiative.org\/what-we-do\/"]}]},{"@type":"ImageObject","inLanguage":"fr-CA","@id":"https:\/\/being-initiative.org\/what-we-do\/#primaryimage","url":"https:\/\/being-initiative.org\/wp-content\/uploads\/2023\/05\/WhatWeDo_HowWereDoingIt.png","contentUrl":"https:\/\/being-initiative.org\/wp-content\/uploads\/2023\/05\/WhatWeDo_HowWereDoingIt.png","width":2785,"height":1726,"caption":"Illustration"},{"@type":"BreadcrumbList","@id":"https:\/\/being-initiative.org\/what-we-do\/#breadcrumb","itemListElement":[{"@type":"ListItem","position":1,"name":"Home","item":"https:\/\/being-initiative.org\/"},{"@type":"ListItem","position":2,"name":"What We Do"}]},{"@type":"WebSite","@id":"https:\/\/being-initiative.org\/#website","url":"https:\/\/being-initiative.org\/","name":"Being Initiative","description":"Innover pour le bien-\u00eatre des jeunes","publisher":{"@id":"https:\/\/being-initiative.org\/#organization"},"potentialAction":[{"@type":"SearchAction","target":{"@type":"EntryPoint","urlTemplate":"https:\/\/being-initiative.org\/?s={search_term_string}"},"query-input":{"@type":"PropertyValueSpecification","valueRequired":true,"valueName":"search_term_string"}}],"inLanguage":"fr-CA"},{"@type":"Organization","@id":"https:\/\/being-initiative.org\/#organization","name":"Being Initiative","url":"https:\/\/being-initiative.org\/","logo":{"@type":"ImageObject","inLanguage":"fr-CA","@id":"https:\/\/being-initiative.org\/#\/schema\/logo\/image\/","url":"https:\/\/being-initiative.org\/wp-content\/uploads\/2023\/03\/being-logo.png","contentUrl":"https:\/\/being-initiative.org\/wp-content\/uploads\/2023\/03\/being-logo.png","width":440,"height":136,"caption":"Being Initiative"},"image":{"@id":"https:\/\/being-initiative.org\/#\/schema\/logo\/image\/"},"sameAs":["https:\/\/www.facebook.com\/thebeinginitiative","https:\/\/x.com\/beinginitiative","https:\/\/www.linkedin.com\/company\/beinginitiative\/","https:\/\/www.instagram.com\/beinginitiative\/"]}]}},"_links":{"self":[{"href":"https:\/\/being-initiative.org\/fr\/wp-json\/wp\/v2\/pages\/309","targetHints":{"allow":["GET"]}}],"collection":[{"href":"https:\/\/being-initiative.org\/fr\/wp-json\/wp\/v2\/pages"}],"about":[{"href":"https:\/\/being-initiative.org\/fr\/wp-json\/wp\/v2\/types\/page"}],"author":[{"embeddable":true,"href":"https:\/\/being-initiative.org\/fr\/wp-json\/wp\/v2\/users\/1"}],"replies":[{"embeddable":true,"href":"https:\/\/being-initiative.org\/fr\/wp-json\/wp\/v2\/comments?post=309"}],"version-history":[{"count":0,"href":"https:\/\/being-initiative.org\/fr\/wp-json\/wp\/v2\/pages\/309\/revisions"}],"wp:featuredmedia":[{"embeddable":true,"href":"https:\/\/being-initiative.org\/fr\/wp-json\/wp\/v2\/media\/1386"}],"wp:attachment":[{"href":"https:\/\/being-initiative.org\/fr\/wp-json\/wp\/v2\/media?parent=309"}],"curies":[{"name":"wp","href":"https:\/\/api.w.org\/{rel}","templated":true}]}}