{"id":29,"date":"2021-07-30T17:53:16","date_gmt":"2021-07-30T17:53:16","guid":{"rendered":"https:\/\/being-initiative.org\/about-us-2\/"},"modified":"2025-07-15T11:01:54","modified_gmt":"2025-07-15T15:01:54","slug":"about","status":"publish","type":"page","link":"https:\/\/being-initiative.org\/fr\/about\/","title":{"rendered":"Qui nous sommes"},"content":{"rendered":"<div id=\"ql-bg-container-block_af9e2471c37669bdeef4260a773e0b06\" class=\"acf-block ql-bg-container bg-primary bg-dark\"><div class=\"ql-bg-container-inner\">\n\n<h2 class=\"wp-block-heading\" id=\"youthmentalhealthfacts\">Le D\u00e9fi<\/h2>\n\n\n\n<p>Les jeunes du monde entier sont confront\u00e9s \u00e0 des probl\u00e8mes de sant\u00e9 mentale de plus en plus nombreux, mais ils ne disposent souvent pas de syst\u00e8mes de soutien ad\u00e9quats.&nbsp;<strong>Selon les donn\u00e9es de l\u2019OMS :<\/strong><br><\/p>\n\n\n\n<div class=\"wp-block-columns is-layout-flex wp-container-core-columns-is-layout-9d6595d7 wp-block-columns-is-layout-flex\">\n<div class=\"wp-block-column is-layout-flow wp-block-column-is-layout-flow\">\n<h2 class=\"wp-block-heading has-text-align-left\" id=\"h-1-in-7\"><strong><mark style=\"background-color:rgba(0, 0, 0, 0)\" class=\"has-inline-color has-theme-white-color\">1 sur 7<\/mark><\/strong><\/h2>\n\n\n\n<p>On estime qu\u2019un jeune sur sept \u00e2g\u00e9 de 10 \u00e0 19 ans souffre de probl\u00e8mes de sant\u00e9 mentale, et le suicide est la quatri\u00e8me cause de d\u00e9c\u00e8s chez les 15-29 ans.<\/p>\n<\/div>\n\n\n\n<div class=\"wp-block-column is-layout-flow wp-block-column-is-layout-flow\">\n<h2 class=\"wp-block-heading\" id=\"h-75\"><strong><strong><mark style=\"background-color:rgba(0, 0, 0, 0)\" class=\"has-inline-color has-theme-white-color\">75%<\/mark><\/strong><\/strong><\/h2>\n\n\n\n<p><mark style=\"background-color:rgba(0, 0, 0, 0)\" class=\"has-inline-color has-theme-white-color\">Dans les pays \u00e0 revenu faible et interm\u00e9diaire, plus de 75 % des personnes atteintes de troubles mentaux ne re\u00e7oivent aucun traitement.<\/mark> <\/p>\n<\/div>\n\n\n\n<div class=\"wp-block-column is-layout-flow wp-block-column-is-layout-flow\">\n<h2 class=\"wp-block-heading\" id=\"h-6-trillion\"><strong><mark style=\"background-color:rgba(0, 0, 0, 0)\" class=\"has-inline-color has-theme-white-color\">6 000 milliards de dollars<\/mark><\/strong><\/h2>\n\n\n\n<p><mark style=\"background-color:rgba(0, 0, 0, 0)\" class=\"has-inline-color has-theme-creme-color\">Le co\u00fbt \u00e9conomique des probl\u00e8mes de sant\u00e9 mentale devrait atteindre 6 000 milliards de dollars dans le monde d\u2019ici 2030.<mark style=\"background-color:rgba(0, 0, 0, 0)\" class=\"has-inline-color has-theme-white-color\"> already among the leading causes of illness and disability in youth today.<\/mark><br><\/mark><\/p>\n<\/div>\n<\/div>\n\n\n\n<h4 class=\"wp-block-heading\" id=\"h-more-facts-on-global-youth-mental-health\">Plus d'informations sur la sant\u00e9 mentale des jeunes dans le monde :<\/h4>\n\n\n\n<ul class=\"wp-block-list\">\n<li><mark style=\"background-color:rgba(0, 0, 0, 0)\" class=\"has-inline-color has-theme-white-color\">3 out of 4 (<\/mark><a href=\"https:\/\/www.nature.com\/articles\/s41380-021-01161-7\"><mark style=\"background-color:rgba(0, 0, 0, 0)\" class=\"has-inline-color has-theme-white-color\">75%<\/mark><\/a><mark style=\"background-color:rgba(0, 0, 0, 0)\" class=\"has-inline-color has-theme-white-color\">) people with mental health conditions develop them before they turn 24.<\/mark><\/li>\n\n\n\n<li><mark style=\"background-color:rgba(0, 0, 0, 0)\" class=\"has-inline-color has-theme-white-color\">Dans les pays \u00e0 revenu faible et interm\u00e9diaire (PRFI), <a href=\"https:\/\/pubmed.ncbi.nlm.nih.gov\/20975864\/\" target=\"_blank\" rel=\"noreferrer noopener\"><span style=\"text-decoration: underline;\">jusqu'\u00e0 90 %<\/span><\/a> des besoins des jeunes en sant\u00e9 mentale ne sont pas satisfaits \u00e0 cause d\u2019un manque de ressources.<\/mark><\/li>\n\n\n\n<li><mark style=\"background-color:rgba(0, 0, 0, 0)\" class=\"has-inline-color has-theme-white-color\">Malgr\u00e9 les besoins croissants, <a href=\"https:\/\/www.who.int\/news\/item\/08-10-2021-who-report-highlights-global-shortfall-in-investment-in-mental-health\" target=\"_blank\" rel=\"noreferrer noopener\"><span style=\"text-decoration: underline;\">les budgets nationaux de sant\u00e9 n'allouent que 2 % \u00e0 la sant\u00e9 mentale<\/span><\/a>.<\/mark><\/li>\n\n\n\n<li><mark style=\"background-color:rgba(0, 0, 0, 0)\" class=\"has-inline-color has-theme-white-color\"><a href=\"https:\/\/digitalscience.figshare.com\/articles\/report\/The_Inequities_of_Mental_Health_Research_IAMHRF_\/13055897\" target=\"_blank\" rel=\"noreferrer noopener\"><span style=\"text-decoration: underline;\">Seulement 2,4 % du financement de la recherche en sant\u00e9 mentale<\/span><\/a> est d\u00e9pens\u00e9 dans les PRFI et <a href=\"https:\/\/digitalscience.figshare.com\/articles\/report\/The_Inequities_of_Mental_Health_Research_IAMHRF_\/13055897\" target=\"_blank\" rel=\"noreferrer noopener\"><span style=\"text-decoration: underline;\">seulement 7 %<\/span><\/a> va \u00e0 la recherche sur la pr\u00e9vention et le traitement.<\/mark><\/li>\n<\/ul>\n\n\n\n<p><mark style=\"background-color:rgba(0, 0, 0, 0)\" class=\"has-inline-color has-theme-white-color\">Les jeunes \u00e9prouvant des troubles de sant\u00e9 mentale sont vuln\u00e9rables \u00e0 <a href=\"https:\/\/www.who.int\/news-room\/fact-sheets\/detail\/adolescent-mental-health\" target=\"_blank\" rel=\"noreferrer noopener\"><span style=\"text-decoration: underline;\">l\u2019exclusion sociale, \u00e0 la discrimination, \u00e0 la stigmatisation et aux probl\u00e8mes de sant\u00e9 physique<\/span><\/a>. En se concentrant sur la pr\u00e9vention et la promotion plut\u00f4t que sur le traitement, Being s\u2019attaque aux causes profondes des probl\u00e8mes de sant\u00e9 mentale avant qu\u2019ils ne d\u00e9g\u00e9n\u00e8rent.&nbsp;<strong>Being prioritizes underserved youth in urban and peri-urban settings, recognizing that&nbsp;early intervention is crucial for lifelong wellbeing.<\/strong><br><br><\/mark><\/p>\n\n\n<div id=\"ql-button-block_7730559ab391cf80830d38505fd8973f\" class=\"acf-block ql-button button-left\"><a class=\"ql-button-link\" href=\"https:\/\/being-initiative.org\/fr\/what-we-do\/\" target=\"_self\">En savoir plus sur ce que nous faisons !<\/a><\/div>\n<\/div><\/div>\n\n<div id=\"vision\" class=\"acf-block ql-bg-container bg-white\"><div class=\"ql-bg-container-inner\">\n<div class=\"wp-block-image\">\n<figure class=\"alignright size-large is-resized\"><img loading=\"lazy\" decoding=\"async\" width=\"1024\" height=\"1024\" src=\"https:\/\/being-initiative.org\/wp-content\/uploads\/2023\/12\/Un-monde-ou-les-jeunes-se-sentent-bien-et-sepanouissent.png\" alt=\"Being envisions a world where young people feel well and thrive.\" class=\"wp-image-1915\" style=\"width:412px;height:auto\" srcset=\"https:\/\/being-initiative.org\/wp-content\/uploads\/2023\/12\/Un-monde-ou-les-jeunes-se-sentent-bien-et-sepanouissent.png 1080w, https:\/\/being-initiative.org\/wp-content\/uploads\/2023\/12\/Un-monde-ou-les-jeunes-se-sentent-bien-et-sepanouissent-500x500.png 500w, https:\/\/being-initiative.org\/wp-content\/uploads\/2023\/12\/Un-monde-ou-les-jeunes-se-sentent-bien-et-sepanouissent-1024x1024.png 1024w, https:\/\/being-initiative.org\/wp-content\/uploads\/2023\/12\/Un-monde-ou-les-jeunes-se-sentent-bien-et-sepanouissent-150x150.png 150w, https:\/\/being-initiative.org\/wp-content\/uploads\/2023\/12\/Un-monde-ou-les-jeunes-se-sentent-bien-et-sepanouissent-768x768.png 768w, https:\/\/being-initiative.org\/wp-content\/uploads\/2023\/12\/Un-monde-ou-les-jeunes-se-sentent-bien-et-sepanouissent-12x12.png 12w, https:\/\/being-initiative.org\/wp-content\/uploads\/2023\/12\/Un-monde-ou-les-jeunes-se-sentent-bien-et-sepanouissent-75x75.png 75w\" sizes=\"auto, (max-width: 1024px) 100vw, 1024px\" \/><\/figure>\n<\/div>\n\n\n<h2 class=\"wp-block-heading has-theme-white-color has-text-color\" id=\"h-our-vision\"><mark style=\"background-color:rgba(0, 0, 0, 0)\" class=\"has-inline-color has-theme-primary-color\">Notre vision<\/mark><\/h2>\n\n\n\n<p>Being envisage <strong>un monde o\u00f9 les jeunes se sentent bien et s\u2019\u00e9panouissent.<\/strong><\/p>\n\n\n\n<p>Nous travaillons avec les jeunes pour am\u00e9liorer leur sant\u00e9 mentale et leur bien-\u00eatre gr\u00e2ce \u00e0 la recherche, l\u2019innovation, et la cr\u00e9ation d\u2019\u00e9cosyst\u00e8mes, en mettant l\u2019accent sur la pr\u00e9vention et la promotion, dans 12 pays prioritaires : <strong>Colombie, \u00c9quateur, Ghana, Inde, Indon\u00e9sie, Maroc, Pakistan, Roumanie, S\u00e9n\u00e9gal, Sierra Leone, Tanzanie et Vietnam.<\/strong><\/p>\n\n\n\n<p>Les jeunes sont au c\u0153ur de notre travail. Depuis le d\u00e9but, nous avons cherch\u00e9 \u00e0 engager avec eux en tant que partenaires dans un <strong>collaboratif, fond\u00e9 sur les droits, participatif et inclusif,<\/strong> et \u00e0 mettre leurs voix et leurs besoins au centre de tout ce que nous faisons.<\/p>\n\n<\/div><\/div>\n\n<div id=\"ql-call-to-action-block_2e1e4b3eb2cd785792f4aae484d22160\" class=\"align-full no-pad acf-block ql-call-to-action image-contain\" style=\"margin-top:20px;margin-bottom:40px;\"><div class=\"column column-text bg-creme\" style=\"flex-basis:50%\"><div class=\"column-text-wrap\">\n\n<h2 class=\"wp-block-heading\" id=\"h-who-we-are\">Qui nous sommes<\/h2>\n\n\n\n<h4 class=\"wp-block-heading\" id=\"h-team\">L'\u00e9quipe<\/h4>\n\n\n\n<p>L'\u00e9quipe op\u00e9rationnelle de Being est h\u00e9berg\u00e9e par <a href=\"https:\/\/www.grandchallenges.ca\/fr-ca\/\" target=\"_blank\" rel=\"noreferrer noopener\">Grands D\u00e9fis Canada<\/a> (GCC). <\/p>\n\n\n<div id=\"ql-button-block_42983edc7f0730dfa2a6e989a67f3678\" class=\"acf-block ql-button button-left\"><a class=\"ql-button-link\" href=\"https:\/\/www.grandchallenges.ca\/about-us\/leadership-team\/\" target=\"_self\">En savoir plus sur notre \u00e9quipe de GDC !<\/a><\/div>\n\n\n<h4 class=\"wp-block-heading\" id=\"h-partners\">Nos partenaires<\/h4>\n\n\n\n<p>Nous fonctionnons \u00e9galement comme une initiative collaborative avec de multiples partenaires, notamment&nbsp;<a href=\"https:\/\/www.fondationbotnar.org\/\">Fondation Botnar<\/a>, le <a href=\"https:\/\/www.nihr.ac.uk\/\" target=\"_blank\" rel=\"noreferrer noopener\">National Institute for Health and Care Research<\/a> (NIHR), <a href=\"https:\/\/orygen.org.au\/\" target=\"_blank\" rel=\"noreferrer noopener\">Orygen<\/a>, le <a href=\"https:\/\/scienceforafrica.foundation\/\" target=\"_blank\" rel=\"noreferrer noopener\">Science for Africa Foundation, <\/a>et <a href=\"https:\/\/unitedgmh.org\/\" target=\"_blank\" rel=\"noreferrer noopener\">United for Global Mental Health<\/a>.<\/p>\n\n\n<div id=\"ql-button-block_a6fc8c32da7a015b3dbe4325b75add3b\" class=\"acf-block ql-button button-left\"><a class=\"ql-button-link\" href=\"https:\/\/being-initiative.org\/fr\/partners\/\" target=\"_self\">en savoir plus sur nos partenaires !<\/a><\/div>\n\n\n<h4 class=\"wp-block-heading\" id=\"h-council-and-advisors\">Conseil et conseillers<\/h4>\n\n\n\n<p>Avec nos partenaires, l'initiative est \u00e9galement aliment\u00e9e par un <a href=\"https:\/\/being-initiative.org\/fr\/council\/\">Conseil<\/a> et&nbsp;<a href=\"https:\/\/being-initiative.org\/fr\/advisory-groups\/\">des conseillers jeunesse ayant une exp\u00e9rience v\u00e9cue<\/a>.<\/p>\n\n\n<div id=\"ql-button-block_89f5b326cc006d5d20ebf18154cdafed\" class=\"acf-block ql-button button-left\"><a class=\"ql-button-link\" href=\"https:\/\/being-initiative.org\/fr\/advisory-groups\/\" target=\"_self\">en savoir plus sur les groupes consultatifs !<\/a><\/div>\n<\/div><\/div><div class=\"column column-image\" style=\"flex-basis:50%\"><img loading=\"lazy\" decoding=\"async\" width=\"7604\" height=\"4327\" src=\"https:\/\/being-initiative.org\/wp-content\/uploads\/2023\/12\/Partnership-diagram-French.png\" class=\"attachment-full size-full\" alt=\"Our partnerships include our host organization, Grand Challenges Canada, funding partners, implementation partners, and advisors.\" srcset=\"https:\/\/being-initiative.org\/wp-content\/uploads\/2023\/12\/Partnership-diagram-French.png 7604w, https:\/\/being-initiative.org\/wp-content\/uploads\/2023\/12\/Partnership-diagram-French-500x284.png 500w, https:\/\/being-initiative.org\/wp-content\/uploads\/2023\/12\/Partnership-diagram-French-1024x582.png 1024w, https:\/\/being-initiative.org\/wp-content\/uploads\/2023\/12\/Partnership-diagram-French-768x437.png 768w, https:\/\/being-initiative.org\/wp-content\/uploads\/2023\/12\/Partnership-diagram-French-1536x873.png 1536w, https:\/\/being-initiative.org\/wp-content\/uploads\/2023\/12\/Partnership-diagram-French-2048x1164.png 2048w, https:\/\/being-initiative.org\/wp-content\/uploads\/2023\/12\/Partnership-diagram-French-18x10.png 18w\" sizes=\"auto, (max-width: 7604px) 100vw, 7604px\" \/><\/div><\/div>\n\n<div id=\"ql-call-to-action-block_dbf576b4a7b2a7fd769ea73d9b2ef8c8\" class=\"acf-block ql-call-to-action column-reverse image-contain\"><div class=\"column column-text bg-primary bg-dark\" style=\"flex-basis:50%\"><div class=\"column-text-wrap\">\n\n<h2 class=\"wp-block-heading\" id=\"h-join-us\">Rejoignez-nous !<\/h2>\n\n\n\n<p><strong>Saviez-vous? <\/strong>Nous sommes activement \u00e0 la recherche de nouveaux partenaires financiers pour nous aider \u00e0 transformer la sant\u00e9 mentale des jeunes partout dans le monde! <\/p>\n\n\n<div id=\"ql-button-block_df5cd7ad130b5f83c8a7bba8d8827943\" class=\"acf-block ql-button button-left\"><a class=\"ql-button-link\" href=\"https:\/\/being-initiative.org\/fr\/contact\/\" target=\"_self\">Contactez-nous pour en savoir plus !<\/a><\/div>\n<\/div><\/div><div class=\"column column-image\" style=\"flex-basis:50%\"><img loading=\"lazy\" decoding=\"async\" width=\"2638\" height=\"1960\" src=\"https:\/\/being-initiative.org\/wp-content\/uploads\/2023\/05\/FundingOpps_Partners.png\" class=\"attachment-full size-full\" alt=\"Illustration\" srcset=\"https:\/\/being-initiative.org\/wp-content\/uploads\/2023\/05\/FundingOpps_Partners.png 2638w, https:\/\/being-initiative.org\/wp-content\/uploads\/2023\/05\/FundingOpps_Partners-500x371.png 500w, https:\/\/being-initiative.org\/wp-content\/uploads\/2023\/05\/FundingOpps_Partners-1024x761.png 1024w, https:\/\/being-initiative.org\/wp-content\/uploads\/2023\/05\/FundingOpps_Partners-768x571.png 768w, https:\/\/being-initiative.org\/wp-content\/uploads\/2023\/05\/FundingOpps_Partners-1536x1141.png 1536w, https:\/\/being-initiative.org\/wp-content\/uploads\/2023\/05\/FundingOpps_Partners-2048x1522.png 2048w, https:\/\/being-initiative.org\/wp-content\/uploads\/2023\/05\/FundingOpps_Partners-16x12.png 16w\" sizes=\"auto, (max-width: 2638px) 100vw, 2638px\" \/><\/div><\/div>\n\n\n<p><\/p>","protected":false},"excerpt":{"rendered":"","protected":false},"author":1,"featured_media":1382,"parent":0,"menu_order":0,"comment_status":"closed","ping_status":"closed","template":"","meta":{"_acf_changed":true,"_genesis_hide_title":false,"_genesis_hide_breadcrumbs":false,"_genesis_hide_singular_image":true,"_genesis_hide_footer_widgets":false,"_genesis_custom_body_class":"","_genesis_custom_post_class":"","_genesis_layout":"full-width-content","footnotes":""},"class_list":{"0":"post-29","1":"page","2":"type-page","3":"status-publish","4":"has-post-thumbnail","6":"entry"},"acf":[],"yoast_head":"<!-- This site is optimized with the Yoast SEO Premium plugin v27.1 (Yoast SEO v27.1.1) - https:\/\/yoast.com\/product\/yoast-seo-premium-wordpress\/ -->\n<title>Addressing Mental Health Challenges - Being | Grand Challenges Canada<\/title>\n<meta name=\"description\" content=\"Discover why we&#039;re addressing youth mental health challenges, our vision and learn about our partnerships!\" \/>\n<meta name=\"robots\" content=\"index, follow, max-snippet:-1, max-image-preview:large, max-video-preview:-1\" \/>\n<link rel=\"canonical\" href=\"https:\/\/being-initiative.org\/fr\/about\/\" \/>\n<meta property=\"og:locale\" content=\"fr_CA\" \/>\n<meta property=\"og:type\" content=\"article\" \/>\n<meta property=\"og:title\" content=\"Who We Are\" \/>\n<meta property=\"og:description\" content=\"Discover why we&#039;re addressing youth mental health challenges, our vision and learn about our partnerships!\" \/>\n<meta property=\"og:url\" content=\"https:\/\/being-initiative.org\/fr\/about\/\" \/>\n<meta property=\"og:site_name\" content=\"Being | Grand Challenges Canada\" \/>\n<meta property=\"article:publisher\" content=\"https:\/\/www.facebook.com\/thebeinginitiative\" \/>\n<meta property=\"article:modified_time\" content=\"2025-07-15T15:01:54+00:00\" \/>\n<meta property=\"og:image\" content=\"https:\/\/being-initiative.org\/wp-content\/uploads\/2023\/05\/WhoWeAre_Hero.png\" \/>\n\t<meta property=\"og:image:width\" content=\"2444\" \/>\n\t<meta property=\"og:image:height\" content=\"1384\" \/>\n\t<meta property=\"og:image:type\" content=\"image\/png\" \/>\n<meta name=\"twitter:card\" content=\"summary_large_image\" \/>\n<meta name=\"twitter:site\" content=\"@beinginitiative\" \/>\n<meta name=\"twitter:label1\" content=\"Estimation du temps de lecture\" \/>\n\t<meta name=\"twitter:data1\" content=\"3 minutes\" \/>\n<script type=\"application\/ld+json\" class=\"yoast-schema-graph\">{\"@context\":\"https:\/\/schema.org\",\"@graph\":[{\"@type\":\"WebPage\",\"@id\":\"https:\/\/being-initiative.org\/about\/\",\"url\":\"https:\/\/being-initiative.org\/about\/\",\"name\":\"Addressing Mental Health Challenges - Being | Grand Challenges Canada\",\"isPartOf\":{\"@id\":\"https:\/\/being-initiative.org\/#website\"},\"primaryImageOfPage\":{\"@id\":\"https:\/\/being-initiative.org\/about\/#primaryimage\"},\"image\":{\"@id\":\"https:\/\/being-initiative.org\/about\/#primaryimage\"},\"thumbnailUrl\":\"https:\/\/being-initiative.org\/wp-content\/uploads\/2023\/05\/WhoWeAre_Hero.png\",\"datePublished\":\"2021-07-30T17:53:16+00:00\",\"dateModified\":\"2025-07-15T15:01:54+00:00\",\"description\":\"Discover why we're addressing youth mental health challenges, our vision and learn about our partnerships!\",\"breadcrumb\":{\"@id\":\"https:\/\/being-initiative.org\/about\/#breadcrumb\"},\"inLanguage\":\"fr-CA\",\"potentialAction\":[{\"@type\":\"ReadAction\",\"target\":[\"https:\/\/being-initiative.org\/about\/\"]}]},{\"@type\":\"ImageObject\",\"inLanguage\":\"fr-CA\",\"@id\":\"https:\/\/being-initiative.org\/about\/#primaryimage\",\"url\":\"https:\/\/being-initiative.org\/wp-content\/uploads\/2023\/05\/WhoWeAre_Hero.png\",\"contentUrl\":\"https:\/\/being-initiative.org\/wp-content\/uploads\/2023\/05\/WhoWeAre_Hero.png\",\"width\":2444,\"height\":1384,\"caption\":\"Illustration\"},{\"@type\":\"BreadcrumbList\",\"@id\":\"https:\/\/being-initiative.org\/about\/#breadcrumb\",\"itemListElement\":[{\"@type\":\"ListItem\",\"position\":1,\"name\":\"Home\",\"item\":\"https:\/\/being-initiative.org\/\"},{\"@type\":\"ListItem\",\"position\":2,\"name\":\"Who We Are\"}]},{\"@type\":\"WebSite\",\"@id\":\"https:\/\/being-initiative.org\/#website\",\"url\":\"https:\/\/being-initiative.org\/\",\"name\":\"Being Initiative\",\"description\":\"Innovating for young people\u2019s wellbeing\",\"publisher\":{\"@id\":\"https:\/\/being-initiative.org\/#organization\"},\"potentialAction\":[{\"@type\":\"SearchAction\",\"target\":{\"@type\":\"EntryPoint\",\"urlTemplate\":\"https:\/\/being-initiative.org\/?s={search_term_string}\"},\"query-input\":{\"@type\":\"PropertyValueSpecification\",\"valueRequired\":true,\"valueName\":\"search_term_string\"}}],\"inLanguage\":\"fr-CA\"},{\"@type\":\"Organization\",\"@id\":\"https:\/\/being-initiative.org\/#organization\",\"name\":\"Being Initiative\",\"url\":\"https:\/\/being-initiative.org\/\",\"logo\":{\"@type\":\"ImageObject\",\"inLanguage\":\"fr-CA\",\"@id\":\"https:\/\/being-initiative.org\/#\/schema\/logo\/image\/\",\"url\":\"https:\/\/being-initiative.org\/wp-content\/uploads\/2023\/03\/being-logo.png\",\"contentUrl\":\"https:\/\/being-initiative.org\/wp-content\/uploads\/2023\/03\/being-logo.png\",\"width\":440,\"height\":136,\"caption\":\"Being Initiative\"},\"image\":{\"@id\":\"https:\/\/being-initiative.org\/#\/schema\/logo\/image\/\"},\"sameAs\":[\"https:\/\/www.facebook.com\/thebeinginitiative\",\"https:\/\/x.com\/beinginitiative\",\"https:\/\/www.linkedin.com\/company\/beinginitiative\/\",\"https:\/\/www.instagram.com\/beinginitiative\/\"]}]}<\/script>\n<!-- \/ Yoast SEO Premium plugin. -->","yoast_head_json":{"title":"Addressing Mental Health Challenges - Being | Grand Challenges Canada","description":"Discover why we're addressing youth mental health challenges, our vision and learn about our partnerships!","robots":{"index":"index","follow":"follow","max-snippet":"max-snippet:-1","max-image-preview":"max-image-preview:large","max-video-preview":"max-video-preview:-1"},"canonical":"https:\/\/being-initiative.org\/fr\/about\/","og_locale":"fr_CA","og_type":"article","og_title":"Who We Are","og_description":"Discover why we're addressing youth mental health challenges, our vision and learn about our partnerships!","og_url":"https:\/\/being-initiative.org\/fr\/about\/","og_site_name":"Being | Grand Challenges Canada","article_publisher":"https:\/\/www.facebook.com\/thebeinginitiative","article_modified_time":"2025-07-15T15:01:54+00:00","og_image":[{"width":2444,"height":1384,"url":"https:\/\/being-initiative.org\/wp-content\/uploads\/2023\/05\/WhoWeAre_Hero.png","type":"image\/png"}],"twitter_card":"summary_large_image","twitter_site":"@beinginitiative","twitter_misc":{"Estimation du temps de lecture":"3 minutes"},"schema":{"@context":"https:\/\/schema.org","@graph":[{"@type":"WebPage","@id":"https:\/\/being-initiative.org\/about\/","url":"https:\/\/being-initiative.org\/about\/","name":"Addressing Mental Health Challenges - Being | Grand Challenges Canada","isPartOf":{"@id":"https:\/\/being-initiative.org\/#website"},"primaryImageOfPage":{"@id":"https:\/\/being-initiative.org\/about\/#primaryimage"},"image":{"@id":"https:\/\/being-initiative.org\/about\/#primaryimage"},"thumbnailUrl":"https:\/\/being-initiative.org\/wp-content\/uploads\/2023\/05\/WhoWeAre_Hero.png","datePublished":"2021-07-30T17:53:16+00:00","dateModified":"2025-07-15T15:01:54+00:00","description":"Discover why we're addressing youth mental health challenges, our vision and learn about our partnerships!","breadcrumb":{"@id":"https:\/\/being-initiative.org\/about\/#breadcrumb"},"inLanguage":"fr-CA","potentialAction":[{"@type":"ReadAction","target":["https:\/\/being-initiative.org\/about\/"]}]},{"@type":"ImageObject","inLanguage":"fr-CA","@id":"https:\/\/being-initiative.org\/about\/#primaryimage","url":"https:\/\/being-initiative.org\/wp-content\/uploads\/2023\/05\/WhoWeAre_Hero.png","contentUrl":"https:\/\/being-initiative.org\/wp-content\/uploads\/2023\/05\/WhoWeAre_Hero.png","width":2444,"height":1384,"caption":"Illustration"},{"@type":"BreadcrumbList","@id":"https:\/\/being-initiative.org\/about\/#breadcrumb","itemListElement":[{"@type":"ListItem","position":1,"name":"Home","item":"https:\/\/being-initiative.org\/"},{"@type":"ListItem","position":2,"name":"Who We Are"}]},{"@type":"WebSite","@id":"https:\/\/being-initiative.org\/#website","url":"https:\/\/being-initiative.org\/","name":"Being Initiative","description":"Innover pour le bien-\u00eatre des jeunes","publisher":{"@id":"https:\/\/being-initiative.org\/#organization"},"potentialAction":[{"@type":"SearchAction","target":{"@type":"EntryPoint","urlTemplate":"https:\/\/being-initiative.org\/?s={search_term_string}"},"query-input":{"@type":"PropertyValueSpecification","valueRequired":true,"valueName":"search_term_string"}}],"inLanguage":"fr-CA"},{"@type":"Organization","@id":"https:\/\/being-initiative.org\/#organization","name":"Being Initiative","url":"https:\/\/being-initiative.org\/","logo":{"@type":"ImageObject","inLanguage":"fr-CA","@id":"https:\/\/being-initiative.org\/#\/schema\/logo\/image\/","url":"https:\/\/being-initiative.org\/wp-content\/uploads\/2023\/03\/being-logo.png","contentUrl":"https:\/\/being-initiative.org\/wp-content\/uploads\/2023\/03\/being-logo.png","width":440,"height":136,"caption":"Being Initiative"},"image":{"@id":"https:\/\/being-initiative.org\/#\/schema\/logo\/image\/"},"sameAs":["https:\/\/www.facebook.com\/thebeinginitiative","https:\/\/x.com\/beinginitiative","https:\/\/www.linkedin.com\/company\/beinginitiative\/","https:\/\/www.instagram.com\/beinginitiative\/"]}]}},"_links":{"self":[{"href":"https:\/\/being-initiative.org\/fr\/wp-json\/wp\/v2\/pages\/29","targetHints":{"allow":["GET"]}}],"collection":[{"href":"https:\/\/being-initiative.org\/fr\/wp-json\/wp\/v2\/pages"}],"about":[{"href":"https:\/\/being-initiative.org\/fr\/wp-json\/wp\/v2\/types\/page"}],"author":[{"embeddable":true,"href":"https:\/\/being-initiative.org\/fr\/wp-json\/wp\/v2\/users\/1"}],"replies":[{"embeddable":true,"href":"https:\/\/being-initiative.org\/fr\/wp-json\/wp\/v2\/comments?post=29"}],"version-history":[{"count":0,"href":"https:\/\/being-initiative.org\/fr\/wp-json\/wp\/v2\/pages\/29\/revisions"}],"wp:featuredmedia":[{"embeddable":true,"href":"https:\/\/being-initiative.org\/fr\/wp-json\/wp\/v2\/media\/1382"}],"wp:attachment":[{"href":"https:\/\/being-initiative.org\/fr\/wp-json\/wp\/v2\/media?parent=29"}],"curies":[{"name":"wp","href":"https:\/\/api.w.org\/{rel}","templated":true}]}}