{"id":2502,"date":"2025-05-05T21:01:28","date_gmt":"2025-05-05T21:01:28","guid":{"rendered":"https:\/\/being-initiative.org\/?page_id=2502"},"modified":"2025-07-15T11:04:09","modified_gmt":"2025-07-15T15:04:09","slug":"innovator-resources","status":"publish","type":"page","link":"https:\/\/being-initiative.org\/fr\/innovator-resources\/","title":{"rendered":"Ressources pour innovateurs"},"content":{"rendered":"<div style=\"height:87px\" aria-hidden=\"true\" class=\"wp-block-spacer\"><\/div>\n\n\n<div id=\"ql-call-to-action-block_51323a33c6e43c246e6df2565710caf7\" class=\"align-full no-pad acf-block ql-call-to-action image-cover\"><div class=\"column column-text bg-primary bg-dark\" style=\"flex-basis:50%\"><div class=\"column-text-wrap\">\n\n<h2 class=\"wp-block-heading\" id=\"h-resources-for-funded-organizations\">Ressources pour les organisations financ\u00e9es<\/h2>\n\n\n\n<p>Vous trouverez des ressources et des documents utiles pour les organismes financ\u00e9s (innovateurs et b\u00e9n\u00e9ficiaires d'une subvention de catalyseur d'\u00e9cosyst\u00e8me) sur le <a href=\"https:\/\/www.grandchallenges.ca\/fr\/innovateurs\/\" target=\"_blank\" rel=\"noreferrer noopener\">site Web de Grands D\u00e9fis Canada<\/a>, notamment : <\/p>\n\n\n\n<ul class=\"wp-block-list\">\n<li>Politiques<\/li>\n\n\n\n<li>Directives relatives aux co\u00fbts<\/li>\n\n\n\n<li>Conseils pour Fluxx et le suivi et l'\u00e9valuation<\/li>\n\n\n\n<li>Notre formulaire de consentement et d'autorisation des m\u00e9dias<\/li>\n\n\n\n<li>Exigences en mati\u00e8re de libre acc\u00e8s<\/li>\n<\/ul>\n\n\n<div id=\"ql-button-block_084d41d89b85d490ba032b3fd6312b20\" class=\"acf-block ql-button button-left\"><a class=\"ql-button-link\" href=\"https:\/\/www.grandchallenges.ca\/fr\/innovateurs\/\" target=\"_self\">Ressources pour les organisations financ\u00e9es<\/a><\/div>\n<\/div><\/div><div class=\"column column-image\" style=\"flex-basis:50%\"><img loading=\"lazy\" decoding=\"async\" width=\"900\" height=\"580\" src=\"https:\/\/being-initiative.org\/wp-content\/uploads\/2024\/12\/iStock-1463434964-900x580.jpg\" class=\"attachment-genesis-singular-images size-genesis-singular-images\" alt=\"\" srcset=\"https:\/\/being-initiative.org\/wp-content\/uploads\/2024\/12\/iStock-1463434964-900x580.jpg 900w, https:\/\/being-initiative.org\/wp-content\/uploads\/2024\/12\/iStock-1463434964-18x12.jpg 18w\" sizes=\"auto, (max-width: 900px) 100vw, 900px\" \/><\/div><\/div>\n\n\n<h2 class=\"wp-block-heading\" id=\"h-\"><br><\/h2>","protected":false},"excerpt":{"rendered":"","protected":false},"author":3,"featured_media":1941,"parent":0,"menu_order":0,"comment_status":"closed","ping_status":"closed","template":"","meta":{"_acf_changed":true,"_genesis_hide_title":false,"_genesis_hide_breadcrumbs":false,"_genesis_hide_singular_image":false,"_genesis_hide_footer_widgets":false,"_genesis_custom_body_class":"","_genesis_custom_post_class":"","_genesis_layout":"","footnotes":""},"class_list":{"0":"post-2502","1":"page","2":"type-page","3":"status-publish","4":"has-post-thumbnail","6":"entry"},"acf":[],"yoast_head":"<!-- This site is optimized with the Yoast SEO Premium plugin v27.1 (Yoast SEO v27.1.1) - https:\/\/yoast.com\/product\/yoast-seo-premium-wordpress\/ -->\n<title>Innovator Resources - Being | Grand Challenges Canada<\/title>\n<meta name=\"robots\" content=\"index, follow, max-snippet:-1, max-image-preview:large, max-video-preview:-1\" \/>\n<link rel=\"canonical\" href=\"https:\/\/being-initiative.org\/fr\/innovator-resources\/\" \/>\n<meta property=\"og:locale\" content=\"fr_CA\" \/>\n<meta property=\"og:type\" content=\"article\" \/>\n<meta property=\"og:title\" content=\"Innovator Resources\" \/>\n<meta property=\"og:url\" content=\"https:\/\/being-initiative.org\/fr\/innovator-resources\/\" \/>\n<meta property=\"og:site_name\" content=\"Being | Grand Challenges Canada\" \/>\n<meta property=\"article:publisher\" content=\"https:\/\/www.facebook.com\/thebeinginitiative\" \/>\n<meta property=\"article:modified_time\" content=\"2025-07-15T15:04:09+00:00\" \/>\n<meta property=\"og:image\" content=\"https:\/\/being-initiative.org\/wp-content\/uploads\/2024\/02\/Being-IG-Our-Approach-Instagram-Post-Square-1-e1708727090313.png\" \/>\n\t<meta property=\"og:image:width\" content=\"1575\" \/>\n\t<meta property=\"og:image:height\" content=\"1575\" \/>\n\t<meta property=\"og:image:type\" content=\"image\/png\" \/>\n<meta name=\"twitter:card\" content=\"summary_large_image\" \/>\n<meta name=\"twitter:site\" content=\"@beinginitiative\" \/>\n<meta name=\"twitter:label1\" content=\"Estimation du temps de lecture\" \/>\n\t<meta name=\"twitter:data1\" content=\"1 minute\" \/>\n<script type=\"application\/ld+json\" class=\"yoast-schema-graph\">{\"@context\":\"https:\/\/schema.org\",\"@graph\":[{\"@type\":\"WebPage\",\"@id\":\"https:\/\/being-initiative.org\/innovator-resources\/\",\"url\":\"https:\/\/being-initiative.org\/innovator-resources\/\",\"name\":\"Innovator Resources - Being | Grand Challenges Canada\",\"isPartOf\":{\"@id\":\"https:\/\/being-initiative.org\/#website\"},\"primaryImageOfPage\":{\"@id\":\"https:\/\/being-initiative.org\/innovator-resources\/#primaryimage\"},\"image\":{\"@id\":\"https:\/\/being-initiative.org\/innovator-resources\/#primaryimage\"},\"thumbnailUrl\":\"https:\/\/being-initiative.org\/wp-content\/uploads\/2024\/02\/Being-IG-Our-Approach-Instagram-Post-Square-1-e1708727090313.png\",\"datePublished\":\"2025-05-05T21:01:28+00:00\",\"dateModified\":\"2025-07-15T15:04:09+00:00\",\"breadcrumb\":{\"@id\":\"https:\/\/being-initiative.org\/innovator-resources\/#breadcrumb\"},\"inLanguage\":\"fr-CA\",\"potentialAction\":[{\"@type\":\"ReadAction\",\"target\":[\"https:\/\/being-initiative.org\/innovator-resources\/\"]}]},{\"@type\":\"ImageObject\",\"inLanguage\":\"fr-CA\",\"@id\":\"https:\/\/being-initiative.org\/innovator-resources\/#primaryimage\",\"url\":\"https:\/\/being-initiative.org\/wp-content\/uploads\/2024\/02\/Being-IG-Our-Approach-Instagram-Post-Square-1-e1708727090313.png\",\"contentUrl\":\"https:\/\/being-initiative.org\/wp-content\/uploads\/2024\/02\/Being-IG-Our-Approach-Instagram-Post-Square-1-e1708727090313.png\",\"width\":1575,\"height\":1575},{\"@type\":\"BreadcrumbList\",\"@id\":\"https:\/\/being-initiative.org\/innovator-resources\/#breadcrumb\",\"itemListElement\":[{\"@type\":\"ListItem\",\"position\":1,\"name\":\"Home\",\"item\":\"https:\/\/being-initiative.org\/\"},{\"@type\":\"ListItem\",\"position\":2,\"name\":\"Innovator Resources\"}]},{\"@type\":\"WebSite\",\"@id\":\"https:\/\/being-initiative.org\/#website\",\"url\":\"https:\/\/being-initiative.org\/\",\"name\":\"Being Initiative\",\"description\":\"Innovating for young people\u2019s wellbeing\",\"publisher\":{\"@id\":\"https:\/\/being-initiative.org\/#organization\"},\"potentialAction\":[{\"@type\":\"SearchAction\",\"target\":{\"@type\":\"EntryPoint\",\"urlTemplate\":\"https:\/\/being-initiative.org\/?s={search_term_string}\"},\"query-input\":{\"@type\":\"PropertyValueSpecification\",\"valueRequired\":true,\"valueName\":\"search_term_string\"}}],\"inLanguage\":\"fr-CA\"},{\"@type\":\"Organization\",\"@id\":\"https:\/\/being-initiative.org\/#organization\",\"name\":\"Being Initiative\",\"url\":\"https:\/\/being-initiative.org\/\",\"logo\":{\"@type\":\"ImageObject\",\"inLanguage\":\"fr-CA\",\"@id\":\"https:\/\/being-initiative.org\/#\/schema\/logo\/image\/\",\"url\":\"https:\/\/being-initiative.org\/wp-content\/uploads\/2023\/03\/being-logo.png\",\"contentUrl\":\"https:\/\/being-initiative.org\/wp-content\/uploads\/2023\/03\/being-logo.png\",\"width\":440,\"height\":136,\"caption\":\"Being Initiative\"},\"image\":{\"@id\":\"https:\/\/being-initiative.org\/#\/schema\/logo\/image\/\"},\"sameAs\":[\"https:\/\/www.facebook.com\/thebeinginitiative\",\"https:\/\/x.com\/beinginitiative\",\"https:\/\/www.linkedin.com\/company\/beinginitiative\/\",\"https:\/\/www.instagram.com\/beinginitiative\/\"]}]}<\/script>\n<!-- \/ Yoast SEO Premium plugin. -->","yoast_head_json":{"title":"Innovator Resources - Being | Grand Challenges Canada","robots":{"index":"index","follow":"follow","max-snippet":"max-snippet:-1","max-image-preview":"max-image-preview:large","max-video-preview":"max-video-preview:-1"},"canonical":"https:\/\/being-initiative.org\/fr\/innovator-resources\/","og_locale":"fr_CA","og_type":"article","og_title":"Innovator Resources","og_url":"https:\/\/being-initiative.org\/fr\/innovator-resources\/","og_site_name":"Being | Grand Challenges Canada","article_publisher":"https:\/\/www.facebook.com\/thebeinginitiative","article_modified_time":"2025-07-15T15:04:09+00:00","og_image":[{"width":1575,"height":1575,"url":"https:\/\/being-initiative.org\/wp-content\/uploads\/2024\/02\/Being-IG-Our-Approach-Instagram-Post-Square-1-e1708727090313.png","type":"image\/png"}],"twitter_card":"summary_large_image","twitter_site":"@beinginitiative","twitter_misc":{"Estimation du temps de lecture":"1 minute"},"schema":{"@context":"https:\/\/schema.org","@graph":[{"@type":"WebPage","@id":"https:\/\/being-initiative.org\/innovator-resources\/","url":"https:\/\/being-initiative.org\/innovator-resources\/","name":"Innovator Resources - Being | Grand Challenges Canada","isPartOf":{"@id":"https:\/\/being-initiative.org\/#website"},"primaryImageOfPage":{"@id":"https:\/\/being-initiative.org\/innovator-resources\/#primaryimage"},"image":{"@id":"https:\/\/being-initiative.org\/innovator-resources\/#primaryimage"},"thumbnailUrl":"https:\/\/being-initiative.org\/wp-content\/uploads\/2024\/02\/Being-IG-Our-Approach-Instagram-Post-Square-1-e1708727090313.png","datePublished":"2025-05-05T21:01:28+00:00","dateModified":"2025-07-15T15:04:09+00:00","breadcrumb":{"@id":"https:\/\/being-initiative.org\/innovator-resources\/#breadcrumb"},"inLanguage":"fr-CA","potentialAction":[{"@type":"ReadAction","target":["https:\/\/being-initiative.org\/innovator-resources\/"]}]},{"@type":"ImageObject","inLanguage":"fr-CA","@id":"https:\/\/being-initiative.org\/innovator-resources\/#primaryimage","url":"https:\/\/being-initiative.org\/wp-content\/uploads\/2024\/02\/Being-IG-Our-Approach-Instagram-Post-Square-1-e1708727090313.png","contentUrl":"https:\/\/being-initiative.org\/wp-content\/uploads\/2024\/02\/Being-IG-Our-Approach-Instagram-Post-Square-1-e1708727090313.png","width":1575,"height":1575},{"@type":"BreadcrumbList","@id":"https:\/\/being-initiative.org\/innovator-resources\/#breadcrumb","itemListElement":[{"@type":"ListItem","position":1,"name":"Home","item":"https:\/\/being-initiative.org\/"},{"@type":"ListItem","position":2,"name":"Innovator Resources"}]},{"@type":"WebSite","@id":"https:\/\/being-initiative.org\/#website","url":"https:\/\/being-initiative.org\/","name":"Being Initiative","description":"Innover pour le bien-\u00eatre des jeunes","publisher":{"@id":"https:\/\/being-initiative.org\/#organization"},"potentialAction":[{"@type":"SearchAction","target":{"@type":"EntryPoint","urlTemplate":"https:\/\/being-initiative.org\/?s={search_term_string}"},"query-input":{"@type":"PropertyValueSpecification","valueRequired":true,"valueName":"search_term_string"}}],"inLanguage":"fr-CA"},{"@type":"Organization","@id":"https:\/\/being-initiative.org\/#organization","name":"Being Initiative","url":"https:\/\/being-initiative.org\/","logo":{"@type":"ImageObject","inLanguage":"fr-CA","@id":"https:\/\/being-initiative.org\/#\/schema\/logo\/image\/","url":"https:\/\/being-initiative.org\/wp-content\/uploads\/2023\/03\/being-logo.png","contentUrl":"https:\/\/being-initiative.org\/wp-content\/uploads\/2023\/03\/being-logo.png","width":440,"height":136,"caption":"Being Initiative"},"image":{"@id":"https:\/\/being-initiative.org\/#\/schema\/logo\/image\/"},"sameAs":["https:\/\/www.facebook.com\/thebeinginitiative","https:\/\/x.com\/beinginitiative","https:\/\/www.linkedin.com\/company\/beinginitiative\/","https:\/\/www.instagram.com\/beinginitiative\/"]}]}},"_links":{"self":[{"href":"https:\/\/being-initiative.org\/fr\/wp-json\/wp\/v2\/pages\/2502","targetHints":{"allow":["GET"]}}],"collection":[{"href":"https:\/\/being-initiative.org\/fr\/wp-json\/wp\/v2\/pages"}],"about":[{"href":"https:\/\/being-initiative.org\/fr\/wp-json\/wp\/v2\/types\/page"}],"author":[{"embeddable":true,"href":"https:\/\/being-initiative.org\/fr\/wp-json\/wp\/v2\/users\/3"}],"replies":[{"embeddable":true,"href":"https:\/\/being-initiative.org\/fr\/wp-json\/wp\/v2\/comments?post=2502"}],"version-history":[{"count":0,"href":"https:\/\/being-initiative.org\/fr\/wp-json\/wp\/v2\/pages\/2502\/revisions"}],"wp:featuredmedia":[{"embeddable":true,"href":"https:\/\/being-initiative.org\/fr\/wp-json\/wp\/v2\/media\/1941"}],"wp:attachment":[{"href":"https:\/\/being-initiative.org\/fr\/wp-json\/wp\/v2\/media?parent=2502"}],"curies":[{"name":"wp","href":"https:\/\/api.w.org\/{rel}","templated":true}]}}