{"id":2479,"date":"2025-05-05T15:52:44","date_gmt":"2025-05-05T15:52:44","guid":{"rendered":"https:\/\/being-initiative.org\/?page_id=2479"},"modified":"2025-06-26T13:55:13","modified_gmt":"2025-06-26T17:55:13","slug":"publications","status":"publish","type":"page","link":"https:\/\/being-initiative.org\/fr\/publications\/","title":{"rendered":"Insights and Publications"},"content":{"rendered":"<div style=\"height:61px\" aria-hidden=\"true\" class=\"wp-block-spacer\"><\/div>\n\n\n<div id=\"ql-reports-loop-block_5a4c9924d01f8a271a312d4bdaff7823\" class=\"acf-block ql-reports-loop\"><div class=\"ql-loop-grid-innerblocks\">\n\n<h2 class=\"wp-block-heading\" id=\"h-reports-and-publications\">Rapports et publications<\/h2>\n\n<\/div><div class=\"ql-loop-grid-search-and-filter archive-filter-form hide\"><\/div><div class=\"ql-loop-grid archive-post-grid two-column-archive-grid\"><article class=\"post-2508 report type-report status-publish has-post-thumbnail entry\" aria-label=\"Voix des jeunes : Guide pour un engagement significatif des jeunes dans le financement de la sant\u00e9 mentale\u00a0\u00a0\"><div class=\"entry-image\"><img loading=\"lazy\" decoding=\"async\" width=\"900\" height=\"580\" src=\"https:\/\/being-initiative.org\/wp-content\/uploads\/2025\/05\/Youth-Voices-Promo-Graphics-3-900x580.png\" class=\"aligncenter\" alt=\"\" \/><\/div><div class=\"entry-content-wrap\"><header class=\"entry-header\"><p class=\"entry-meta\"><span class=\"entry-report-date\">7 mai 2025<\/span><\/p><h2 class=\"entry-title\"><a class=\"entry-title-link\" rel=\"bookmark\" href=\"https:\/\/being-initiative.org\/fr\/reports\/youth-voices-a-guide-to-meaningful-youth-engagement-in-mental-health-funding\/\">Voix des jeunes : Guide pour un engagement significatif des jeunes dans le financement de la sant\u00e9 mentale\u00a0\u00a0<\/a><\/h2>\n<header class=\"entry-header\"><h2 class=\"entry-title\" itemprop=\"headline\"><a href=\"https:\/\/being-initiative.org\/fr\/reports\/youth-voices-a-guide-to-meaningful-youth-engagement-in-mental-health-funding\/\" target=\"_self\">Voix des jeunes : Guide pour un engagement significatif des jeunes dans le financement de la sant\u00e9 mentale\u00a0\u00a0<\/a><\/h2><\/header><\/header><div class=\"entry-content\"><p class=\"post-excerpt\">Notre rapport, Youth Voices: A Guide to Meaningful Youth Engagement in Mental Health Funding, co-r\u00e9dig\u00e9 par les membres du Groupe consultatif sur la jeunesse et les membres de notre \u00e9quipe Grands D\u00e9fis Canada...<\/p><a class=\"button\" href=\"https:\/\/being-initiative.org\/fr\/reports\/youth-voices-a-guide-to-meaningful-youth-engagement-in-mental-health-funding\/\" target=\"_self\">Voir<\/a><\/div><\/div><\/article><article class=\"post-2478 report type-report status-publish has-post-thumbnail entry\" aria-label=\"Catalogue d&#039;innovations (en anglais seulement)\"><div class=\"entry-image\"><img loading=\"lazy\" decoding=\"async\" width=\"900\" height=\"580\" src=\"https:\/\/being-initiative.org\/wp-content\/uploads\/2025\/05\/Innovation-Lookbook-Website-photo-12-900x580.png\" class=\"aligncenter\" alt=\"\" \/><\/div><div class=\"entry-content-wrap\"><header class=\"entry-header\"><h2 class=\"entry-title\"><a class=\"entry-title-link\" rel=\"bookmark\" href=\"https:\/\/being-initiative.org\/fr\/reports\/innovation-lookbook\/\">Catalogue d'innovations (en anglais seulement)<\/a><\/h2>\n<header class=\"entry-header\"><h2 class=\"entry-title\" itemprop=\"headline\"><a href=\"https:\/\/being-initiative.org\/fr\/reports\/innovation-lookbook\/\" target=\"_self\">Catalogue d'innovations (en anglais seulement)<\/a><\/h2><\/header><\/header><div class=\"entry-content\"><p class=\"post-excerpt\">Du soutien par les pairs aux arts, en passant par les sports, les jeux et les chatbots d'IA, d\u00e9couvrez les innovations men\u00e9es par des jeunes qui r\u00e9imaginent les solutions en mati\u00e8re de sant\u00e9 mentale en Colombie, \u00c9quateur, Ghana, Inde, Indon\u00e9sie, Maroc, Pakistan, Roumanie, S\u00e9n\u00e9gal, Sierra Leone, Tanzanie, et...<\/p><a class=\"button\" href=\"https:\/\/being-initiative.org\/fr\/reports\/innovation-lookbook\/\" target=\"_self\">Voir<\/a><\/div><\/div><\/article><article class=\"post-2477 report type-report status-publish has-post-thumbnail entry\" aria-label=\"Renforcer l&#039;avenir : Le r\u00f4le de la sant\u00e9 mentale des jeunes dans la r\u00e9alisation des objectifs de d\u00e9veloppement durable (en anglais seulement)\u00a0\"><div class=\"entry-image\"><img loading=\"lazy\" decoding=\"async\" width=\"900\" height=\"580\" src=\"https:\/\/being-initiative.org\/wp-content\/uploads\/2024\/09\/Being-SDG-Report-Post-1-900x580.png\" class=\"aligncenter\" alt=\"\" \/><\/div><div class=\"entry-content-wrap\"><header class=\"entry-header\"><p class=\"entry-meta\"><span class=\"entry-report-date\">24 septembre 2024<\/span><\/p><h2 class=\"entry-title\"><a class=\"entry-title-link\" rel=\"bookmark\" href=\"https:\/\/being-initiative.org\/fr\/reports\/empowering-futures-the-role-of-youth-mental-health-in-advancing-the-sustainable-development-goals\/\">Renforcer l'avenir : Le r\u00f4le de la sant\u00e9 mentale des jeunes dans la r\u00e9alisation des objectifs de d\u00e9veloppement durable (en anglais seulement)\u00a0<\/a><\/h2>\n<header class=\"entry-header\"><h2 class=\"entry-title\" itemprop=\"headline\"><a href=\"https:\/\/being-initiative.org\/fr\/reports\/empowering-futures-the-role-of-youth-mental-health-in-advancing-the-sustainable-development-goals\/\" target=\"_self\">Renforcer l'avenir : Le r\u00f4le de la sant\u00e9 mentale des jeunes dans la r\u00e9alisation des objectifs de d\u00e9veloppement durable (en anglais seulement)\u00a0<\/a><\/h2><\/header><\/header><div class=\"entry-content\"><p class=\"post-excerpt\">La sant\u00e9 mentale n'est pas une question isol\u00e9e ; elle est profond\u00e9ment li\u00e9e \u00e0 tous les aspects de l'agenda des ODD. De la r\u00e9duction des in\u00e9galit\u00e9s \u00e0 la promotion du travail d\u00e9cent, des villes durables et de l'action climatique...<\/p><a class=\"button\" href=\"https:\/\/being-initiative.org\/fr\/reports\/empowering-futures-the-role-of-youth-mental-health-in-advancing-the-sustainable-development-goals\/\" target=\"_self\">Voir<\/a><\/div><\/div><\/article><article class=\"post-2476 report type-report status-publish has-post-thumbnail entry\" aria-label=\"Cartographie de la sant\u00e9 mentale des jeunes:  Observations de la situation dans 13 pays (en anglais seulement)\"><div class=\"entry-image\"><img loading=\"lazy\" decoding=\"async\" width=\"900\" height=\"580\" src=\"https:\/\/being-initiative.org\/wp-content\/uploads\/2024\/04\/Being-Report-Cover-5-900x580.png\" class=\"aligncenter\" alt=\"\" \/><\/div><div class=\"entry-content-wrap\"><header class=\"entry-header\"><p class=\"entry-meta\"><span class=\"entry-report-date\">18 avril 2024<\/span><\/p><h2 class=\"entry-title\"><a class=\"entry-title-link\" rel=\"bookmark\" href=\"https:\/\/being-initiative.org\/fr\/reports\/mapping-youth-mental-health-landscapes-local-insights-from-13-countries\/\">Cartographie de la sant\u00e9 mentale des jeunes:  Observations de la situation dans 13 pays (en anglais seulement)<\/a><\/h2>\n<header class=\"entry-header\"><h2 class=\"entry-title\" itemprop=\"headline\"><a href=\"https:\/\/being-initiative.org\/fr\/reports\/mapping-youth-mental-health-landscapes-local-insights-from-13-countries\/\" target=\"_self\">Cartographie de la sant\u00e9 mentale des jeunes:  Observations de la situation dans 13 pays (en anglais seulement)<\/a><\/h2><\/header><\/header><div class=\"entry-content\"><p class=\"post-excerpt\">Le dernier rapport de Being, intitul\u00e9 \u00abCartographie de la sant\u00e9 mentale des jeunes: Observations de la situation dans 13 pays\u00bb, r\u00e9v\u00e8le les principaux d\u00e9fis et possibilit\u00e9s qui ressortent de consultations aupr\u00e8s de jeunes et d\u2019experts de la sant\u00e9 mentale en Colombie, en \u00c9quateur, en \u00c9gypte...<\/p><a class=\"button\" href=\"https:\/\/being-initiative.org\/fr\/reports\/mapping-youth-mental-health-landscapes-local-insights-from-13-countries\/\" target=\"_self\">Voir<\/a><\/div><\/div><\/article><article class=\"post-2593 report type-report status-publish has-post-thumbnail entry\" aria-label=\"The\u00a0Lancet Psychiatry\u00a0Comment: \u201cMeaningful Youth Engagement for a Positive Mental Health Ecosystem\u201d\"><div class=\"entry-image\"><img loading=\"lazy\" decoding=\"async\" width=\"900\" height=\"580\" src=\"https:\/\/being-initiative.org\/wp-content\/uploads\/2024\/08\/iStock-1439997493-900x580.jpg\" class=\"aligncenter\" alt=\"\" srcset=\"https:\/\/being-initiative.org\/wp-content\/uploads\/2024\/08\/iStock-1439997493-900x580.jpg 900w, https:\/\/being-initiative.org\/wp-content\/uploads\/2024\/08\/iStock-1439997493-18x12.jpg 18w\" sizes=\"auto, (max-width: 900px) 100vw, 900px\" \/><\/div><div class=\"entry-content-wrap\"><header class=\"entry-header\"><p class=\"entry-meta\"><span class=\"entry-report-date\">August 15, 2024<\/span><\/p><h2 class=\"entry-title\"><a class=\"entry-title-link\" rel=\"bookmark\" href=\"https:\/\/being-initiative.org\/fr\/reports\/the-lancet-psychiatry-comment-meaningful-youth-engagement-for-a-positive-mental-health-ecosystem\/\">The\u00a0Lancet Psychiatry\u00a0Comment: \u201cMeaningful Youth Engagement for a Positive Mental Health Ecosystem\u201d<\/a><\/h2>\n<header class=\"entry-header\"><h2 class=\"entry-title\" itemprop=\"headline\"><a href=\"https:\/\/being-initiative.org\/fr\/reports\/the-lancet-psychiatry-comment-meaningful-youth-engagement-for-a-positive-mental-health-ecosystem\/\" target=\"_self\">The\u00a0Lancet Psychiatry\u00a0Comment: \u201cMeaningful Youth Engagement for a Positive Mental Health Ecosystem\u201d<\/a><\/h2><\/header><\/header><div class=\"entry-content\"><p class=\"post-excerpt\">Through&nbsp;Youth and Lived Experience advisors&nbsp;Hrushitaa Murali&nbsp;and&nbsp;Cecilia Ashaley Fofo, alongside partners from&nbsp;Grand Challenges Canada&nbsp;(Melani O\u2019Leary&nbsp;and&nbsp;Sireesha Bobbili), the&nbsp;Science for Africa Foundation&nbsp;(Byron Bitanihirwe), and&nbsp;United for Global Mental Health&nbsp;(Sarah Kline,&nbsp;Aviwe Funani, and&nbsp;Antonis Kousoulis), The&#8230;<\/p><a class=\"button\" href=\"https:\/\/being-initiative.org\/fr\/reports\/the-lancet-psychiatry-comment-meaningful-youth-engagement-for-a-positive-mental-health-ecosystem\/\" target=\"_self\">Voir<\/a><\/div><\/div><\/article><article class=\"post-2595 report type-report status-publish has-post-thumbnail entry\" aria-label=\"Commentaire de The Lancet : &quot;Why Cities Matter for Adolescent Mental Health and Wellbeing.&quot;\"><div class=\"entry-image\"><img loading=\"lazy\" decoding=\"async\" width=\"670\" height=\"436\" src=\"https:\/\/being-initiative.org\/wp-content\/uploads\/2023\/10\/fx1.jpg\" class=\"aligncenter\" alt=\"\" srcset=\"https:\/\/being-initiative.org\/wp-content\/uploads\/2023\/10\/fx1.jpg 670w, https:\/\/being-initiative.org\/wp-content\/uploads\/2023\/10\/fx1-500x325.jpg 500w, https:\/\/being-initiative.org\/wp-content\/uploads\/2023\/10\/fx1-18x12.jpg 18w\" sizes=\"auto, (max-width: 670px) 100vw, 670px\" \/><\/div><div class=\"entry-content-wrap\"><header class=\"entry-header\"><p class=\"entry-meta\"><span class=\"entry-report-date\">October 25, 2023<\/span><\/p><h2 class=\"entry-title\"><a class=\"entry-title-link\" rel=\"bookmark\" href=\"https:\/\/being-initiative.org\/fr\/reports\/the-lancet-comment-why-cities-matter-for-adolescent-mental-health-and-wellbeing\/\">Commentaire de The Lancet : \"Why Cities Matter for Adolescent Mental Health and Wellbeing.\"<\/a><\/h2>\n<header class=\"entry-header\"><h2 class=\"entry-title\" itemprop=\"headline\"><a href=\"https:\/\/being-initiative.org\/fr\/reports\/the-lancet-comment-why-cities-matter-for-adolescent-mental-health-and-wellbeing\/\" target=\"_self\">Commentaire de The Lancet : \"Why Cities Matter for Adolescent Mental Health and Wellbeing.\"<\/a><\/h2><\/header><\/header><div class=\"entry-content\"><p class=\"post-excerpt\">Led by\u00a0Fondation Botnar, mental health practitioners, youth leaders, and researchers discussed the impact of urban environments on young people\u2019s mental health in\u00a0a comment on\u00a0The Lancet\u00a0titled \u201cWhy Cities Matter for Adolescent&#8230;<\/p><a class=\"button\" href=\"https:\/\/being-initiative.org\/fr\/reports\/the-lancet-comment-why-cities-matter-for-adolescent-mental-health-and-wellbeing\/\" target=\"_self\">Voir<\/a><\/div><\/div><\/article><\/div><\/div>","protected":false},"excerpt":{"rendered":"","protected":false},"author":3,"featured_media":2480,"parent":0,"menu_order":0,"comment_status":"closed","ping_status":"closed","template":"","meta":{"_acf_changed":true,"_genesis_hide_title":false,"_genesis_hide_breadcrumbs":false,"_genesis_hide_singular_image":false,"_genesis_hide_footer_widgets":false,"_genesis_custom_body_class":"","_genesis_custom_post_class":"","_genesis_layout":"","footnotes":""},"class_list":{"0":"post-2479","1":"page","2":"type-page","3":"status-publish","4":"has-post-thumbnail","6":"entry"},"acf":[],"yoast_head":"<!-- This site is optimized with the Yoast SEO Premium plugin v27.1 (Yoast SEO v27.1.1) - https:\/\/yoast.com\/product\/yoast-seo-premium-wordpress\/ -->\n<title>Insights and Publications - Being | Grand Challenges Canada<\/title>\n<meta name=\"robots\" content=\"index, follow, max-snippet:-1, max-image-preview:large, max-video-preview:-1\" \/>\n<link rel=\"canonical\" href=\"https:\/\/being-initiative.org\/fr\/publications\/\" \/>\n<meta property=\"og:locale\" content=\"fr_CA\" \/>\n<meta property=\"og:type\" content=\"article\" \/>\n<meta property=\"og:title\" content=\"Insights and Publications\" \/>\n<meta property=\"og:url\" content=\"https:\/\/being-initiative.org\/fr\/publications\/\" \/>\n<meta property=\"og:site_name\" content=\"Being | Grand Challenges Canada\" \/>\n<meta property=\"article:publisher\" content=\"https:\/\/www.facebook.com\/thebeinginitiative\" \/>\n<meta property=\"article:modified_time\" content=\"2025-06-26T17:55:13+00:00\" \/>\n<meta property=\"og:image\" content=\"https:\/\/being-initiative.org\/wp-content\/uploads\/2025\/05\/3-scaled.png\" \/>\n\t<meta property=\"og:image:width\" content=\"1978\" \/>\n\t<meta property=\"og:image:height\" content=\"2560\" \/>\n\t<meta property=\"og:image:type\" content=\"image\/png\" \/>\n<meta name=\"twitter:card\" content=\"summary_large_image\" \/>\n<meta name=\"twitter:site\" content=\"@beinginitiative\" \/>\n<meta name=\"twitter:label1\" content=\"Estimation du temps de lecture\" \/>\n\t<meta name=\"twitter:data1\" content=\"1 minute\" \/>\n<script type=\"application\/ld+json\" class=\"yoast-schema-graph\">{\"@context\":\"https:\/\/schema.org\",\"@graph\":[{\"@type\":\"WebPage\",\"@id\":\"https:\/\/being-initiative.org\/publications\/\",\"url\":\"https:\/\/being-initiative.org\/publications\/\",\"name\":\"Insights and Publications - Being | Grand Challenges Canada\",\"isPartOf\":{\"@id\":\"https:\/\/being-initiative.org\/#website\"},\"primaryImageOfPage\":{\"@id\":\"https:\/\/being-initiative.org\/publications\/#primaryimage\"},\"image\":{\"@id\":\"https:\/\/being-initiative.org\/publications\/#primaryimage\"},\"thumbnailUrl\":\"https:\/\/being-initiative.org\/wp-content\/uploads\/2025\/05\/3-scaled.png\",\"datePublished\":\"2025-05-05T15:52:44+00:00\",\"dateModified\":\"2025-06-26T17:55:13+00:00\",\"breadcrumb\":{\"@id\":\"https:\/\/being-initiative.org\/publications\/#breadcrumb\"},\"inLanguage\":\"fr-CA\",\"potentialAction\":[{\"@type\":\"ReadAction\",\"target\":[\"https:\/\/being-initiative.org\/publications\/\"]}]},{\"@type\":\"ImageObject\",\"inLanguage\":\"fr-CA\",\"@id\":\"https:\/\/being-initiative.org\/publications\/#primaryimage\",\"url\":\"https:\/\/being-initiative.org\/wp-content\/uploads\/2025\/05\/3-scaled.png\",\"contentUrl\":\"https:\/\/being-initiative.org\/wp-content\/uploads\/2025\/05\/3-scaled.png\",\"width\":1978,\"height\":2560},{\"@type\":\"BreadcrumbList\",\"@id\":\"https:\/\/being-initiative.org\/publications\/#breadcrumb\",\"itemListElement\":[{\"@type\":\"ListItem\",\"position\":1,\"name\":\"Home\",\"item\":\"https:\/\/being-initiative.org\/\"},{\"@type\":\"ListItem\",\"position\":2,\"name\":\"Insights and Publications\"}]},{\"@type\":\"WebSite\",\"@id\":\"https:\/\/being-initiative.org\/#website\",\"url\":\"https:\/\/being-initiative.org\/\",\"name\":\"Being Initiative\",\"description\":\"Innovating for young people\u2019s wellbeing\",\"publisher\":{\"@id\":\"https:\/\/being-initiative.org\/#organization\"},\"potentialAction\":[{\"@type\":\"SearchAction\",\"target\":{\"@type\":\"EntryPoint\",\"urlTemplate\":\"https:\/\/being-initiative.org\/?s={search_term_string}\"},\"query-input\":{\"@type\":\"PropertyValueSpecification\",\"valueRequired\":true,\"valueName\":\"search_term_string\"}}],\"inLanguage\":\"fr-CA\"},{\"@type\":\"Organization\",\"@id\":\"https:\/\/being-initiative.org\/#organization\",\"name\":\"Being Initiative\",\"url\":\"https:\/\/being-initiative.org\/\",\"logo\":{\"@type\":\"ImageObject\",\"inLanguage\":\"fr-CA\",\"@id\":\"https:\/\/being-initiative.org\/#\/schema\/logo\/image\/\",\"url\":\"https:\/\/being-initiative.org\/wp-content\/uploads\/2023\/03\/being-logo.png\",\"contentUrl\":\"https:\/\/being-initiative.org\/wp-content\/uploads\/2023\/03\/being-logo.png\",\"width\":440,\"height\":136,\"caption\":\"Being Initiative\"},\"image\":{\"@id\":\"https:\/\/being-initiative.org\/#\/schema\/logo\/image\/\"},\"sameAs\":[\"https:\/\/www.facebook.com\/thebeinginitiative\",\"https:\/\/x.com\/beinginitiative\",\"https:\/\/www.linkedin.com\/company\/beinginitiative\/\",\"https:\/\/www.instagram.com\/beinginitiative\/\"]}]}<\/script>\n<!-- \/ Yoast SEO Premium plugin. -->","yoast_head_json":{"title":"Insights and Publications - Being | Grand Challenges Canada","robots":{"index":"index","follow":"follow","max-snippet":"max-snippet:-1","max-image-preview":"max-image-preview:large","max-video-preview":"max-video-preview:-1"},"canonical":"https:\/\/being-initiative.org\/fr\/publications\/","og_locale":"fr_CA","og_type":"article","og_title":"Insights and Publications","og_url":"https:\/\/being-initiative.org\/fr\/publications\/","og_site_name":"Being | Grand Challenges Canada","article_publisher":"https:\/\/www.facebook.com\/thebeinginitiative","article_modified_time":"2025-06-26T17:55:13+00:00","og_image":[{"width":1978,"height":2560,"url":"https:\/\/being-initiative.org\/wp-content\/uploads\/2025\/05\/3-scaled.png","type":"image\/png"}],"twitter_card":"summary_large_image","twitter_site":"@beinginitiative","twitter_misc":{"Estimation du temps de lecture":"1 minute"},"schema":{"@context":"https:\/\/schema.org","@graph":[{"@type":"WebPage","@id":"https:\/\/being-initiative.org\/publications\/","url":"https:\/\/being-initiative.org\/publications\/","name":"Insights and Publications - Being | Grand Challenges Canada","isPartOf":{"@id":"https:\/\/being-initiative.org\/#website"},"primaryImageOfPage":{"@id":"https:\/\/being-initiative.org\/publications\/#primaryimage"},"image":{"@id":"https:\/\/being-initiative.org\/publications\/#primaryimage"},"thumbnailUrl":"https:\/\/being-initiative.org\/wp-content\/uploads\/2025\/05\/3-scaled.png","datePublished":"2025-05-05T15:52:44+00:00","dateModified":"2025-06-26T17:55:13+00:00","breadcrumb":{"@id":"https:\/\/being-initiative.org\/publications\/#breadcrumb"},"inLanguage":"fr-CA","potentialAction":[{"@type":"ReadAction","target":["https:\/\/being-initiative.org\/publications\/"]}]},{"@type":"ImageObject","inLanguage":"fr-CA","@id":"https:\/\/being-initiative.org\/publications\/#primaryimage","url":"https:\/\/being-initiative.org\/wp-content\/uploads\/2025\/05\/3-scaled.png","contentUrl":"https:\/\/being-initiative.org\/wp-content\/uploads\/2025\/05\/3-scaled.png","width":1978,"height":2560},{"@type":"BreadcrumbList","@id":"https:\/\/being-initiative.org\/publications\/#breadcrumb","itemListElement":[{"@type":"ListItem","position":1,"name":"Home","item":"https:\/\/being-initiative.org\/"},{"@type":"ListItem","position":2,"name":"Insights and Publications"}]},{"@type":"WebSite","@id":"https:\/\/being-initiative.org\/#website","url":"https:\/\/being-initiative.org\/","name":"Being Initiative","description":"Innover pour le bien-\u00eatre des jeunes","publisher":{"@id":"https:\/\/being-initiative.org\/#organization"},"potentialAction":[{"@type":"SearchAction","target":{"@type":"EntryPoint","urlTemplate":"https:\/\/being-initiative.org\/?s={search_term_string}"},"query-input":{"@type":"PropertyValueSpecification","valueRequired":true,"valueName":"search_term_string"}}],"inLanguage":"fr-CA"},{"@type":"Organization","@id":"https:\/\/being-initiative.org\/#organization","name":"Being Initiative","url":"https:\/\/being-initiative.org\/","logo":{"@type":"ImageObject","inLanguage":"fr-CA","@id":"https:\/\/being-initiative.org\/#\/schema\/logo\/image\/","url":"https:\/\/being-initiative.org\/wp-content\/uploads\/2023\/03\/being-logo.png","contentUrl":"https:\/\/being-initiative.org\/wp-content\/uploads\/2023\/03\/being-logo.png","width":440,"height":136,"caption":"Being Initiative"},"image":{"@id":"https:\/\/being-initiative.org\/#\/schema\/logo\/image\/"},"sameAs":["https:\/\/www.facebook.com\/thebeinginitiative","https:\/\/x.com\/beinginitiative","https:\/\/www.linkedin.com\/company\/beinginitiative\/","https:\/\/www.instagram.com\/beinginitiative\/"]}]}},"_links":{"self":[{"href":"https:\/\/being-initiative.org\/fr\/wp-json\/wp\/v2\/pages\/2479","targetHints":{"allow":["GET"]}}],"collection":[{"href":"https:\/\/being-initiative.org\/fr\/wp-json\/wp\/v2\/pages"}],"about":[{"href":"https:\/\/being-initiative.org\/fr\/wp-json\/wp\/v2\/types\/page"}],"author":[{"embeddable":true,"href":"https:\/\/being-initiative.org\/fr\/wp-json\/wp\/v2\/users\/3"}],"replies":[{"embeddable":true,"href":"https:\/\/being-initiative.org\/fr\/wp-json\/wp\/v2\/comments?post=2479"}],"version-history":[{"count":0,"href":"https:\/\/being-initiative.org\/fr\/wp-json\/wp\/v2\/pages\/2479\/revisions"}],"wp:featuredmedia":[{"embeddable":true,"href":"https:\/\/being-initiative.org\/fr\/wp-json\/wp\/v2\/media\/2480"}],"wp:attachment":[{"href":"https:\/\/being-initiative.org\/fr\/wp-json\/wp\/v2\/media?parent=2479"}],"curies":[{"name":"wp","href":"https:\/\/api.w.org\/{rel}","templated":true}]}}