{"id":2231,"date":"2025-02-14T21:33:09","date_gmt":"2025-02-14T21:33:09","guid":{"rendered":"https:\/\/being-initiative.org\/?page_id=2231"},"modified":"2026-03-11T16:14:15","modified_gmt":"2026-03-11T20:14:15","slug":"indonesia","status":"publish","type":"page","link":"https:\/\/being-initiative.org\/fr\/indonesia\/","title":{"rendered":"Indon\u00e9sie"},"content":{"rendered":"<div style=\"height:62px\" aria-hidden=\"true\" class=\"wp-block-spacer\"><\/div>\n\n\n\n<h2 class=\"wp-block-heading\" id=\"h-country-news\">Country News<\/h2>\n\n\n<div id=\"ql-news-country-loop-block_0ca4e4fc6efd3e514235d891e222027a\" class=\"acf-block ql-news-country-loop\"><div class=\"ql-loop-grid archive-post-grid\"><article class=\"post-2775 news_item type-news_item status-publish has-post-thumbnail news_item_category-funding-opportunities country-colombia country-ecuador country-ghana country-india country-indonesia country-morocco country-pakistan country-romania country-senegal country-sierraleone country-tanzania country-vietnam entry\" aria-label=\"Request for proposals for Transition to Scale innovations!\"><div class=\"entry-image\"><img loading=\"lazy\" decoding=\"async\" width=\"900\" height=\"580\" src=\"https:\/\/being-initiative.org\/wp-content\/uploads\/2025\/01\/Photo-3-1-900x580.jpg\" class=\"aligncenter\" alt=\"\" srcset=\"https:\/\/being-initiative.org\/wp-content\/uploads\/2025\/01\/Photo-3-1-900x580.jpg 900w, https:\/\/being-initiative.org\/wp-content\/uploads\/2025\/01\/Photo-3-1-18x12.jpg 18w\" sizes=\"auto, (max-width: 900px) 100vw, 900px\" \/><\/div><div class=\"entry-content-wrap\"><header class=\"entry-header\"><p class=\"entry-meta\"><time class=\"entry-time\">Published: mars 3, 2026<\/time><span class=\"entry-terms\"><a href=\"https:\/\/being-initiative.org\/fr\/news\/category\/funding-opportunities\/\" rel=\"tag\">Occasions<\/a><\/span><span class=\"entry-terms\"><a href=\"https:\/\/being-initiative.org\/fr\/country\/colombia\/\" rel=\"tag\">Colombie<\/a> <a href=\"https:\/\/being-initiative.org\/fr\/country\/ecuador\/\" rel=\"tag\">\u00c9quateur<\/a> <a href=\"https:\/\/being-initiative.org\/fr\/country\/ghana\/\" rel=\"tag\">Ghana<\/a> <a href=\"https:\/\/being-initiative.org\/fr\/country\/india\/\" rel=\"tag\">Inde<\/a> <a href=\"https:\/\/being-initiative.org\/fr\/country\/indonesia\/\" rel=\"tag\">Indon\u00e9sie<\/a> <a href=\"https:\/\/being-initiative.org\/fr\/country\/morocco\/\" rel=\"tag\">Maroc<\/a> <a href=\"https:\/\/being-initiative.org\/fr\/country\/pakistan\/\" rel=\"tag\">Pakistan<\/a> <a href=\"https:\/\/being-initiative.org\/fr\/country\/romania\/\" rel=\"tag\">Roumanie<\/a> <a href=\"https:\/\/being-initiative.org\/fr\/country\/senegal\/\" rel=\"tag\">S\u00e9n\u00e9gal<\/a> <a href=\"https:\/\/being-initiative.org\/fr\/country\/sierraleone\/\" rel=\"tag\">SierraLeone<\/a> <a href=\"https:\/\/being-initiative.org\/fr\/country\/tanzania\/\" rel=\"tag\">Tanzanie<\/a> <a href=\"https:\/\/being-initiative.org\/fr\/country\/vietnam\/\" rel=\"tag\">Vietnam<\/a><\/span><\/p><h2 class=\"entry-title\"><a class=\"entry-title-link\" rel=\"bookmark\" href=\"https:\/\/being-initiative.org\/fr\/news\/request-for-proposals-for-transition-to-scale-innovations\/\">Request for proposals for Transition to Scale innovations!<\/a><\/h2>\n<header class=\"entry-header\"><h2 class=\"entry-title\" itemprop=\"headline\"><a href=\"https:\/\/being-initiative.org\/fr\/news\/request-for-proposals-for-transition-to-scale-innovations\/\" target=\"_self\">Request for proposals for Transition to Scale innovations!<\/a><\/h2><\/header><\/header><div class=\"entry-content\"><p class=\"post-excerpt\">Grand Challenges Canada, through the Being Initiative, is investing in ready-to-scale innovations that address the root causes of young people\u2019s distress before they escalate, strengthening the environments where they live,&#8230;<\/p><a class=\"button\" href=\"https:\/\/being-initiative.org\/fr\/news\/request-for-proposals-for-transition-to-scale-innovations\/\" target=\"_self\">Voir<\/a><\/div><\/div><\/article><article class=\"post-2449 news_item type-news_item status-publish has-post-thumbnail news_item_category-blogs country-colombia country-ecuador country-indonesia entry\" aria-label=\"Changement de pouvoir dans la recherche sur la sant\u00e9 mentale des jeunes : Le\u00e7ons cl\u00e9s tir\u00e9es par des chercheurs internationaux lors de la conf\u00e9rence de l&#039;IAYMH\"><div class=\"entry-image\"><img loading=\"lazy\" decoding=\"async\" width=\"900\" height=\"580\" src=\"https:\/\/being-initiative.org\/wp-content\/uploads\/2025\/04\/IMG_5949-900x580.jpg\" class=\"aligncenter\" alt=\"\" \/><\/div><div class=\"entry-content-wrap\"><header class=\"entry-header\"><p class=\"entry-meta\"><time class=\"entry-time\">Publi\u00e9 : 1 avril 2025<\/time><span class=\"entry-terms\"><a href=\"https:\/\/being-initiative.org\/fr\/news\/category\/blogs\/\" rel=\"tag\">Articles de blog<\/a><\/span><span class=\"entry-terms\"><a href=\"https:\/\/being-initiative.org\/fr\/country\/colombia\/\" rel=\"tag\">Colombie<\/a> <a href=\"https:\/\/being-initiative.org\/fr\/country\/ecuador\/\" rel=\"tag\">\u00c9quateur<\/a> <a href=\"https:\/\/being-initiative.org\/fr\/country\/indonesia\/\" rel=\"tag\">Indon\u00e9sie<\/a><\/span><\/p><h2 class=\"entry-title\"><a class=\"entry-title-link\" rel=\"bookmark\" href=\"https:\/\/being-initiative.org\/fr\/news\/shifting-power-in-youth-mental-health-research-key-lessons-from-global-researchers-at-the-iaymh-conference\/\">Changement de pouvoir dans la recherche sur la sant\u00e9 mentale des jeunes : Le\u00e7ons cl\u00e9s tir\u00e9es par des chercheurs internationaux lors de la conf\u00e9rence de l'IAYMH<\/a><\/h2>\n<header class=\"entry-header\"><h2 class=\"entry-title\" itemprop=\"headline\"><a href=\"https:\/\/being-initiative.org\/fr\/news\/shifting-power-in-youth-mental-health-research-key-lessons-from-global-researchers-at-the-iaymh-conference\/\" target=\"_self\">Changement de pouvoir dans la recherche sur la sant\u00e9 mentale des jeunes : Le\u00e7ons cl\u00e9s tir\u00e9es par des chercheurs internationaux lors de la conf\u00e9rence de l'IAYMH<\/a><\/h2><\/header><\/header><div class=\"entry-content\"><p class=\"post-excerpt\">Les \u00e9cosyst\u00e8mes de sant\u00e9 mentale, qui englobent \u00e0 la fois les syst\u00e8mes formels (comme les politiques) et les relations informelles (comme les interactions communautaires), jouent un r\u00f4le crucial dans le soutien au bien-\u00eatre de la population. Lors de la 7e \u00e9dition de l'Association internationale...<\/p><a class=\"button\" href=\"https:\/\/being-initiative.org\/fr\/news\/shifting-power-in-youth-mental-health-research-key-lessons-from-global-researchers-at-the-iaymh-conference\/\" target=\"_self\">Voir<\/a><\/div><\/div><\/article><\/div><\/div>\n\n\n<div style=\"height:60px\" aria-hidden=\"true\" class=\"wp-block-spacer\"><\/div>\n\n\n<div id=\"ql-call-to-action-block_fde748ebac44ed31a847906bd5eaa2e1\" class=\"align-full no-pad acf-block ql-call-to-action image-cover\"><div class=\"column column-text bg-white\" style=\"flex-basis:50%\"><div class=\"column-text-wrap\">\n\n<h2 class=\"wp-block-heading\" id=\"h-country-focus\">Country Focus<\/h2>\n\n\n\n<p><a href=\"https:\/\/pubmed.ncbi.nlm.nih.gov\/34217461\/\" target=\"_blank\" rel=\"noreferrer noopener\">Many young people in Indonesia grow up facing difficult experiences<\/a> such as bullying, harassment, and various forms of abuse by peers or family members. These\u00a0Adverse Childhood Experiences (ACEs)\u00a0can\u00a0have serious and lasting effects on their mental health and development\u00a0and\u00a0are linked to depression, trauma, substance use, and higher risks of dropping out of school, early marriage,\u00a0and\u00a0violence.<\/p>\n\n\n\n<p>Despite the scale of the problem, programs that prevent or respond&nbsp;to&nbsp;these&nbsp;challenges&nbsp;are limited. Supportive systems within schools, families, and communities are often not equipped to deal with the trauma and stress&nbsp;that youth experience. Building environments that protect and empower young people is essential&nbsp;to their mental health and wellbeing.&nbsp;\u202f\u00a0<\/p>\n\n\n<div id=\"ql-button-block_c32f34583fa7c683840c387094693062\" class=\"acf-block ql-button button-left\"><a class=\"ql-button-link\" href=\"https:\/\/being-initiative.org\/wp-content\/uploads\/2024\/04\/Mapping-Youth-Mental-Health-Landscapes_April-18-2024.pdf\" target=\"_blank\">Discover more insights from Indonesia\u2019s landscape analysis\u2014download our report!<\/a><\/div>\n<\/div><\/div><div class=\"column column-image\" style=\"flex-basis:50%\"><img loading=\"lazy\" decoding=\"async\" width=\"900\" height=\"580\" src=\"https:\/\/being-initiative.org\/wp-content\/uploads\/2025\/02\/Indonesia2-900x580.png\" class=\"attachment-genesis-singular-images size-genesis-singular-images\" alt=\"\" \/><\/div><\/div>\n\n\n<h2 class=\"wp-block-heading\" id=\"h-what-we-re-funding-in-indonesia\"><strong>What we&#8217;re funding in Indonesia<\/strong><\/h2>\n\n\n\n<h4 class=\"wp-block-heading\" id=\"h-proof-of-concept-funding\"><strong><mark style=\"background-color:rgba(0, 0, 0, 0)\" class=\"has-inline-color has-theme-secondary-color\">Proof-of-concept funding<\/mark><\/strong><mark style=\"background-color:rgba(0, 0, 0, 0)\" class=\"has-inline-color has-theme-secondary-color\">:<\/mark><\/h4>\n\n\n\n<p>Proof-of-concept (POC) funding up to $250,000 CAD will be awarded to early-stage projects that can implement, test and refine solutions to country-specific personal, social, and\/or environmental factors impacting young people&#8217;s mental health and wellbeing in one of the 12 countries.<\/p>\n\n\n\n<p><mark style=\"background-color:rgba(0, 0, 0, 0)\" class=\"has-inline-color has-theme-primary-color\"><strong>In Indonesia, we seek bold Proof-of-Concept ideas to prevent\u00a0Adverse\u00a0Childhood\u00a0Experiences\u00a0among young people. <\/strong>These innovative solutions should focus on addressing peer and\/or family violence against young people.\u00a0\u00a0<\/mark><\/p>\n\n\n\n<h4 class=\"wp-block-heading\" id=\"h-transition-to-scale-funding\"><mark style=\"background-color:rgba(0, 0, 0, 0)\" class=\"has-inline-color has-theme-secondary-color\">Transition-to-scale funding:<\/mark><\/h4>\n\n\n\n<p>Transition-to-scale (TTS) funding between $300,000 CAD and $1,500,000 CAD will be awarded to support tested mental health promotion and prevention approaches that align with country-specific priorities along their scaling journey to help catalyze their sustainability and impact.<\/p>\n\n\n\n<p><mark style=\"background-color:rgba(0, 0, 0, 0)\" class=\"has-inline-color has-theme-primary-color\"><mark style=\"background-color:rgba(0, 0, 0, 0)\" class=\"has-inline-color has-theme-primary-color\"><strong>In Indonesia, we seek bold Transition-to-Scale ideas to prevent\u00a0Adverse\u00a0Childhood\u00a0Experiences\u00a0among young people. <\/strong>These innovative solutions should focus on addressing peer and\/or family violence against young people.\u00a0\u00a0<\/mark><\/mark><\/p>\n\n\n\n<h4 class=\"wp-block-heading\" id=\"h-ecosystem-catalyst-funding\"><mark style=\"background-color:rgba(0, 0, 0, 0)\" class=\"has-inline-color has-theme-secondary-color\"><strong>Ecosystem catalyst funding<\/strong>:<\/mark><\/h4>\n\n\n\n<p>Ecosystem catalyst (EC) funding between $200,000 CAD and $300,000 CAD will be awarded to organizations that can address priority barriers to scale, such as legislation, evidence, coordination, and mobilize demand to help mental health initiatives succeed and grow in one of 12 priority countries.<\/p>\n\n\n\n<p><strong>In Indonesia, we\u2019re funding Ecosystem Catalyst projects that strengthen coordination among mental health stakeholders in to support accountability of national mental health policy implementation at regional and local levels<\/strong>, particularly those policies focused on youth, at all levels.\u202f\u202f\u202f&nbsp;<\/p>\n\n\n\n<h2 class=\"wp-block-heading\" id=\"h-funded-innovations\">\u202fFunded <strong>Innovations<\/strong><\/h2>\n\n\n\n<div class=\"wp-block-columns is-layout-flex wp-container-core-columns-is-layout-9d6595d7 wp-block-columns-is-layout-flex\">\n<div class=\"wp-block-column is-layout-flow wp-block-column-is-layout-flow\"><div id=\"ql-image-text-row-block_33b9b28bc9614e07936db9b1d98f1743\" class=\"acf-block ql-image-text-row image-cover\"><div class=\"rows\"><div class=\"row row-image\"><img loading=\"lazy\" decoding=\"async\" width=\"2121\" height=\"1414\" src=\"https:\/\/being-initiative.org\/wp-content\/uploads\/2026\/01\/iStock-2202207322.jpg\" class=\"attachment-full size-full\" alt=\"A Diverse group of young female soccer players wearing red jerseys and white hijabs gather in a pre-game huddle, placing their hands together in a show of unity and teamwork.\" srcset=\"https:\/\/being-initiative.org\/wp-content\/uploads\/2026\/01\/iStock-2202207322.jpg 2121w, https:\/\/being-initiative.org\/wp-content\/uploads\/2026\/01\/iStock-2202207322-500x333.jpg 500w, https:\/\/being-initiative.org\/wp-content\/uploads\/2026\/01\/iStock-2202207322-1024x683.jpg 1024w, https:\/\/being-initiative.org\/wp-content\/uploads\/2026\/01\/iStock-2202207322-768x512.jpg 768w, https:\/\/being-initiative.org\/wp-content\/uploads\/2026\/01\/iStock-2202207322-1536x1024.jpg 1536w, https:\/\/being-initiative.org\/wp-content\/uploads\/2026\/01\/iStock-2202207322-2048x1365.jpg 2048w, https:\/\/being-initiative.org\/wp-content\/uploads\/2026\/01\/iStock-2202207322-18x12.jpg 18w\" sizes=\"auto, (max-width: 2121px) 100vw, 2121px\" \/><\/div><div class=\"row row-text bg-white\">\n\n<h3 class=\"wp-block-heading\" id=\"h-building-a-resilient-asia-through-strengthening-the-youth-mental-health-ecosystems\">Building a resilient Asia through strengthening the youth mental health ecosystems<\/h3>\n\n\n\n<p><strong>Organisation de mise en \u0153uvre :<\/strong> <a href=\"https:\/\/www.monash.edu\/indonesia\"><a href=\"https:\/\/avpn.asia\/\" target=\"_blank\" rel=\"noreferrer noopener\">AVPN<\/a><\/a><\/p>\n\n\n\n<p><strong>Type de projet :<\/strong> des catalyseurs d\u2019\u00e9cosyst\u00e8me<\/p>\n\n\n\n<p><strong>Lieu : <\/strong>Indon\u00e9sie<\/p>\n\n\n\n<p><strong>Status:<\/strong> Funded<\/p>\n\n\n<div id=\"ql-button-block_86bb0910ede6eb47eb0f31f276f364de\" class=\"acf-block ql-button button-left\"><a class=\"ql-button-link\" href=\"https:\/\/being-initiative.org\/fr\/innovations\/building-a-resilient-asia-through-strengthening-the-youth-mental-health-ecosystems\/\" target=\"_blank\">Learn more!<\/a><\/div>\n<\/div><\/div><\/div><\/div>\n\n\n\n<div class=\"wp-block-column is-layout-flow wp-block-column-is-layout-flow\"><div id=\"ql-image-text-row-block_17929a7e5cdbc8a6dcd07ead2372e1e3\" class=\"acf-block ql-image-text-row image-cover\"><div class=\"rows\"><div class=\"row row-image\"><img loading=\"lazy\" decoding=\"async\" width=\"2560\" height=\"1707\" src=\"https:\/\/being-initiative.org\/wp-content\/uploads\/2026\/01\/IMG_5144-scaled.jpg\" class=\"attachment-full size-full\" alt=\"\" srcset=\"https:\/\/being-initiative.org\/wp-content\/uploads\/2026\/01\/IMG_5144-scaled.jpg 2560w, https:\/\/being-initiative.org\/wp-content\/uploads\/2026\/01\/IMG_5144-500x333.jpg 500w, https:\/\/being-initiative.org\/wp-content\/uploads\/2026\/01\/IMG_5144-1024x683.jpg 1024w, https:\/\/being-initiative.org\/wp-content\/uploads\/2026\/01\/IMG_5144-768x512.jpg 768w, https:\/\/being-initiative.org\/wp-content\/uploads\/2026\/01\/IMG_5144-1536x1024.jpg 1536w, https:\/\/being-initiative.org\/wp-content\/uploads\/2026\/01\/IMG_5144-2048x1365.jpg 2048w, https:\/\/being-initiative.org\/wp-content\/uploads\/2026\/01\/IMG_5144-18x12.jpg 18w\" sizes=\"auto, (max-width: 2560px) 100vw, 2560px\" \/><\/div><div class=\"row row-text bg-white\">\n\n<h3 class=\"wp-block-heading\" id=\"h-sekolah-aman\">Sekolah Aman<\/h3>\n\n\n\n<p><strong>Organisation de mise en \u0153uvre :<\/strong> <a href=\"https:\/\/www.monash.edu\/indonesia\"><a href=\"https:\/\/pkbibali.or.id\/\" target=\"_blank\" rel=\"noreferrer noopener\">PKBI Daerah Bali<\/a><\/a><\/p>\n\n\n\n<p><strong>Type de projet :<\/strong> Proof-of-concept<\/p>\n\n\n\n<p><strong>Lieu : <\/strong>Bali, Indonesia<\/p>\n\n\n\n<p><strong>Thematic Area(s):<\/strong> Peer-Based, Service Delivery<\/p>\n\n\n\n<p><strong>Status:<\/strong> Funded<\/p>\n\n\n<div id=\"ql-button-block_9d064996584232f341b53f7d144b7041\" class=\"acf-block ql-button button-left\"><a class=\"ql-button-link\" href=\"https:\/\/being-initiative.org\/fr\/innovations\/sekolah-aman\/\" target=\"_blank\">Learn more!<\/a><\/div>\n<\/div><\/div><\/div><\/div>\n\n\n\n<div class=\"wp-block-column is-layout-flow wp-block-column-is-layout-flow\"><div id=\"ql-image-text-row-block_f3d5e5e750db8499c9a41bff29fd02bf\" class=\"acf-block ql-image-text-row image-cover\"><div class=\"rows\"><div class=\"row row-image\"><img loading=\"lazy\" decoding=\"async\" width=\"1600\" height=\"1200\" src=\"https:\/\/being-initiative.org\/wp-content\/uploads\/2025\/06\/R-BEING-2504-73155_First-Team-Meeting-2.jpg\" class=\"attachment-full size-full\" alt=\"\" srcset=\"https:\/\/being-initiative.org\/wp-content\/uploads\/2025\/06\/R-BEING-2504-73155_First-Team-Meeting-2.jpg 1600w, https:\/\/being-initiative.org\/wp-content\/uploads\/2025\/06\/R-BEING-2504-73155_First-Team-Meeting-2-500x375.jpg 500w, https:\/\/being-initiative.org\/wp-content\/uploads\/2025\/06\/R-BEING-2504-73155_First-Team-Meeting-2-1024x768.jpg 1024w, https:\/\/being-initiative.org\/wp-content\/uploads\/2025\/06\/R-BEING-2504-73155_First-Team-Meeting-2-768x576.jpg 768w, https:\/\/being-initiative.org\/wp-content\/uploads\/2025\/06\/R-BEING-2504-73155_First-Team-Meeting-2-1536x1152.jpg 1536w, https:\/\/being-initiative.org\/wp-content\/uploads\/2025\/06\/R-BEING-2504-73155_First-Team-Meeting-2-16x12.jpg 16w\" sizes=\"auto, (max-width: 1600px) 100vw, 1600px\" \/><\/div><div class=\"row row-text bg-white\">\n\n<h3 class=\"wp-block-heading\" id=\"h-kita-bersama-we-are-together\">Kita Bersama (We Are Together)<\/h3>\n\n\n\n<p><strong>Organisation de mise en \u0153uvre :<\/strong> <a href=\"https:\/\/www.monash.edu\/indonesia\">Monash University, Indonesia<\/a><\/p>\n\n\n\n<p><strong>Type de projet :<\/strong> Proof-of-concept<\/p>\n\n\n\n<p><strong>Lieu : <\/strong>West Java and East Kalimantan, Indonesia<\/p>\n\n\n\n<p><strong>Thematic Area(s): <\/strong>Digital, Peer-Based<\/p>\n\n\n\n<p><strong>Status:<\/strong> Funded<\/p>\n\n\n<div id=\"ql-button-block_ac38ef1f3130b0e3d43afdb2b01ab50f\" class=\"acf-block ql-button button-left\"><a class=\"ql-button-link\" href=\"https:\/\/being-initiative.org\/fr\/innovations\/kita-bersama\/\" target=\"_blank\">Learn more!<\/a><\/div>\n<\/div><\/div><\/div><\/div>\n<\/div>\n\n\n\n<p><\/p>","protected":false},"excerpt":{"rendered":"<p>Country News What we&#8217;re funding in Indonesia Proof-of-concept funding: Proof-of-concept (POC) funding up to $250,000 CAD will be awarded to early-stage projects that can implement, test and refine solutions to&#8230;<\/p>","protected":false},"author":3,"featured_media":0,"parent":0,"menu_order":0,"comment_status":"closed","ping_status":"closed","template":"","meta":{"_acf_changed":false,"_genesis_hide_title":false,"_genesis_hide_breadcrumbs":false,"_genesis_hide_singular_image":false,"_genesis_hide_footer_widgets":false,"_genesis_custom_body_class":"","_genesis_custom_post_class":"","_genesis_layout":"","footnotes":""},"class_list":{"0":"post-2231","1":"page","2":"type-page","3":"status-publish","5":"entry"},"acf":[],"yoast_head":"<!-- This site is optimized with the Yoast SEO Premium plugin v27.1 (Yoast SEO v27.1.1) - https:\/\/yoast.com\/product\/yoast-seo-premium-wordpress\/ -->\n<title>Indonesia - Being | Grand Challenges Canada<\/title>\n<meta name=\"robots\" content=\"index, follow, max-snippet:-1, max-image-preview:large, max-video-preview:-1\" \/>\n<link rel=\"canonical\" href=\"https:\/\/being-initiative.org\/fr\/indonesia\/\" \/>\n<meta property=\"og:locale\" content=\"fr_CA\" \/>\n<meta property=\"og:type\" content=\"article\" \/>\n<meta property=\"og:title\" content=\"Indonesia\" \/>\n<meta property=\"og:description\" content=\"Country News What we&#8217;re funding in Indonesia Proof-of-concept funding: Proof-of-concept (POC) funding up to $250,000 CAD will be awarded to early-stage projects that can implement, test and refine solutions to...\" \/>\n<meta property=\"og:url\" content=\"https:\/\/being-initiative.org\/fr\/indonesia\/\" \/>\n<meta property=\"og:site_name\" content=\"Being | Grand Challenges Canada\" \/>\n<meta property=\"article:publisher\" content=\"https:\/\/www.facebook.com\/thebeinginitiative\" \/>\n<meta property=\"article:modified_time\" content=\"2026-03-11T20:14:15+00:00\" \/>\n<meta name=\"twitter:card\" content=\"summary_large_image\" \/>\n<meta name=\"twitter:site\" content=\"@beinginitiative\" \/>\n<meta name=\"twitter:label1\" content=\"Estimation du temps de lecture\" \/>\n\t<meta name=\"twitter:data1\" content=\"2 minutes\" \/>\n<script type=\"application\/ld+json\" class=\"yoast-schema-graph\">{\"@context\":\"https:\/\/schema.org\",\"@graph\":[{\"@type\":\"WebPage\",\"@id\":\"https:\/\/being-initiative.org\/indonesia\/\",\"url\":\"https:\/\/being-initiative.org\/indonesia\/\",\"name\":\"Indonesia - Being | Grand Challenges Canada\",\"isPartOf\":{\"@id\":\"https:\/\/being-initiative.org\/#website\"},\"datePublished\":\"2025-02-14T21:33:09+00:00\",\"dateModified\":\"2026-03-11T20:14:15+00:00\",\"breadcrumb\":{\"@id\":\"https:\/\/being-initiative.org\/indonesia\/#breadcrumb\"},\"inLanguage\":\"fr-CA\",\"potentialAction\":[{\"@type\":\"ReadAction\",\"target\":[\"https:\/\/being-initiative.org\/indonesia\/\"]}]},{\"@type\":\"BreadcrumbList\",\"@id\":\"https:\/\/being-initiative.org\/indonesia\/#breadcrumb\",\"itemListElement\":[{\"@type\":\"ListItem\",\"position\":1,\"name\":\"Home\",\"item\":\"https:\/\/being-initiative.org\/\"},{\"@type\":\"ListItem\",\"position\":2,\"name\":\"Indonesia\"}]},{\"@type\":\"WebSite\",\"@id\":\"https:\/\/being-initiative.org\/#website\",\"url\":\"https:\/\/being-initiative.org\/\",\"name\":\"Being Initiative\",\"description\":\"Innovating for young people\u2019s wellbeing\",\"publisher\":{\"@id\":\"https:\/\/being-initiative.org\/#organization\"},\"potentialAction\":[{\"@type\":\"SearchAction\",\"target\":{\"@type\":\"EntryPoint\",\"urlTemplate\":\"https:\/\/being-initiative.org\/?s={search_term_string}\"},\"query-input\":{\"@type\":\"PropertyValueSpecification\",\"valueRequired\":true,\"valueName\":\"search_term_string\"}}],\"inLanguage\":\"fr-CA\"},{\"@type\":\"Organization\",\"@id\":\"https:\/\/being-initiative.org\/#organization\",\"name\":\"Being Initiative\",\"url\":\"https:\/\/being-initiative.org\/\",\"logo\":{\"@type\":\"ImageObject\",\"inLanguage\":\"fr-CA\",\"@id\":\"https:\/\/being-initiative.org\/#\/schema\/logo\/image\/\",\"url\":\"https:\/\/being-initiative.org\/wp-content\/uploads\/2023\/03\/being-logo.png\",\"contentUrl\":\"https:\/\/being-initiative.org\/wp-content\/uploads\/2023\/03\/being-logo.png\",\"width\":440,\"height\":136,\"caption\":\"Being Initiative\"},\"image\":{\"@id\":\"https:\/\/being-initiative.org\/#\/schema\/logo\/image\/\"},\"sameAs\":[\"https:\/\/www.facebook.com\/thebeinginitiative\",\"https:\/\/x.com\/beinginitiative\",\"https:\/\/www.linkedin.com\/company\/beinginitiative\/\",\"https:\/\/www.instagram.com\/beinginitiative\/\"]}]}<\/script>\n<!-- \/ Yoast SEO Premium plugin. -->","yoast_head_json":{"title":"Indonesia - Being | Grand Challenges Canada","robots":{"index":"index","follow":"follow","max-snippet":"max-snippet:-1","max-image-preview":"max-image-preview:large","max-video-preview":"max-video-preview:-1"},"canonical":"https:\/\/being-initiative.org\/fr\/indonesia\/","og_locale":"fr_CA","og_type":"article","og_title":"Indonesia","og_description":"Country News What we&#8217;re funding in Indonesia Proof-of-concept funding: Proof-of-concept (POC) funding up to $250,000 CAD will be awarded to early-stage projects that can implement, test and refine solutions to...","og_url":"https:\/\/being-initiative.org\/fr\/indonesia\/","og_site_name":"Being | Grand Challenges Canada","article_publisher":"https:\/\/www.facebook.com\/thebeinginitiative","article_modified_time":"2026-03-11T20:14:15+00:00","twitter_card":"summary_large_image","twitter_site":"@beinginitiative","twitter_misc":{"Estimation du temps de lecture":"2 minutes"},"schema":{"@context":"https:\/\/schema.org","@graph":[{"@type":"WebPage","@id":"https:\/\/being-initiative.org\/indonesia\/","url":"https:\/\/being-initiative.org\/indonesia\/","name":"Indonesia - Being | Grand Challenges Canada","isPartOf":{"@id":"https:\/\/being-initiative.org\/#website"},"datePublished":"2025-02-14T21:33:09+00:00","dateModified":"2026-03-11T20:14:15+00:00","breadcrumb":{"@id":"https:\/\/being-initiative.org\/indonesia\/#breadcrumb"},"inLanguage":"fr-CA","potentialAction":[{"@type":"ReadAction","target":["https:\/\/being-initiative.org\/indonesia\/"]}]},{"@type":"BreadcrumbList","@id":"https:\/\/being-initiative.org\/indonesia\/#breadcrumb","itemListElement":[{"@type":"ListItem","position":1,"name":"Home","item":"https:\/\/being-initiative.org\/"},{"@type":"ListItem","position":2,"name":"Indonesia"}]},{"@type":"WebSite","@id":"https:\/\/being-initiative.org\/#website","url":"https:\/\/being-initiative.org\/","name":"Being Initiative","description":"Innover pour le bien-\u00eatre des jeunes","publisher":{"@id":"https:\/\/being-initiative.org\/#organization"},"potentialAction":[{"@type":"SearchAction","target":{"@type":"EntryPoint","urlTemplate":"https:\/\/being-initiative.org\/?s={search_term_string}"},"query-input":{"@type":"PropertyValueSpecification","valueRequired":true,"valueName":"search_term_string"}}],"inLanguage":"fr-CA"},{"@type":"Organization","@id":"https:\/\/being-initiative.org\/#organization","name":"Being Initiative","url":"https:\/\/being-initiative.org\/","logo":{"@type":"ImageObject","inLanguage":"fr-CA","@id":"https:\/\/being-initiative.org\/#\/schema\/logo\/image\/","url":"https:\/\/being-initiative.org\/wp-content\/uploads\/2023\/03\/being-logo.png","contentUrl":"https:\/\/being-initiative.org\/wp-content\/uploads\/2023\/03\/being-logo.png","width":440,"height":136,"caption":"Being Initiative"},"image":{"@id":"https:\/\/being-initiative.org\/#\/schema\/logo\/image\/"},"sameAs":["https:\/\/www.facebook.com\/thebeinginitiative","https:\/\/x.com\/beinginitiative","https:\/\/www.linkedin.com\/company\/beinginitiative\/","https:\/\/www.instagram.com\/beinginitiative\/"]}]}},"_links":{"self":[{"href":"https:\/\/being-initiative.org\/fr\/wp-json\/wp\/v2\/pages\/2231","targetHints":{"allow":["GET"]}}],"collection":[{"href":"https:\/\/being-initiative.org\/fr\/wp-json\/wp\/v2\/pages"}],"about":[{"href":"https:\/\/being-initiative.org\/fr\/wp-json\/wp\/v2\/types\/page"}],"author":[{"embeddable":true,"href":"https:\/\/being-initiative.org\/fr\/wp-json\/wp\/v2\/users\/3"}],"replies":[{"embeddable":true,"href":"https:\/\/being-initiative.org\/fr\/wp-json\/wp\/v2\/comments?post=2231"}],"version-history":[{"count":0,"href":"https:\/\/being-initiative.org\/fr\/wp-json\/wp\/v2\/pages\/2231\/revisions"}],"wp:attachment":[{"href":"https:\/\/being-initiative.org\/fr\/wp-json\/wp\/v2\/media?parent=2231"}],"curies":[{"name":"wp","href":"https:\/\/api.w.org\/{rel}","templated":true}]}}