{"id":2090,"date":"2024-08-13T20:05:22","date_gmt":"2024-08-13T20:05:22","guid":{"rendered":"https:\/\/being-initiative.org\/?page_id=2090"},"modified":"2025-05-05T21:13:39","modified_gmt":"2025-05-05T21:13:39","slug":"learning-and-support","status":"publish","type":"page","link":"https:\/\/being-initiative.org\/fr\/learning-and-support\/","title":{"rendered":"R\u00e9seau d'apprentissage et de soutien"},"content":{"rendered":"<div id=\"ql-bg-container-block_6c35228e1921cd422426ca2013773600\" class=\"acf-block ql-bg-container bg-primary bg-dark\"><div class=\"ql-bg-container-inner\">\n\n<h2 class=\"wp-block-heading\" id=\"h-about-the-learning-and-support-network\">\u00c0 propos du r\u00e9seau d'apprentissage et de soutien<\/h2>\n\n\n\n<p>En tant que centre d'excellence mondial pour la recherche et de l'application des connaissances, <a href=\"https:\/\/www.orygen.org.au\/\" target=\"_blank\" rel=\"noreferrer noopener\">Orygen<\/a> a rejoint Being pour diriger notre r\u00e9seau d'apprentissage et de soutien. Orygen soutiendra les projets financ\u00e9s en fournissant un soutien technique, en facilitant l'\u00e9change de connaissances, en promouvant les meilleures pratiques et en soutenant la distribution de l'impact collectif de Being avec les innovateurs mondiaux.\u00a0<\/p>\n\n\n\n<p>La branche internationale d'Orygen, <a href=\"https:\/\/www.orygen.org.au\/About\/Orygen-Global\">Orygen Global<\/a> s'est associ\u00e9e \u00e0 sept organisations de premier plan pour \u00e9tablir des centres r\u00e9gionaux en Afrique subsaharienne, au Moyen-Orient et en Afrique du Nord, en Europe de l'Est, en Asie du Sud, en Asie du Sud-Est et en Am\u00e9rique latine. La plateforme d'apprentissage et de soutien travaillera avec les projets financ\u00e9s par le biais d'un coaching individuel d'experts et d'un renforcement des capacit\u00e9s, d'ateliers de groupe (en personne et virtuels) et d'un apprentissage de pair \u00e0 pair. &nbsp;<\/p>\n\n\n\n<p>Les p\u00f4les r\u00e9gionaux seront dirig\u00e9s par :<\/p>\n\n\n\n<ul class=\"wp-block-list\">\n<li><strong>Centre for Mental Health Law &amp; Policy<\/strong> (Asie du Sud), <\/li>\n\n\n\n<li><strong>Catalina Popoviciu<\/strong> (Europe de l'Est), <\/li>\n\n\n\n<li><strong>Fundaci\u00f3n Kindred<\/strong> (Am\u00e9rique latine), <\/li>\n\n\n\n<li><strong>Ganizo<\/strong> (Afrique subsaharienne), <\/li>\n\n\n\n<li><strong>Nivishe<\/strong> (Afrique subsaharienne), <\/li>\n\n\n\n<li><strong>Saad Uakkas<\/strong> (Moyen-Orient et Afrique du Nord) et ;<\/li>\n\n\n\n<li><strong>Universit\u00e9 Gadjah Mada<\/strong> (ASEAN).<\/li>\n<\/ul>\n\n\n\n<p>Cette approche garantit que les innovateurs re\u00e7oivent un soutien fond\u00e9 sur une compr\u00e9hension approfondie des facteurs sociaux, culturels, \u00e9conomiques et environnementaux qui fa\u00e7onnent les communaut\u00e9s.<\/p>\n\n\n\n<p>En outre, l'expertise d'Orygen Global et les relations existantes avec le secteur et les parties prenantes soutiendront les opportunit\u00e9s de collaboration et la durabilit\u00e9 des projets. Cela permettra aux initiatives de cr\u00e9er un impact durable qui s'\u00e9tendra au-del\u00e0 de la p\u00e9riode de subvention.<\/p>\n\n<\/div><\/div>\n\n<div id=\"ql-bg-container-block_2e55d3ed12d87b19c8e78c1df857c6a9\" class=\"acf-block ql-bg-container bg-white\"><div class=\"ql-bg-container-inner\">\n\n<h2 class=\"wp-block-heading\" id=\"h-about-orygen\">\u00c0 propos d'Orygen<\/h2>\n\n\n<div class=\"wp-block-image\">\n<figure class=\"aligncenter size-full is-resized\"><img loading=\"lazy\" decoding=\"async\" width=\"400\" height=\"400\" src=\"https:\/\/being-initiative.org\/wp-content\/uploads\/2024\/08\/Untitled-design-18.png\" alt=\"\" class=\"wp-image-2089\" style=\"width:162px;height:auto\" srcset=\"https:\/\/being-initiative.org\/wp-content\/uploads\/2024\/08\/Untitled-design-18.png 400w, https:\/\/being-initiative.org\/wp-content\/uploads\/2024\/08\/Untitled-design-18-150x150.png 150w, https:\/\/being-initiative.org\/wp-content\/uploads\/2024\/08\/Untitled-design-18-12x12.png 12w, https:\/\/being-initiative.org\/wp-content\/uploads\/2024\/08\/Untitled-design-18-75x75.png 75w\" sizes=\"auto, (max-width: 400px) 100vw, 400px\" \/><\/figure>\n<\/div>\n\n\n<p><a href=\"https:\/\/www.orygen.org.au\/\">Orygen<\/a>&nbsp;est le centre d'excellence australien pour la sant\u00e9 mentale des jeunes et est consid\u00e9r\u00e9 comme le pionnier mondial dans ce domaine. La recherche montre que 75 % des maladies mentales apparaissent avant l'\u00e2ge de 25 ans. Orygen a donc \u00e9t\u00e9 cr\u00e9\u00e9 pour r\u00e9pondre aux besoins urgents des jeunes \u00e2g\u00e9s de 12 \u00e0 25 ans en rassemblant l'expertise en mati\u00e8re de soins cliniques, de recherche, de formation, d'\u00e9laboration de politiques et de plaidoyer en faveur de la sant\u00e9 mentale des jeunes d'aujourd'hui et de toute la dur\u00e9e de leur vie.<\/p>\n\n<\/div><\/div>","protected":false},"excerpt":{"rendered":"","protected":false},"author":3,"featured_media":1393,"parent":0,"menu_order":0,"comment_status":"closed","ping_status":"closed","template":"","meta":{"_acf_changed":true,"_genesis_hide_title":false,"_genesis_hide_breadcrumbs":false,"_genesis_hide_singular_image":false,"_genesis_hide_footer_widgets":false,"_genesis_custom_body_class":"","_genesis_custom_post_class":"","_genesis_layout":"","footnotes":""},"class_list":{"0":"post-2090","1":"page","2":"type-page","3":"status-publish","4":"has-post-thumbnail","6":"entry"},"acf":[],"yoast_head":"<!-- This site is optimized with the Yoast SEO Premium plugin v27.1 (Yoast SEO v27.1.1) - https:\/\/yoast.com\/product\/yoast-seo-premium-wordpress\/ -->\n<title>Learning and Support Network<\/title>\n<meta name=\"description\" content=\"In partnership with Orygen, our learning and support network provides technical support to funded organizations and helps us share best practices, lessons, and our collective impact on global mental health.\" \/>\n<meta name=\"robots\" content=\"index, follow, max-snippet:-1, max-image-preview:large, max-video-preview:-1\" \/>\n<link rel=\"canonical\" href=\"https:\/\/being-initiative.org\/fr\/learning-and-support\/\" \/>\n<meta property=\"og:locale\" content=\"fr_CA\" \/>\n<meta property=\"og:type\" content=\"article\" \/>\n<meta property=\"og:title\" content=\"Learning and Support Network\" \/>\n<meta property=\"og:description\" content=\"In partnership with Orygen, our learning and support network provides technical support to funded organizations and helps us share best practices, lessons, and our collective impact on global mental health.\" \/>\n<meta property=\"og:url\" content=\"https:\/\/being-initiative.org\/fr\/learning-and-support\/\" \/>\n<meta property=\"og:site_name\" content=\"Being | Grand Challenges Canada\" \/>\n<meta property=\"article:publisher\" content=\"https:\/\/www.facebook.com\/thebeinginitiative\" \/>\n<meta property=\"article:modified_time\" content=\"2025-05-05T21:13:39+00:00\" \/>\n<meta property=\"og:image\" content=\"https:\/\/being-initiative.org\/wp-content\/uploads\/2023\/05\/FundingOpps_InvestorResources.png\" \/>\n\t<meta property=\"og:image:width\" content=\"2251\" \/>\n\t<meta property=\"og:image:height\" content=\"1860\" \/>\n\t<meta property=\"og:image:type\" content=\"image\/png\" \/>\n<meta name=\"twitter:card\" content=\"summary_large_image\" \/>\n<meta name=\"twitter:site\" content=\"@beinginitiative\" \/>\n<meta name=\"twitter:label1\" content=\"Estimation du temps de lecture\" \/>\n\t<meta name=\"twitter:data1\" content=\"2 minutes\" \/>\n<script type=\"application\/ld+json\" class=\"yoast-schema-graph\">{\"@context\":\"https:\/\/schema.org\",\"@graph\":[{\"@type\":\"WebPage\",\"@id\":\"https:\/\/being-initiative.org\/learning-and-support\/\",\"url\":\"https:\/\/being-initiative.org\/learning-and-support\/\",\"name\":\"Learning and Support Network\",\"isPartOf\":{\"@id\":\"https:\/\/being-initiative.org\/#website\"},\"primaryImageOfPage\":{\"@id\":\"https:\/\/being-initiative.org\/learning-and-support\/#primaryimage\"},\"image\":{\"@id\":\"https:\/\/being-initiative.org\/learning-and-support\/#primaryimage\"},\"thumbnailUrl\":\"https:\/\/being-initiative.org\/wp-content\/uploads\/2023\/05\/FundingOpps_InvestorResources.png\",\"datePublished\":\"2024-08-13T20:05:22+00:00\",\"dateModified\":\"2025-05-05T21:13:39+00:00\",\"description\":\"In partnership with Orygen, our learning and support network provides technical support to funded organizations and helps us share best practices, lessons, and our collective impact on global mental health.\",\"breadcrumb\":{\"@id\":\"https:\/\/being-initiative.org\/learning-and-support\/#breadcrumb\"},\"inLanguage\":\"fr-CA\",\"potentialAction\":[{\"@type\":\"ReadAction\",\"target\":[\"https:\/\/being-initiative.org\/learning-and-support\/\"]}]},{\"@type\":\"ImageObject\",\"inLanguage\":\"fr-CA\",\"@id\":\"https:\/\/being-initiative.org\/learning-and-support\/#primaryimage\",\"url\":\"https:\/\/being-initiative.org\/wp-content\/uploads\/2023\/05\/FundingOpps_InvestorResources.png\",\"contentUrl\":\"https:\/\/being-initiative.org\/wp-content\/uploads\/2023\/05\/FundingOpps_InvestorResources.png\",\"width\":2251,\"height\":1860,\"caption\":\"Illustration\"},{\"@type\":\"BreadcrumbList\",\"@id\":\"https:\/\/being-initiative.org\/learning-and-support\/#breadcrumb\",\"itemListElement\":[{\"@type\":\"ListItem\",\"position\":1,\"name\":\"Home\",\"item\":\"https:\/\/being-initiative.org\/\"},{\"@type\":\"ListItem\",\"position\":2,\"name\":\"Learning and Support Network\"}]},{\"@type\":\"WebSite\",\"@id\":\"https:\/\/being-initiative.org\/#website\",\"url\":\"https:\/\/being-initiative.org\/\",\"name\":\"Being Initiative\",\"description\":\"Innovating for young people\u2019s wellbeing\",\"publisher\":{\"@id\":\"https:\/\/being-initiative.org\/#organization\"},\"potentialAction\":[{\"@type\":\"SearchAction\",\"target\":{\"@type\":\"EntryPoint\",\"urlTemplate\":\"https:\/\/being-initiative.org\/?s={search_term_string}\"},\"query-input\":{\"@type\":\"PropertyValueSpecification\",\"valueRequired\":true,\"valueName\":\"search_term_string\"}}],\"inLanguage\":\"fr-CA\"},{\"@type\":\"Organization\",\"@id\":\"https:\/\/being-initiative.org\/#organization\",\"name\":\"Being Initiative\",\"url\":\"https:\/\/being-initiative.org\/\",\"logo\":{\"@type\":\"ImageObject\",\"inLanguage\":\"fr-CA\",\"@id\":\"https:\/\/being-initiative.org\/#\/schema\/logo\/image\/\",\"url\":\"https:\/\/being-initiative.org\/wp-content\/uploads\/2023\/03\/being-logo.png\",\"contentUrl\":\"https:\/\/being-initiative.org\/wp-content\/uploads\/2023\/03\/being-logo.png\",\"width\":440,\"height\":136,\"caption\":\"Being Initiative\"},\"image\":{\"@id\":\"https:\/\/being-initiative.org\/#\/schema\/logo\/image\/\"},\"sameAs\":[\"https:\/\/www.facebook.com\/thebeinginitiative\",\"https:\/\/x.com\/beinginitiative\",\"https:\/\/www.linkedin.com\/company\/beinginitiative\/\",\"https:\/\/www.instagram.com\/beinginitiative\/\"]}]}<\/script>\n<!-- \/ Yoast SEO Premium plugin. -->","yoast_head_json":{"title":"R\u00e9seau d'apprentissage et de soutien","description":"In partnership with Orygen, our learning and support network provides technical support to funded organizations and helps us share best practices, lessons, and our collective impact on global mental health.","robots":{"index":"index","follow":"follow","max-snippet":"max-snippet:-1","max-image-preview":"max-image-preview:large","max-video-preview":"max-video-preview:-1"},"canonical":"https:\/\/being-initiative.org\/fr\/learning-and-support\/","og_locale":"fr_CA","og_type":"article","og_title":"Learning and Support Network","og_description":"In partnership with Orygen, our learning and support network provides technical support to funded organizations and helps us share best practices, lessons, and our collective impact on global mental health.","og_url":"https:\/\/being-initiative.org\/fr\/learning-and-support\/","og_site_name":"Being | Grand Challenges Canada","article_publisher":"https:\/\/www.facebook.com\/thebeinginitiative","article_modified_time":"2025-05-05T21:13:39+00:00","og_image":[{"width":2251,"height":1860,"url":"https:\/\/being-initiative.org\/wp-content\/uploads\/2023\/05\/FundingOpps_InvestorResources.png","type":"image\/png"}],"twitter_card":"summary_large_image","twitter_site":"@beinginitiative","twitter_misc":{"Estimation du temps de lecture":"2 minutes"},"schema":{"@context":"https:\/\/schema.org","@graph":[{"@type":"WebPage","@id":"https:\/\/being-initiative.org\/learning-and-support\/","url":"https:\/\/being-initiative.org\/learning-and-support\/","name":"R\u00e9seau d'apprentissage et de soutien","isPartOf":{"@id":"https:\/\/being-initiative.org\/#website"},"primaryImageOfPage":{"@id":"https:\/\/being-initiative.org\/learning-and-support\/#primaryimage"},"image":{"@id":"https:\/\/being-initiative.org\/learning-and-support\/#primaryimage"},"thumbnailUrl":"https:\/\/being-initiative.org\/wp-content\/uploads\/2023\/05\/FundingOpps_InvestorResources.png","datePublished":"2024-08-13T20:05:22+00:00","dateModified":"2025-05-05T21:13:39+00:00","description":"In partnership with Orygen, our learning and support network provides technical support to funded organizations and helps us share best practices, lessons, and our collective impact on global mental health.","breadcrumb":{"@id":"https:\/\/being-initiative.org\/learning-and-support\/#breadcrumb"},"inLanguage":"fr-CA","potentialAction":[{"@type":"ReadAction","target":["https:\/\/being-initiative.org\/learning-and-support\/"]}]},{"@type":"ImageObject","inLanguage":"fr-CA","@id":"https:\/\/being-initiative.org\/learning-and-support\/#primaryimage","url":"https:\/\/being-initiative.org\/wp-content\/uploads\/2023\/05\/FundingOpps_InvestorResources.png","contentUrl":"https:\/\/being-initiative.org\/wp-content\/uploads\/2023\/05\/FundingOpps_InvestorResources.png","width":2251,"height":1860,"caption":"Illustration"},{"@type":"BreadcrumbList","@id":"https:\/\/being-initiative.org\/learning-and-support\/#breadcrumb","itemListElement":[{"@type":"ListItem","position":1,"name":"Home","item":"https:\/\/being-initiative.org\/"},{"@type":"ListItem","position":2,"name":"Learning and Support Network"}]},{"@type":"WebSite","@id":"https:\/\/being-initiative.org\/#website","url":"https:\/\/being-initiative.org\/","name":"Being Initiative","description":"Innover pour le bien-\u00eatre des jeunes","publisher":{"@id":"https:\/\/being-initiative.org\/#organization"},"potentialAction":[{"@type":"SearchAction","target":{"@type":"EntryPoint","urlTemplate":"https:\/\/being-initiative.org\/?s={search_term_string}"},"query-input":{"@type":"PropertyValueSpecification","valueRequired":true,"valueName":"search_term_string"}}],"inLanguage":"fr-CA"},{"@type":"Organization","@id":"https:\/\/being-initiative.org\/#organization","name":"Being Initiative","url":"https:\/\/being-initiative.org\/","logo":{"@type":"ImageObject","inLanguage":"fr-CA","@id":"https:\/\/being-initiative.org\/#\/schema\/logo\/image\/","url":"https:\/\/being-initiative.org\/wp-content\/uploads\/2023\/03\/being-logo.png","contentUrl":"https:\/\/being-initiative.org\/wp-content\/uploads\/2023\/03\/being-logo.png","width":440,"height":136,"caption":"Being Initiative"},"image":{"@id":"https:\/\/being-initiative.org\/#\/schema\/logo\/image\/"},"sameAs":["https:\/\/www.facebook.com\/thebeinginitiative","https:\/\/x.com\/beinginitiative","https:\/\/www.linkedin.com\/company\/beinginitiative\/","https:\/\/www.instagram.com\/beinginitiative\/"]}]}},"_links":{"self":[{"href":"https:\/\/being-initiative.org\/fr\/wp-json\/wp\/v2\/pages\/2090","targetHints":{"allow":["GET"]}}],"collection":[{"href":"https:\/\/being-initiative.org\/fr\/wp-json\/wp\/v2\/pages"}],"about":[{"href":"https:\/\/being-initiative.org\/fr\/wp-json\/wp\/v2\/types\/page"}],"author":[{"embeddable":true,"href":"https:\/\/being-initiative.org\/fr\/wp-json\/wp\/v2\/users\/3"}],"replies":[{"embeddable":true,"href":"https:\/\/being-initiative.org\/fr\/wp-json\/wp\/v2\/comments?post=2090"}],"version-history":[{"count":0,"href":"https:\/\/being-initiative.org\/fr\/wp-json\/wp\/v2\/pages\/2090\/revisions"}],"wp:featuredmedia":[{"embeddable":true,"href":"https:\/\/being-initiative.org\/fr\/wp-json\/wp\/v2\/media\/1393"}],"wp:attachment":[{"href":"https:\/\/being-initiative.org\/fr\/wp-json\/wp\/v2\/media?parent=2090"}],"curies":[{"name":"wp","href":"https:\/\/api.w.org\/{rel}","templated":true}]}}