{"id":1939,"date":"2024-02-26T16:45:58","date_gmt":"2024-02-26T16:45:58","guid":{"rendered":"https:\/\/being-initiative.org\/?page_id=1939"},"modified":"2025-05-05T21:03:15","modified_gmt":"2025-05-05T21:03:15","slug":"longitudinal-research","status":"publish","type":"page","link":"https:\/\/being-initiative.org\/fr\/longitudinal-research\/","title":{"rendered":"\u00c9tudes longitudinales"},"content":{"rendered":"<div id=\"ql-bg-container-block_30243a83db81ca15d9184cadb508b389\" class=\"acf-block ql-bg-container bg-primary bg-dark\"><div class=\"ql-bg-container-inner\">\n\n<h2 class=\"wp-block-heading\" id=\"h-why-we-fund-longitudinal-research\">Pourquoi finan\u00e7ons-nous les \u00e9tudes longitudinales?<\/h2>\n\n\n\n<p>Divers facteurs de stress, tels que la pauvret\u00e9, la stigmatisation, la violence et les changements climatiques ont une incidence sur la sant\u00e9 mentale des jeunes. Pourtant, nous ne comprenons pas enti\u00e8rement comment les facteurs personnels, soci\u00e9taux et environnementaux peuvent influer sur les facteurs de stress \u00e9mergents pour la sant\u00e9 mentale et, qui plus est, comment ils peuvent interagir les uns avec les autres pour affecter la sant\u00e9 mentale des jeunes.<strong> <\/strong>En partenariat avec la <a href=\"https:\/\/scienceforafrica.foundation\/\" target=\"_blank\" rel=\"noreferrer noopener\">Science for Africa Foundation<\/a>, nous finan\u00e7ons des recherches longitudinales pour<strong> nous aider \u00e0 comprendre les effets \u00e0 long terme des facteurs de stress sur la sant\u00e9 mentale des jeunes. <\/strong><\/p>\n\n\n\n<p>En sachant comment et pourquoi les facteurs de stress ont un impact sur la sant\u00e9 mentale des jeunes, en particulier dans les pays \u00e0 revenu faible ou interm\u00e9diaire, nous pouvons mieux identifier les causes profondes des troubles de sant\u00e9 mentale et appuyer la pr\u00e9vention, les interventions pr\u00e9coces et les recommandations r\u00e9alisables sur le plan des politiques pour la sant\u00e9 mentale et le bien-\u00eatre des jeunes.<\/p>\n\n<\/div><\/div>\n\n<div id=\"ql-bg-container-block_aad6c8c4a8ca16bacf9b5c84c5713643\" class=\"acf-block ql-bg-container bg-white\"><div class=\"ql-bg-container-inner\">\n\n<h2 class=\"wp-block-heading\" id=\"h-about-the-nbsp-science-nbsp-for-nbsp-africa-foundation\"><strong>\u00c0 propos de la Science for African Foundation<\/strong><\/h2>\n\n\n<div class=\"wp-block-image\">\n<figure class=\"aligncenter size-full\"><img loading=\"lazy\" decoding=\"async\" width=\"520\" height=\"202\" src=\"https:\/\/being-initiative.org\/wp-content\/uploads\/2024\/02\/SFA-logo-1.png\" alt=\"\" class=\"wp-image-1956\" srcset=\"https:\/\/being-initiative.org\/wp-content\/uploads\/2024\/02\/SFA-logo-1.png 520w, https:\/\/being-initiative.org\/wp-content\/uploads\/2024\/02\/SFA-logo-1-500x194.png 500w, https:\/\/being-initiative.org\/wp-content\/uploads\/2024\/02\/SFA-logo-1-18x7.png 18w\" sizes=\"auto, (max-width: 520px) 100vw, 520px\" \/><\/figure>\n<\/div>\n\n\n<p>La&nbsp;<a href=\"https:\/\/scienceforafrica.foundation\/\" target=\"_blank\" rel=\"noreferrer noopener\">Science for Africa Foundation<\/a>&nbsp;(SFA Foundation) est une organisation caritative publique panafricaine \u00e0 but non lucratif qui soutient, renforce et promeut la science et l'innovation en Afrique. La Fondation SFA sert l'\u00e9cosyst\u00e8me de la recherche africaine en finan\u00e7ant des id\u00e9es de recherche et d'innovation excellentes, en facilitant des collaborations interdisciplinaires entre chercheurs et en cr\u00e9ant et renfor\u00e7ant des contextes propices \u00e0 l'\u00e9panouissement des scientifiques et \u00e0 la production d'une recherche de qualit\u00e9 qui g\u00e9n\u00e8re de nouvelles connaissances pertinentes au niveau local. La Fondation SFA cherche \u00e0 r\u00e9pondre aux besoins de d\u00e9veloppement les plus pressants du continent en g\u00e9n\u00e9rant des connaissances qui permettent de r\u00e9soudre des probl\u00e8mes et \u00e9clairent la prise de d\u00e9cision.<strong>.&nbsp;<\/strong><\/p>\n\n\n\n<p>La Fondation SFA jouera un r\u00f4le crucial dans le soutien des objectifs de Being en supervisant des projets de recherche longitudinale, en renfor\u00e7ant les \u00e9cosyst\u00e8mes de recherche et en donnant des moyens d'action aux professionnels de la sant\u00e9 mentale dans les 12 pays prioritaires, tout en veillant \u00e0 ce que les voix et les besoins des jeunes et des personnes ayant une exp\u00e9rience v\u00e9cue des probl\u00e8mes de sant\u00e9 mentale soient entendus.<\/p>\n\n\n\n<p><strong>La SFA Foundation soutiendra l'initiative pour :<\/strong><\/p>\n\n\n\n<ul class=\"wp-block-list\">\n<li>Renforcer la qualit\u00e9 de la science de la sant\u00e9 mentale.<\/li>\n\n\n\n<li>Am\u00e9liorer la formation \u00e0 la recherche par la collaboration, la supervision conjointe et le discours scientifique.<\/li>\n\n\n\n<li>Susciter l'engagement du public envers la science en augmentant les activit\u00e9s de citoyennet\u00e9 scientifique parmi les chercheurs, les d\u00e9cideurs politiques et les publics non scientifiques.<\/li>\n\n\n\n<li>Cr\u00e9er des environnements prosp\u00e8res et durables dans lesquels le bien-\u00eatre mental, gr\u00e2ce \u00e0 la recherche et \u00e0 des approches novatrices ax\u00e9es sur la jeunesse, entra\u00eene des changements positifs et durables dans les communaut\u00e9s locales et au-del\u00e0.<\/li>\n<\/ul>\n\n<\/div><\/div>","protected":false},"excerpt":{"rendered":"","protected":false},"author":3,"featured_media":2504,"parent":0,"menu_order":0,"comment_status":"closed","ping_status":"closed","template":"","meta":{"_acf_changed":true,"_genesis_hide_title":false,"_genesis_hide_breadcrumbs":false,"_genesis_hide_singular_image":false,"_genesis_hide_footer_widgets":false,"_genesis_custom_body_class":"","_genesis_custom_post_class":"","_genesis_layout":"","footnotes":""},"class_list":{"0":"post-1939","1":"page","2":"type-page","3":"status-publish","4":"has-post-thumbnail","6":"entry"},"acf":[],"yoast_head":"<!-- This site is optimized with the Yoast SEO Premium plugin v27.1 (Yoast SEO v27.1.1) - https:\/\/yoast.com\/product\/yoast-seo-premium-wordpress\/ -->\n<title>Longitudinal Research On Young People&#039;s Mental Health Stressors<\/title>\n<meta name=\"description\" content=\"With the Science for Africa Foundation, we fund longitudinal research to understand the impacts of young people&#039;s mental health stressors.\" \/>\n<meta name=\"robots\" content=\"index, follow, max-snippet:-1, max-image-preview:large, max-video-preview:-1\" \/>\n<link rel=\"canonical\" href=\"https:\/\/being-initiative.org\/fr\/longitudinal-research\/\" \/>\n<meta property=\"og:locale\" content=\"fr_CA\" \/>\n<meta property=\"og:type\" content=\"article\" \/>\n<meta property=\"og:title\" content=\"Longitudinal Research\" \/>\n<meta property=\"og:description\" content=\"With the Science for Africa Foundation, we fund longitudinal research to understand the impacts of young people&#039;s mental health stressors.\" \/>\n<meta property=\"og:url\" content=\"https:\/\/being-initiative.org\/fr\/longitudinal-research\/\" \/>\n<meta property=\"og:site_name\" content=\"Being | Grand Challenges Canada\" \/>\n<meta property=\"article:publisher\" content=\"https:\/\/www.facebook.com\/thebeinginitiative\" \/>\n<meta property=\"article:modified_time\" content=\"2025-05-05T21:03:15+00:00\" \/>\n<meta property=\"og:image\" content=\"https:\/\/being-initiative.org\/wp-content\/uploads\/2025\/05\/1-scaled.png\" \/>\n\t<meta property=\"og:image:width\" content=\"1978\" \/>\n\t<meta property=\"og:image:height\" content=\"2560\" \/>\n\t<meta property=\"og:image:type\" content=\"image\/png\" \/>\n<meta name=\"twitter:card\" content=\"summary_large_image\" \/>\n<meta name=\"twitter:site\" content=\"@beinginitiative\" \/>\n<meta name=\"twitter:label1\" content=\"Estimation du temps de lecture\" \/>\n\t<meta name=\"twitter:data1\" content=\"2 minutes\" \/>\n<script type=\"application\/ld+json\" class=\"yoast-schema-graph\">{\"@context\":\"https:\/\/schema.org\",\"@graph\":[{\"@type\":\"WebPage\",\"@id\":\"https:\/\/being-initiative.org\/longitudinal-research\/\",\"url\":\"https:\/\/being-initiative.org\/longitudinal-research\/\",\"name\":\"Longitudinal Research On Young People's Mental Health Stressors\",\"isPartOf\":{\"@id\":\"https:\/\/being-initiative.org\/#website\"},\"primaryImageOfPage\":{\"@id\":\"https:\/\/being-initiative.org\/longitudinal-research\/#primaryimage\"},\"image\":{\"@id\":\"https:\/\/being-initiative.org\/longitudinal-research\/#primaryimage\"},\"thumbnailUrl\":\"https:\/\/being-initiative.org\/wp-content\/uploads\/2025\/05\/1-scaled.png\",\"datePublished\":\"2024-02-26T16:45:58+00:00\",\"dateModified\":\"2025-05-05T21:03:15+00:00\",\"description\":\"With the Science for Africa Foundation, we fund longitudinal research to understand the impacts of young people's mental health stressors.\",\"breadcrumb\":{\"@id\":\"https:\/\/being-initiative.org\/longitudinal-research\/#breadcrumb\"},\"inLanguage\":\"fr-CA\",\"potentialAction\":[{\"@type\":\"ReadAction\",\"target\":[\"https:\/\/being-initiative.org\/longitudinal-research\/\"]}]},{\"@type\":\"ImageObject\",\"inLanguage\":\"fr-CA\",\"@id\":\"https:\/\/being-initiative.org\/longitudinal-research\/#primaryimage\",\"url\":\"https:\/\/being-initiative.org\/wp-content\/uploads\/2025\/05\/1-scaled.png\",\"contentUrl\":\"https:\/\/being-initiative.org\/wp-content\/uploads\/2025\/05\/1-scaled.png\",\"width\":1978,\"height\":2560},{\"@type\":\"BreadcrumbList\",\"@id\":\"https:\/\/being-initiative.org\/longitudinal-research\/#breadcrumb\",\"itemListElement\":[{\"@type\":\"ListItem\",\"position\":1,\"name\":\"Home\",\"item\":\"https:\/\/being-initiative.org\/\"},{\"@type\":\"ListItem\",\"position\":2,\"name\":\"Longitudinal Research\"}]},{\"@type\":\"WebSite\",\"@id\":\"https:\/\/being-initiative.org\/#website\",\"url\":\"https:\/\/being-initiative.org\/\",\"name\":\"Being Initiative\",\"description\":\"Innovating for young people\u2019s wellbeing\",\"publisher\":{\"@id\":\"https:\/\/being-initiative.org\/#organization\"},\"potentialAction\":[{\"@type\":\"SearchAction\",\"target\":{\"@type\":\"EntryPoint\",\"urlTemplate\":\"https:\/\/being-initiative.org\/?s={search_term_string}\"},\"query-input\":{\"@type\":\"PropertyValueSpecification\",\"valueRequired\":true,\"valueName\":\"search_term_string\"}}],\"inLanguage\":\"fr-CA\"},{\"@type\":\"Organization\",\"@id\":\"https:\/\/being-initiative.org\/#organization\",\"name\":\"Being Initiative\",\"url\":\"https:\/\/being-initiative.org\/\",\"logo\":{\"@type\":\"ImageObject\",\"inLanguage\":\"fr-CA\",\"@id\":\"https:\/\/being-initiative.org\/#\/schema\/logo\/image\/\",\"url\":\"https:\/\/being-initiative.org\/wp-content\/uploads\/2023\/03\/being-logo.png\",\"contentUrl\":\"https:\/\/being-initiative.org\/wp-content\/uploads\/2023\/03\/being-logo.png\",\"width\":440,\"height\":136,\"caption\":\"Being Initiative\"},\"image\":{\"@id\":\"https:\/\/being-initiative.org\/#\/schema\/logo\/image\/\"},\"sameAs\":[\"https:\/\/www.facebook.com\/thebeinginitiative\",\"https:\/\/x.com\/beinginitiative\",\"https:\/\/www.linkedin.com\/company\/beinginitiative\/\",\"https:\/\/www.instagram.com\/beinginitiative\/\"]}]}<\/script>\n<!-- \/ Yoast SEO Premium plugin. -->","yoast_head_json":{"title":"Longitudinal Research On Young People's Mental Health Stressors","description":"With the Science for Africa Foundation, we fund longitudinal research to understand the impacts of young people's mental health stressors.","robots":{"index":"index","follow":"follow","max-snippet":"max-snippet:-1","max-image-preview":"max-image-preview:large","max-video-preview":"max-video-preview:-1"},"canonical":"https:\/\/being-initiative.org\/fr\/longitudinal-research\/","og_locale":"fr_CA","og_type":"article","og_title":"Longitudinal Research","og_description":"With the Science for Africa Foundation, we fund longitudinal research to understand the impacts of young people's mental health stressors.","og_url":"https:\/\/being-initiative.org\/fr\/longitudinal-research\/","og_site_name":"Being | Grand Challenges Canada","article_publisher":"https:\/\/www.facebook.com\/thebeinginitiative","article_modified_time":"2025-05-05T21:03:15+00:00","og_image":[{"width":1978,"height":2560,"url":"https:\/\/being-initiative.org\/wp-content\/uploads\/2025\/05\/1-scaled.png","type":"image\/png"}],"twitter_card":"summary_large_image","twitter_site":"@beinginitiative","twitter_misc":{"Estimation du temps de lecture":"2 minutes"},"schema":{"@context":"https:\/\/schema.org","@graph":[{"@type":"WebPage","@id":"https:\/\/being-initiative.org\/longitudinal-research\/","url":"https:\/\/being-initiative.org\/longitudinal-research\/","name":"Longitudinal Research On Young People's Mental Health Stressors","isPartOf":{"@id":"https:\/\/being-initiative.org\/#website"},"primaryImageOfPage":{"@id":"https:\/\/being-initiative.org\/longitudinal-research\/#primaryimage"},"image":{"@id":"https:\/\/being-initiative.org\/longitudinal-research\/#primaryimage"},"thumbnailUrl":"https:\/\/being-initiative.org\/wp-content\/uploads\/2025\/05\/1-scaled.png","datePublished":"2024-02-26T16:45:58+00:00","dateModified":"2025-05-05T21:03:15+00:00","description":"With the Science for Africa Foundation, we fund longitudinal research to understand the impacts of young people's mental health stressors.","breadcrumb":{"@id":"https:\/\/being-initiative.org\/longitudinal-research\/#breadcrumb"},"inLanguage":"fr-CA","potentialAction":[{"@type":"ReadAction","target":["https:\/\/being-initiative.org\/longitudinal-research\/"]}]},{"@type":"ImageObject","inLanguage":"fr-CA","@id":"https:\/\/being-initiative.org\/longitudinal-research\/#primaryimage","url":"https:\/\/being-initiative.org\/wp-content\/uploads\/2025\/05\/1-scaled.png","contentUrl":"https:\/\/being-initiative.org\/wp-content\/uploads\/2025\/05\/1-scaled.png","width":1978,"height":2560},{"@type":"BreadcrumbList","@id":"https:\/\/being-initiative.org\/longitudinal-research\/#breadcrumb","itemListElement":[{"@type":"ListItem","position":1,"name":"Home","item":"https:\/\/being-initiative.org\/"},{"@type":"ListItem","position":2,"name":"Longitudinal Research"}]},{"@type":"WebSite","@id":"https:\/\/being-initiative.org\/#website","url":"https:\/\/being-initiative.org\/","name":"Being Initiative","description":"Innover pour le bien-\u00eatre des jeunes","publisher":{"@id":"https:\/\/being-initiative.org\/#organization"},"potentialAction":[{"@type":"SearchAction","target":{"@type":"EntryPoint","urlTemplate":"https:\/\/being-initiative.org\/?s={search_term_string}"},"query-input":{"@type":"PropertyValueSpecification","valueRequired":true,"valueName":"search_term_string"}}],"inLanguage":"fr-CA"},{"@type":"Organization","@id":"https:\/\/being-initiative.org\/#organization","name":"Being Initiative","url":"https:\/\/being-initiative.org\/","logo":{"@type":"ImageObject","inLanguage":"fr-CA","@id":"https:\/\/being-initiative.org\/#\/schema\/logo\/image\/","url":"https:\/\/being-initiative.org\/wp-content\/uploads\/2023\/03\/being-logo.png","contentUrl":"https:\/\/being-initiative.org\/wp-content\/uploads\/2023\/03\/being-logo.png","width":440,"height":136,"caption":"Being Initiative"},"image":{"@id":"https:\/\/being-initiative.org\/#\/schema\/logo\/image\/"},"sameAs":["https:\/\/www.facebook.com\/thebeinginitiative","https:\/\/x.com\/beinginitiative","https:\/\/www.linkedin.com\/company\/beinginitiative\/","https:\/\/www.instagram.com\/beinginitiative\/"]}]}},"_links":{"self":[{"href":"https:\/\/being-initiative.org\/fr\/wp-json\/wp\/v2\/pages\/1939","targetHints":{"allow":["GET"]}}],"collection":[{"href":"https:\/\/being-initiative.org\/fr\/wp-json\/wp\/v2\/pages"}],"about":[{"href":"https:\/\/being-initiative.org\/fr\/wp-json\/wp\/v2\/types\/page"}],"author":[{"embeddable":true,"href":"https:\/\/being-initiative.org\/fr\/wp-json\/wp\/v2\/users\/3"}],"replies":[{"embeddable":true,"href":"https:\/\/being-initiative.org\/fr\/wp-json\/wp\/v2\/comments?post=1939"}],"version-history":[{"count":0,"href":"https:\/\/being-initiative.org\/fr\/wp-json\/wp\/v2\/pages\/1939\/revisions"}],"wp:featuredmedia":[{"embeddable":true,"href":"https:\/\/being-initiative.org\/fr\/wp-json\/wp\/v2\/media\/2504"}],"wp:attachment":[{"href":"https:\/\/being-initiative.org\/fr\/wp-json\/wp\/v2\/media?parent=1939"}],"curies":[{"name":"wp","href":"https:\/\/api.w.org\/{rel}","templated":true}]}}