{"id":1815,"date":"2023-12-05T23:08:12","date_gmt":"2023-12-05T23:08:12","guid":{"rendered":"https:\/\/being-initiative.org\/?page_id=1815"},"modified":"2024-08-16T15:11:57","modified_gmt":"2024-08-16T15:11:57","slug":"country-consultations","status":"publish","type":"page","link":"https:\/\/being-initiative.org\/fr\/country-consultations\/","title":{"rendered":"Consultations nationales"},"content":{"rendered":"<div id=\"ql-bg-container-block_d941239013e308ddc243ca7a607eb292\" class=\"acf-block ql-bg-container bg-primary bg-dark\"><div class=\"ql-bg-container-inner\">\n\n<h2 class=\"wp-block-heading\" id=\"h-mapping-youth-mental-health-landscapes-local-insights-from-13-countries\">Cartographie de la sant\u00e9 mentale des jeunes:  Observations de la situation dans 13 pays (en anglais seulement)<\/h2>\n\n\n<div class=\"wp-block-image\">\n<figure class=\"aligncenter size-large is-resized\"><img loading=\"lazy\" decoding=\"async\" width=\"791\" height=\"1024\" src=\"https:\/\/being-initiative.org\/wp-content\/uploads\/2024\/04\/Being-Report-Cover-4-791x1024.png\" alt=\"\" class=\"wp-image-2050\" style=\"width:345px;height:auto\" srcset=\"https:\/\/being-initiative.org\/wp-content\/uploads\/2024\/04\/Being-Report-Cover-4-791x1024.png 791w, https:\/\/being-initiative.org\/wp-content\/uploads\/2024\/04\/Being-Report-Cover-4-386x500.png 386w, https:\/\/being-initiative.org\/wp-content\/uploads\/2024\/04\/Being-Report-Cover-4-768x994.png 768w, https:\/\/being-initiative.org\/wp-content\/uploads\/2024\/04\/Being-Report-Cover-4-1187x1536.png 1187w, https:\/\/being-initiative.org\/wp-content\/uploads\/2024\/04\/Being-Report-Cover-4-1583x2048.png 1583w, https:\/\/being-initiative.org\/wp-content\/uploads\/2024\/04\/Being-Report-Cover-4-9x12.png 9w\" sizes=\"auto, (max-width: 791px) 100vw, 791px\" \/><\/figure>\n<\/div>\n\n\n<p class=\"translation-block\">Le dernier rapport de Being, intitul\u00e9  \u00ab<strong><em><a href=\"https:\/\/being-initiative.org\/wp-content\/uploads\/2024\/04\/Mapping-Youth-Mental-Health-Landscapes_April-18-2024.pdf\" target=\"_blank\" rel=\"noreferrer noopener\">Mapping Youth Mental Health Landscapes: Local Insights from 13 Countries<\/a><\/em><\/strong>\u00bb, r\u00e9v\u00e8le les principaux d\u00e9fis et possibilit\u00e9s qui ressortent de consultations aupr\u00e8s de jeunes et d\u2019experts de la sant\u00e9 mentale en Colombie, en \u00c9quateur, en \u00c9gypte, au Ghana, en Inde, en Indon\u00e9sie, au Maroc, au Pakistan, en Roumanie, au S\u00e9n\u00e9gal, en Sierra Leone, en Tanzanie et au Vietnam. . De la <strong>dynamique familiale \u00e0 la pression scolaire, en passant par la stigmatisation et les m\u00e9dias sociaux<\/strong><\/mark>, le rapport explore certains des facteurs les plus pressants en mati\u00e8re de sant\u00e9 mentale dans ces pays.<\/p>\n\n\n\n<p>Le rapport d\u00e9taille l\u2019effort de recherche collaboratif de Being, dirig\u00e9 par des partenaires nationaux de l\u2019analyse du contexte dans les 13 pays. \u00c0 partir de&nbsp;<strong>consultations aupr\u00e8s des intervenants, de recherches documentaires et de la cr\u00e9ation d\u2019un consensus avec divers experts,<\/strong>&nbsp;y compris des jeunes et des repr\u00e9sentants de la collectivit\u00e9, l\u2019effort qui s\u2019est poursuivi sur un an a permis de cerner des probl\u00e8mes critiques de sant\u00e9 mentale, des d\u00e9terminants et des strat\u00e9gies de collaboration et d\u2019action.&nbsp;<\/p>\n\n\n<div id=\"ql-button-block_a3cca38ef368ffaca4aafff8e81df9d8\" class=\"acf-block ql-button button-left\"><a class=\"ql-button-link\" href=\"https:\/\/being-initiative.org\/wp-content\/uploads\/2024\/04\/Mapping-Youth-Mental-Health-Landscapes_April-18-2024.pdf\" target=\"_blank\">T\u00e9l\u00e9chargez le rapport! (en anglais seulement) <\/a><\/div>\n\n<div id=\"ql-button-block_af29cc26ae8fa0181f4d0d55965988d8\" class=\"acf-block ql-button button-left\"><a class=\"ql-button-link\" href=\"https:\/\/being-initiative.org\/wp-content\/uploads\/2024\/08\/Representacion-de-contextos-de-la-salud-mental-de-los-Jovenes_Colombia-y-Ecuador.pdf\" target=\"_blank\">Descargar el informe en espa\u00f1ol (extracto de Colombia y Ecuador)<\/a><\/div>\n<\/div><\/div>\n\n<div id=\"ql-bg-container-block_b7ea9750f5c00fd257ac387633c3d0b4\" class=\"acf-block ql-bg-container bg-creme\"><div class=\"ql-bg-container-inner\">\n\n<h2 class=\"wp-block-heading\" id=\"h-landscape-analysis-country-partners\"><mark style=\"background-color:rgba(0, 0, 0, 0)\" class=\"has-inline-color has-theme-secondary-color\">Partenaires nationaux de l\u2019analyse du contexte<\/mark><\/h2>\n\n\n<div class=\"wp-block-image\">\n<figure class=\"alignright size-large is-resized\"><img loading=\"lazy\" decoding=\"async\" width=\"1024\" height=\"683\" src=\"https:\/\/being-initiative.org\/wp-content\/uploads\/2023\/12\/IMG_0129-1-1024x683.jpg\" alt=\"Colleagues from Fondation Botnar and Grand Challenges Canada with country consultation teams: the Africa Academy for Public Health and University of Ghana.\" class=\"wp-image-1818\" style=\"width:616px;height:auto\" srcset=\"https:\/\/being-initiative.org\/wp-content\/uploads\/2023\/12\/IMG_0129-1-1024x683.jpg 1024w, https:\/\/being-initiative.org\/wp-content\/uploads\/2023\/12\/IMG_0129-1-500x333.jpg 500w, https:\/\/being-initiative.org\/wp-content\/uploads\/2023\/12\/IMG_0129-1-768x512.jpg 768w, https:\/\/being-initiative.org\/wp-content\/uploads\/2023\/12\/IMG_0129-1-1536x1024.jpg 1536w, https:\/\/being-initiative.org\/wp-content\/uploads\/2023\/12\/IMG_0129-1-2048x1365.jpg 2048w, https:\/\/being-initiative.org\/wp-content\/uploads\/2023\/12\/IMG_0129-1-18x12.jpg 18w\" sizes=\"auto, (max-width: 1024px) 100vw, 1024px\" \/><figcaption class=\"wp-element-caption\">Des coll\u00e8gues de la Fondation Botnar et de Grands D\u00e9fis Canada avec des \u00e9quipes de consultation nationales : Africa Academy for Public Health et Universit\u00e9 du Ghana<\/figcaption><\/figure>\n<\/div>\n\n\n<p>L\u2019analyse du contexte de Being a \u00e9t\u00e9 men\u00e9e par des \u00e9tablissements et organisations du milieu universitaire, du secteur de la sant\u00e9 publique et des organismes de recherche locaux dans chaque pays prioritaire, notamment :&nbsp;<\/p>\n\n\n\n<ul class=\"wp-block-list\">\n<li><a href=\"https:\/\/www.javeriana.edu.co\/\" target=\"_blank\" rel=\"noreferrer noopener\">Pontificia Universidad Javeriana<\/a>, Colombie<\/li>\n\n\n\n<li><a href=\"https:\/\/juntadebeneficencia.org.ec\/\" target=\"_blank\" rel=\"noreferrer noopener\">Junta de Beneficiencia de Guayaquil<\/a>, \u00c9quateur<\/li>\n\n\n\n<li> <a href=\"https:\/\/mentalhealth.mohp.gov.eg\/mental\/web\/en\/about-us#:~:text=The%20General%20Secretariat%20of%20Mental,and%20primary%20health%20care%20services.\" target=\"_blank\" rel=\"noreferrer noopener\">General Secretariat of Mental Health and Addiction Treatment<\/a>, \u00c9gypte<\/li>\n\n\n\n<li><a href=\"https:\/\/www.aaph.or.tz\/\" target=\"_blank\" rel=\"noreferrer noopener\">Africa Academy for Public Health<\/a>, Ghana et la Tanzanie<\/li>\n\n\n\n<li><a href=\"https:\/\/cmhlp.org\/\" target=\"_blank\" rel=\"noreferrer noopener\">Centre for Mental Health Law &amp; Policy<\/a>, Indian Law Society, Pune et <a href=\"https:\/\/sangath.in\/\" target=\"_blank\" rel=\"noreferrer noopener\">Sangath<\/a>, Inde<\/li>\n\n\n\n<li>&nbsp;<a href=\"https:\/\/ugm.ac.id\/\" target=\"_blank\" rel=\"noreferrer noopener\">Universit\u00e9 Gadjah Mada<\/a>, Indon\u00e9sie<\/li>\n\n\n\n<li><a href=\"https:\/\/ma.linkedin.com\/company\/fm6ss\" target=\"_blank\" rel=\"noreferrer noopener\">Fondation Mohammed VI of Sciences and Health<\/a>, et <a href=\"https:\/\/um6ss.ma\/\" target=\"_blank\" rel=\"noreferrer noopener\">Mohammed VI University of Sciences and Health<\/a>, Maroc<\/li>\n\n\n\n<li><a href=\"https:\/\/gihd.stmu.edu.pk\/\" target=\"_blank\" rel=\"noreferrer noopener\">Global Institute of Human Development of Shifa Tameer-e-Millat University<\/a>, Pakistan<\/li>\n\n\n\n<li>&nbsp;<a href=\"https:\/\/transylvania-college.ro\/\" target=\"_blank\" rel=\"noreferrer noopener\">Transylvania College Foundation<\/a>, Roumanie<\/li>\n\n\n\n<li><a href=\"https:\/\/aphrc.org\/\" target=\"_blank\" rel=\"noreferrer noopener\">African Population and Health Research Center<\/a>,  S\u00e9n\u00e9gal et la Sierra Leone<\/li>\n\n\n\n<li><a href=\"https:\/\/en.vass.gov.vn\/\">The Institute of Sociology, Vietnam Academy of Social Sciences<\/a>, Vietnam<\/li>\n<\/ul>\n\n\n\n<p class=\"translation-block\"><strong>Lisez leurs remerciements pour \u00ab<em>Mapping Youth Mental Health Landscapes: Local Insights from 13 Countries<\/em><\/strong>\u00bb<em><strong> <a href=\"https:\/\/being-initiative.org\/fr\/landscape-analysis-country-partner-acknowledgements-for-mapping-youth-mental-health-landscapes-local-insights-from-13-countries\/\" target=\"_blank\" rel=\"noreferrer noopener\">ici (en anglais seulement)<\/a>! <\/strong><\/p>\n\n<\/div><\/div>\n\n<div id=\"ql-call-to-action-block_4ee863b60f77d5167fff204e513f3463\" class=\"acf-block ql-call-to-action column-reverse image-cover\" style=\"margin-top:20px;margin-bottom:40px;\"><div class=\"column column-text bg-white\" style=\"flex-basis:50%\"><div class=\"column-text-wrap\">\n\n<h2 class=\"wp-block-heading\" id=\"h-how-we-did-it\"><strong><mark style=\"background-color:rgba(0, 0, 0, 0)\" class=\"has-inline-color has-theme-secondary-color\"><strong>Comment nous lavons proc\u00e9d\u00e9<\/strong><\/mark><\/strong><\/h2>\n\n\n\n<p>Pour nous aider \u00e0 tirer des enseignements des voix cl\u00e9s de chaque pays, nous nous sommes associ\u00e9s \u00e0 des partenaires locaux et r\u00e9gionaux afin de synth\u00e9tiser et d\u2019analyser les informations nationales sur la sant\u00e9 mentale, inventorier et consulter les parties prenantes cl\u00e9s, et b\u00e2tir un consensus entre celles-ci pour nous aider \u00e0 faire avancer le programme visant \u00e0 am\u00e9liorer la sant\u00e9 mentale des jeunes dans chaque pays prioritaire.&nbsp;<\/p>\n\n\n\n<p>Nos partenaires et leurs sous-partenaires se sont engag\u00e9s aupr\u00e8s de jeunes, de fournisseurs de soins, de gouvernements, de la soci\u00e9t\u00e9 civile, d\u2019universitaires, de praticiens et de repr\u00e9sentants de la collectivit\u00e9 par le biais d\u2019entrevues, d\u2019ateliers, de groupes de discussion, d\u2019enqu\u00eates, d\u2019outils num\u00e9riques et d\u2019\u00e9v\u00e9nements dans le but de pr\u00e9ciser les lacunes et les possibilit\u00e9s de recherche et d\u2019innovation en sant\u00e9 mentale et de d\u00e9couvrir ce qui serait n\u00e9cessaire pour rassembler les intervenants en vue d\u2019am\u00e9liorer la sant\u00e9 mentale des jeunes.<\/p>\n\n<\/div><\/div><div class=\"column column-image\" style=\"flex-basis:50%\"><img loading=\"lazy\" decoding=\"async\" width=\"900\" height=\"580\" src=\"https:\/\/being-initiative.org\/wp-content\/uploads\/2023\/12\/IMG_0040-900x580.jpg\" class=\"attachment-genesis-singular-images size-genesis-singular-images\" alt=\"\" srcset=\"https:\/\/being-initiative.org\/wp-content\/uploads\/2023\/12\/IMG_0040-900x580.jpg 900w, https:\/\/being-initiative.org\/wp-content\/uploads\/2023\/12\/IMG_0040-18x12.jpg 18w\" sizes=\"auto, (max-width: 900px) 100vw, 900px\" \/><\/div><\/div>\n\n<div id=\"ql-call-to-action-block_d333f6245ddf1cfb626ddfbd6d11962d\" class=\"acf-block ql-call-to-action image-cover\" style=\"margin-top:20px;margin-bottom:40px;\"><div class=\"column column-text bg-white\" style=\"flex-basis:50%\"><div class=\"column-text-wrap\">\n\n<h2 class=\"wp-block-heading\"><mark style=\"background-color:rgba(0, 0, 0, 0)\" class=\"has-inline-color has-theme-secondary-color\">Engagement des jeunes<\/mark><\/h2>\n\n\n\n<p>Qu\u2019il s\u2019agisse de faire partie des \u00e9quipes des pays ou de participer directement \u00e0 des enqu\u00eates nationales, \u00e0 des conseils consultatifs de jeunes et \u00e0 des consultations, les jeunes ont partag\u00e9 leurs id\u00e9es et leur expertise avec nos partenaires nationaux et se sont engag\u00e9s dans ce processus d\u2019apprentissage dans tous les pays prioritaires. Les membres du <a href=\"https:\/\/being-initiative.org\/fr\/advisory-groups\/\">Groupe consultatif des jeunes de Being<\/a> ont \u00e9galement contribu\u00e9 de mani\u00e8re significative en tant qu\u2019examinateurs en offrant aux \u00e9quipes locales des commentaires et des consid\u00e9rations pratiques.<\/p>\n\n<\/div><\/div><div class=\"column column-image\" style=\"flex-basis:50%\"><img loading=\"lazy\" decoding=\"async\" width=\"900\" height=\"580\" src=\"https:\/\/being-initiative.org\/wp-content\/uploads\/2023\/12\/Photovoice-training-CMHLP-ILS-900x580.jpeg\" class=\"attachment-genesis-singular-images size-genesis-singular-images\" alt=\"A workshop led by the Indian Law Society team who lead country consultations in India.\" srcset=\"https:\/\/being-initiative.org\/wp-content\/uploads\/2023\/12\/Photovoice-training-CMHLP-ILS-900x580.jpeg 900w, https:\/\/being-initiative.org\/wp-content\/uploads\/2023\/12\/Photovoice-training-CMHLP-ILS-18x12.jpeg 18w\" sizes=\"auto, (max-width: 900px) 100vw, 900px\" \/><\/div><\/div>","protected":false},"excerpt":{"rendered":"","protected":false},"author":3,"featured_media":1816,"parent":0,"menu_order":2,"comment_status":"closed","ping_status":"closed","template":"","meta":{"_acf_changed":true,"_genesis_hide_title":false,"_genesis_hide_breadcrumbs":false,"_genesis_hide_singular_image":false,"_genesis_hide_footer_widgets":false,"_genesis_custom_body_class":"","_genesis_custom_post_class":"","_genesis_layout":"","footnotes":""},"class_list":{"0":"post-1815","1":"page","2":"type-page","3":"status-publish","4":"has-post-thumbnail","6":"entry"},"acf":[],"yoast_head":"<!-- This site is optimized with the Yoast SEO Premium plugin v27.1 (Yoast SEO v27.1.1) - https:\/\/yoast.com\/product\/yoast-seo-premium-wordpress\/ -->\n<title>Country Consultations on Youth Mental Health<\/title>\n<meta name=\"description\" content=\"Being has supported country consultations with youth, policymakers, local organizations, and mental health experts in 13 priority countries.\" \/>\n<meta name=\"robots\" content=\"index, follow, max-snippet:-1, max-image-preview:large, max-video-preview:-1\" \/>\n<link rel=\"canonical\" href=\"https:\/\/being-initiative.org\/fr\/country-consultations\/\" \/>\n<meta property=\"og:locale\" content=\"fr_CA\" \/>\n<meta property=\"og:type\" content=\"article\" \/>\n<meta property=\"og:title\" content=\"Country Consultations\" \/>\n<meta property=\"og:description\" content=\"Being has supported country consultations with youth, policymakers, local organizations, and mental health experts in 13 priority countries.\" \/>\n<meta property=\"og:url\" content=\"https:\/\/being-initiative.org\/fr\/country-consultations\/\" \/>\n<meta property=\"og:site_name\" content=\"Being | Grand Challenges Canada\" \/>\n<meta property=\"article:publisher\" content=\"https:\/\/www.facebook.com\/thebeinginitiative\" \/>\n<meta property=\"article:modified_time\" content=\"2024-08-16T15:11:57+00:00\" \/>\n<meta property=\"og:image\" content=\"https:\/\/being-initiative.org\/wp-content\/uploads\/2023\/12\/Country-Consultations.png\" \/>\n\t<meta property=\"og:image:width\" content=\"1080\" \/>\n\t<meta property=\"og:image:height\" content=\"1080\" \/>\n\t<meta property=\"og:image:type\" content=\"image\/png\" \/>\n<meta name=\"twitter:card\" content=\"summary_large_image\" \/>\n<meta name=\"twitter:site\" content=\"@beinginitiative\" \/>\n<meta name=\"twitter:label1\" content=\"Estimation du temps de lecture\" \/>\n\t<meta name=\"twitter:data1\" content=\"3 minutes\" \/>\n<script type=\"application\/ld+json\" class=\"yoast-schema-graph\">{\"@context\":\"https:\/\/schema.org\",\"@graph\":[{\"@type\":\"WebPage\",\"@id\":\"https:\/\/being-initiative.org\/country-consultations\/\",\"url\":\"https:\/\/being-initiative.org\/country-consultations\/\",\"name\":\"Country Consultations on Youth Mental Health\",\"isPartOf\":{\"@id\":\"https:\/\/being-initiative.org\/#website\"},\"primaryImageOfPage\":{\"@id\":\"https:\/\/being-initiative.org\/country-consultations\/#primaryimage\"},\"image\":{\"@id\":\"https:\/\/being-initiative.org\/country-consultations\/#primaryimage\"},\"thumbnailUrl\":\"https:\/\/being-initiative.org\/wp-content\/uploads\/2023\/12\/Country-Consultations.png\",\"datePublished\":\"2023-12-05T23:08:12+00:00\",\"dateModified\":\"2024-08-16T15:11:57+00:00\",\"description\":\"Being has supported country consultations with youth, policymakers, local organizations, and mental health experts in 13 priority countries.\",\"breadcrumb\":{\"@id\":\"https:\/\/being-initiative.org\/country-consultations\/#breadcrumb\"},\"inLanguage\":\"fr-CA\",\"potentialAction\":[{\"@type\":\"ReadAction\",\"target\":[\"https:\/\/being-initiative.org\/country-consultations\/\"]}]},{\"@type\":\"ImageObject\",\"inLanguage\":\"fr-CA\",\"@id\":\"https:\/\/being-initiative.org\/country-consultations\/#primaryimage\",\"url\":\"https:\/\/being-initiative.org\/wp-content\/uploads\/2023\/12\/Country-Consultations.png\",\"contentUrl\":\"https:\/\/being-initiative.org\/wp-content\/uploads\/2023\/12\/Country-Consultations.png\",\"width\":1080,\"height\":1080},{\"@type\":\"BreadcrumbList\",\"@id\":\"https:\/\/being-initiative.org\/country-consultations\/#breadcrumb\",\"itemListElement\":[{\"@type\":\"ListItem\",\"position\":1,\"name\":\"Home\",\"item\":\"https:\/\/being-initiative.org\/\"},{\"@type\":\"ListItem\",\"position\":2,\"name\":\"Country Consultations\"}]},{\"@type\":\"WebSite\",\"@id\":\"https:\/\/being-initiative.org\/#website\",\"url\":\"https:\/\/being-initiative.org\/\",\"name\":\"Being Initiative\",\"description\":\"Innovating for young people\u2019s wellbeing\",\"publisher\":{\"@id\":\"https:\/\/being-initiative.org\/#organization\"},\"potentialAction\":[{\"@type\":\"SearchAction\",\"target\":{\"@type\":\"EntryPoint\",\"urlTemplate\":\"https:\/\/being-initiative.org\/?s={search_term_string}\"},\"query-input\":{\"@type\":\"PropertyValueSpecification\",\"valueRequired\":true,\"valueName\":\"search_term_string\"}}],\"inLanguage\":\"fr-CA\"},{\"@type\":\"Organization\",\"@id\":\"https:\/\/being-initiative.org\/#organization\",\"name\":\"Being Initiative\",\"url\":\"https:\/\/being-initiative.org\/\",\"logo\":{\"@type\":\"ImageObject\",\"inLanguage\":\"fr-CA\",\"@id\":\"https:\/\/being-initiative.org\/#\/schema\/logo\/image\/\",\"url\":\"https:\/\/being-initiative.org\/wp-content\/uploads\/2023\/03\/being-logo.png\",\"contentUrl\":\"https:\/\/being-initiative.org\/wp-content\/uploads\/2023\/03\/being-logo.png\",\"width\":440,\"height\":136,\"caption\":\"Being Initiative\"},\"image\":{\"@id\":\"https:\/\/being-initiative.org\/#\/schema\/logo\/image\/\"},\"sameAs\":[\"https:\/\/www.facebook.com\/thebeinginitiative\",\"https:\/\/x.com\/beinginitiative\",\"https:\/\/www.linkedin.com\/company\/beinginitiative\/\",\"https:\/\/www.instagram.com\/beinginitiative\/\"]}]}<\/script>\n<!-- \/ Yoast SEO Premium plugin. -->","yoast_head_json":{"title":"Country Consultations on Youth Mental Health","description":"Being has supported country consultations with youth, policymakers, local organizations, and mental health experts in 13 priority countries.","robots":{"index":"index","follow":"follow","max-snippet":"max-snippet:-1","max-image-preview":"max-image-preview:large","max-video-preview":"max-video-preview:-1"},"canonical":"https:\/\/being-initiative.org\/fr\/country-consultations\/","og_locale":"fr_CA","og_type":"article","og_title":"Country Consultations","og_description":"Being has supported country consultations with youth, policymakers, local organizations, and mental health experts in 13 priority countries.","og_url":"https:\/\/being-initiative.org\/fr\/country-consultations\/","og_site_name":"Being | Grand Challenges Canada","article_publisher":"https:\/\/www.facebook.com\/thebeinginitiative","article_modified_time":"2024-08-16T15:11:57+00:00","og_image":[{"width":1080,"height":1080,"url":"https:\/\/being-initiative.org\/wp-content\/uploads\/2023\/12\/Country-Consultations.png","type":"image\/png"}],"twitter_card":"summary_large_image","twitter_site":"@beinginitiative","twitter_misc":{"Estimation du temps de lecture":"3 minutes"},"schema":{"@context":"https:\/\/schema.org","@graph":[{"@type":"WebPage","@id":"https:\/\/being-initiative.org\/country-consultations\/","url":"https:\/\/being-initiative.org\/country-consultations\/","name":"Country Consultations on Youth Mental Health","isPartOf":{"@id":"https:\/\/being-initiative.org\/#website"},"primaryImageOfPage":{"@id":"https:\/\/being-initiative.org\/country-consultations\/#primaryimage"},"image":{"@id":"https:\/\/being-initiative.org\/country-consultations\/#primaryimage"},"thumbnailUrl":"https:\/\/being-initiative.org\/wp-content\/uploads\/2023\/12\/Country-Consultations.png","datePublished":"2023-12-05T23:08:12+00:00","dateModified":"2024-08-16T15:11:57+00:00","description":"Being has supported country consultations with youth, policymakers, local organizations, and mental health experts in 13 priority countries.","breadcrumb":{"@id":"https:\/\/being-initiative.org\/country-consultations\/#breadcrumb"},"inLanguage":"fr-CA","potentialAction":[{"@type":"ReadAction","target":["https:\/\/being-initiative.org\/country-consultations\/"]}]},{"@type":"ImageObject","inLanguage":"fr-CA","@id":"https:\/\/being-initiative.org\/country-consultations\/#primaryimage","url":"https:\/\/being-initiative.org\/wp-content\/uploads\/2023\/12\/Country-Consultations.png","contentUrl":"https:\/\/being-initiative.org\/wp-content\/uploads\/2023\/12\/Country-Consultations.png","width":1080,"height":1080},{"@type":"BreadcrumbList","@id":"https:\/\/being-initiative.org\/country-consultations\/#breadcrumb","itemListElement":[{"@type":"ListItem","position":1,"name":"Home","item":"https:\/\/being-initiative.org\/"},{"@type":"ListItem","position":2,"name":"Country Consultations"}]},{"@type":"WebSite","@id":"https:\/\/being-initiative.org\/#website","url":"https:\/\/being-initiative.org\/","name":"Being Initiative","description":"Innover pour le bien-\u00eatre des jeunes","publisher":{"@id":"https:\/\/being-initiative.org\/#organization"},"potentialAction":[{"@type":"SearchAction","target":{"@type":"EntryPoint","urlTemplate":"https:\/\/being-initiative.org\/?s={search_term_string}"},"query-input":{"@type":"PropertyValueSpecification","valueRequired":true,"valueName":"search_term_string"}}],"inLanguage":"fr-CA"},{"@type":"Organization","@id":"https:\/\/being-initiative.org\/#organization","name":"Being Initiative","url":"https:\/\/being-initiative.org\/","logo":{"@type":"ImageObject","inLanguage":"fr-CA","@id":"https:\/\/being-initiative.org\/#\/schema\/logo\/image\/","url":"https:\/\/being-initiative.org\/wp-content\/uploads\/2023\/03\/being-logo.png","contentUrl":"https:\/\/being-initiative.org\/wp-content\/uploads\/2023\/03\/being-logo.png","width":440,"height":136,"caption":"Being Initiative"},"image":{"@id":"https:\/\/being-initiative.org\/#\/schema\/logo\/image\/"},"sameAs":["https:\/\/www.facebook.com\/thebeinginitiative","https:\/\/x.com\/beinginitiative","https:\/\/www.linkedin.com\/company\/beinginitiative\/","https:\/\/www.instagram.com\/beinginitiative\/"]}]}},"_links":{"self":[{"href":"https:\/\/being-initiative.org\/fr\/wp-json\/wp\/v2\/pages\/1815","targetHints":{"allow":["GET"]}}],"collection":[{"href":"https:\/\/being-initiative.org\/fr\/wp-json\/wp\/v2\/pages"}],"about":[{"href":"https:\/\/being-initiative.org\/fr\/wp-json\/wp\/v2\/types\/page"}],"author":[{"embeddable":true,"href":"https:\/\/being-initiative.org\/fr\/wp-json\/wp\/v2\/users\/3"}],"replies":[{"embeddable":true,"href":"https:\/\/being-initiative.org\/fr\/wp-json\/wp\/v2\/comments?post=1815"}],"version-history":[{"count":0,"href":"https:\/\/being-initiative.org\/fr\/wp-json\/wp\/v2\/pages\/1815\/revisions"}],"wp:featuredmedia":[{"embeddable":true,"href":"https:\/\/being-initiative.org\/fr\/wp-json\/wp\/v2\/media\/1816"}],"wp:attachment":[{"href":"https:\/\/being-initiative.org\/fr\/wp-json\/wp\/v2\/media?parent=1815"}],"curies":[{"name":"wp","href":"https:\/\/api.w.org\/{rel}","templated":true}]}}