{"id":1584,"date":"2023-06-05T16:52:51","date_gmt":"2023-06-05T16:52:51","guid":{"rendered":"https:\/\/being-initiative.org\/?page_id=1584"},"modified":"2024-08-13T20:10:53","modified_gmt":"2024-08-13T20:10:53","slug":"partners","status":"publish","type":"page","link":"https:\/\/being-initiative.org\/fr\/partners\/","title":{"rendered":"Nos partenaires"},"content":{"rendered":"<div style=\"height:40px\" aria-hidden=\"true\" class=\"wp-block-spacer\"><\/div>\n\n\n<div class=\"wp-block-image\">\n<figure class=\"aligncenter size-large is-resized\"><img loading=\"lazy\" decoding=\"async\" width=\"1024\" height=\"583\" src=\"https:\/\/being-initiative.org\/wp-content\/uploads\/2023\/12\/Partnership-diagram-French.png\" alt=\"\" class=\"wp-image-1852\" style=\"width:874px;height:auto\" srcset=\"https:\/\/being-initiative.org\/wp-content\/uploads\/2023\/12\/Partnership-diagram-French.png 7604w, https:\/\/being-initiative.org\/wp-content\/uploads\/2023\/12\/Partnership-diagram-French-500x284.png 500w, https:\/\/being-initiative.org\/wp-content\/uploads\/2023\/12\/Partnership-diagram-French-1024x582.png 1024w, https:\/\/being-initiative.org\/wp-content\/uploads\/2023\/12\/Partnership-diagram-French-768x437.png 768w, https:\/\/being-initiative.org\/wp-content\/uploads\/2023\/12\/Partnership-diagram-French-1536x873.png 1536w, https:\/\/being-initiative.org\/wp-content\/uploads\/2023\/12\/Partnership-diagram-French-2048x1164.png 2048w, https:\/\/being-initiative.org\/wp-content\/uploads\/2023\/12\/Partnership-diagram-French-18x10.png 18w\" sizes=\"auto, (max-width: 1024px) 100vw, 1024px\" \/><figcaption class=\"wp-element-caption\">Nos partenariats comprennent notre organisation h\u00f4te, Grands D\u00e9fis Canada, des partenaires financiers, des partenaires de mise en \u0153uvre et des conseillers.<\/figcaption><\/figure>\n<\/div>\n\n\n<div style=\"height:40px\" aria-hidden=\"true\" class=\"wp-block-spacer\"><\/div>\n\n\n<div id=\"ql-bg-container-block_5e59b9b17e5611f3631401d6eb763ce9\" class=\"acf-block ql-bg-container bg-primary bg-dark\"><div class=\"ql-bg-container-inner\">\n<div id=\"ql-partners-grid-block_4ac3963626dcc23517b1dffdd6936883\" class=\"acf-block ql-partners-grid\">\n<div id=\"ql-partner-block_191347b8491859b35cf0ee219c6a585c\" class=\"acf-block ql-partner\"><figure class=\"ql-partner-logo\"><img loading=\"lazy\" decoding=\"async\" width=\"388\" height=\"130\" src=\"https:\/\/being-initiative.org\/wp-content\/uploads\/2023\/03\/Fondation-Botnar-Pink-logo.png\" class=\"attachment-genesis-singular-images size-genesis-singular-images\" alt=\"Logo\" srcset=\"https:\/\/being-initiative.org\/wp-content\/uploads\/2023\/03\/Fondation-Botnar-Pink-logo.png 388w, https:\/\/being-initiative.org\/wp-content\/uploads\/2023\/03\/Fondation-Botnar-Pink-logo-18x6.png 18w\" sizes=\"auto, (max-width: 388px) 100vw, 388px\" \/><\/figure>\n\n<p><a href=\"https:\/\/www.fondationbotnar.org\/\" data-type=\"URL\" data-id=\"https:\/\/www.fondationbotnar.org\/\" target=\"_blank\" rel=\"noreferrer noopener\">Fondation Botnar<\/a> est une fondation philanthropique suisse qui \u0153uvre pour am\u00e9liorer la sant\u00e9 et le bien-\u00eatre des jeunes vivant dans les villes partout dans le monde. Plaidant pour l\u2019inclusion des voix des jeunes et l\u2019utilisation \u00e9quitable de l\u2019IA et de la technologie num\u00e9rique, la Fondation investit et soutient des programmes et des recherches innovants, et rassemble des acteurs de tous les secteurs pour susciter un dialogue et des partenariats.<\/p>\n\n<\/div>\n\n<div id=\"ql-partner-block_b18f4f360eb3da8785b1ea8c6c201eb9\" class=\"acf-block ql-partner\"><figure class=\"ql-partner-logo\"><img loading=\"lazy\" decoding=\"async\" width=\"604\" height=\"302\" src=\"https:\/\/being-initiative.org\/wp-content\/uploads\/2023\/05\/gcc-new.png\" class=\"attachment-genesis-singular-images size-genesis-singular-images\" alt=\"Logos\" srcset=\"https:\/\/being-initiative.org\/wp-content\/uploads\/2023\/05\/gcc-new.png 604w, https:\/\/being-initiative.org\/wp-content\/uploads\/2023\/05\/gcc-new-500x250.png 500w, https:\/\/being-initiative.org\/wp-content\/uploads\/2023\/05\/gcc-new-18x9.png 18w\" sizes=\"auto, (max-width: 604px) 100vw, 604px\" \/><\/figure>\n\n<p><a rel=\"noreferrer noopener\" href=\"https:\/\/www.grandchallenges.ca\/fr-ca\/\" data-type=\"URL\" data-id=\"https:\/\/www.grandchallenges.ca\/\" target=\"_blank\">Grands D\u00e9fis Canada<\/a> est vou\u00e9 \u00e0 promouvoir des Id\u00e9es audacieuses ayant un grand Impact\u00ae. Financ\u00e9 en partie par <a rel=\"noreferrer noopener\" href=\"https:\/\/www.international.gc.ca\/global-affairs-affaires-mondiales\/home-accueil.aspx?lang=fra\" target=\"_blank\">gouvernement du Canada<\/a>, Grands D\u00e9fis Canada accorde du financement \u00e0 des innovateurs de pays \u00e0 revenu faible ou interm\u00e9diaire et du Canada. Les Id\u00e9es audacieuses qu\u2019appuie Grands D\u00e9fis Canada int\u00e8grent l\u2019innovation scientifique, technologique, sociale et commerciale \u2013 appel\u00e9e l\u2019Innovation int\u00e9gr\u00e9e\u00ae. Grands D\u00e9fis Canada, l\u2019un des plus grands investisseurs d\u2019impact au Canada, a soutenu un portefeuille de plus de 1 500 innovations dans 96 pays. Grands D\u00e9fis Canada estime que ces innovations ont le potentiel de sauver jusqu\u2019\u00e0 1,78 million de vies et d\u2019am\u00e9liorer jusqu\u2019\u00e0 64 millions de vies d\u2019ici 2030.<\/p>\n\n<\/div>\n\n<div id=\"ql-partner-block_0524f8fc47a1964520f5b68cb1d853f0\" class=\"acf-block ql-partner\"><figure class=\"ql-partner-logo\"><img loading=\"lazy\" decoding=\"async\" width=\"604\" height=\"302\" src=\"https:\/\/being-initiative.org\/wp-content\/uploads\/2023\/05\/new-nihr.png\" class=\"attachment-genesis-singular-images size-genesis-singular-images\" alt=\"Logos\" srcset=\"https:\/\/being-initiative.org\/wp-content\/uploads\/2023\/05\/new-nihr.png 604w, https:\/\/being-initiative.org\/wp-content\/uploads\/2023\/05\/new-nihr-500x250.png 500w, https:\/\/being-initiative.org\/wp-content\/uploads\/2023\/05\/new-nihr-18x9.png 18w\" sizes=\"auto, (max-width: 604px) 100vw, 604px\" \/><\/figure>\n\n<p>La <a rel=\"noreferrer noopener\" href=\"https:\/\/www.nihr.ac.uk\/\" data-type=\"URL\" data-id=\"https:\/\/www.nihr.ac.uk\/\" target=\"_blank\">National Institute of Health and Care Research\u2019s<\/a> est d\u2019am\u00e9liorer la sant\u00e9 et la richesse par la recherche. \u00c0 l\u2019\u00e9chelle mondiale, le NIHR finance de la recherche de haute qualit\u00e9 sur la sant\u00e9 mondiale directement et principalement au b\u00e9n\u00e9fice des populations des pays \u00e0 revenu faible ou interm\u00e9diaire (PRFI). Le portefeuille renforce les capacit\u00e9s et les comp\u00e9tences en mati\u00e8re de recherche et de d\u00e9veloppement dans les PRFI et au Royaume-Uni par le biais de partenariats \u00e9quitables. Financ\u00e9 par le Minist\u00e8re britannique de la sant\u00e9 et de l\u2019aide sociale, le NIHR soutient la recherche dans les pays en d\u00e9veloppement admissibles \u00e0 l\u2019aide publique au d\u00e9veloppement (APD). En \u00e9troite collaboration avec la communaut\u00e9 de la recherche en sant\u00e9 mondiale, nous commanditons et investissons dans des projets de recherche appliqu\u00e9e et de formation en sant\u00e9 qui r\u00e9pondent aux divers besoins des collectivit\u00e9s des PRFI, anticipent l\u2019\u00e9volution du fardeau mondial de la maladie et abordent les priorit\u00e9s des syst\u00e8mes de sant\u00e9.<\/p>\n\n<\/div>\n\n<div id=\"ql-partner-block_317f956a44f43e4f3195ccdea7e6f3be\" class=\"acf-block ql-partner\"><figure class=\"ql-partner-logo\"><img loading=\"lazy\" decoding=\"async\" width=\"520\" height=\"202\" src=\"https:\/\/being-initiative.org\/wp-content\/uploads\/2023\/06\/SFA-logo.png\" class=\"attachment-genesis-singular-images size-genesis-singular-images\" alt=\"\" srcset=\"https:\/\/being-initiative.org\/wp-content\/uploads\/2023\/06\/SFA-logo.png 520w, https:\/\/being-initiative.org\/wp-content\/uploads\/2023\/06\/SFA-logo-500x194.png 500w, https:\/\/being-initiative.org\/wp-content\/uploads\/2023\/06\/SFA-logo-18x7.png 18w\" sizes=\"auto, (max-width: 520px) 100vw, 520px\" \/><\/figure>\n\n<p>La <a rel=\"noreferrer noopener\" href=\"https:\/\/scienceforafrica.foundation\/\" target=\"_blank\">Science for Africa Foundation<\/a> (Fondation SFA) est une organisation caritative publique panafricaine \u00e0 but non lucratif qui soutient, renforce et promeut la science et l'innovation en Afrique. La Fondation SFA sert l'\u00e9cosyst\u00e8me de la recherche africaine en finan\u00e7ant des id\u00e9es de recherche et d'innovation excellentes, en facilitant des collaborations interdisciplinaires entre chercheurs et en cr\u00e9ant et renfor\u00e7ant des contextes propices \u00e0 l'\u00e9panouissement des scientifiques et \u00e0 la production d'une recherche de qualit\u00e9 qui g\u00e9n\u00e8re de nouvelles connaissances pertinentes au niveau local. La Fondation SFA cherche \u00e0 r\u00e9pondre aux besoins de d\u00e9veloppement les plus pressants du continent en g\u00e9n\u00e9rant des connaissances qui permettent de r\u00e9soudre des probl\u00e8mes et \u00e9clairent la prise de d\u00e9cision.&nbsp;<\/p>\n\n<\/div>\n\n<div id=\"ql-partner-block_6bcd4e31963f10f97e9bfbcb75a1214d\" class=\"acf-block ql-partner\"><figure class=\"ql-partner-logo\"><img loading=\"lazy\" decoding=\"async\" width=\"604\" height=\"302\" src=\"https:\/\/being-initiative.org\/wp-content\/uploads\/2023\/03\/UnitedGMH-logo.png\" class=\"attachment-genesis-singular-images size-genesis-singular-images\" alt=\"Logo\" srcset=\"https:\/\/being-initiative.org\/wp-content\/uploads\/2023\/03\/UnitedGMH-logo.png 604w, https:\/\/being-initiative.org\/wp-content\/uploads\/2023\/03\/UnitedGMH-logo-500x250.png 500w, https:\/\/being-initiative.org\/wp-content\/uploads\/2023\/03\/UnitedGMH-logo-18x9.png 18w, https:\/\/being-initiative.org\/wp-content\/uploads\/2023\/03\/UnitedGMH-logo-600x300.png 600w\" sizes=\"auto, (max-width: 604px) 100vw, 604px\" \/><\/figure>\n\n<p><a href=\"https:\/\/unitedgmh.org\/\" data-type=\"URL\" data-id=\"https:\/\/unitedgmh.org\/\" target=\"_blank\" rel=\"noreferrer noopener\">United for Global Mental Health<\/a> \u0153uvre en vue de sensibiliser, de r\u00e9duire la stigmatisation et d\u2019accro\u00eetre le soutien \u00e0 la sant\u00e9 mentale dans le monde avec des partenaires de confiance. L\u2019\u00e9quipe United for Global Mental Health est compos\u00e9e de personnes diverses, passionn\u00e9es et bien inform\u00e9es. En combinant leur vaste expertise interne en mati\u00e8re de repr\u00e9sentation, de financement et d\u2019organisation de campagnes avec les r\u00e9flexions uniques de leurs nombreux partenaires, l\u2019\u00e9quipe progresse d\u00e9j\u00e0 dans sa mission.<\/p>\n\n<\/div>\n\n<div id=\"ql-partner-block_cfc71c5832566939346afc7c9a541f42\" class=\"acf-block ql-partner\"><figure class=\"ql-partner-logo\"><img loading=\"lazy\" decoding=\"async\" width=\"400\" height=\"400\" src=\"https:\/\/being-initiative.org\/wp-content\/uploads\/2024\/08\/Untitled-design-18.png\" class=\"attachment-genesis-singular-images size-genesis-singular-images\" alt=\"\" srcset=\"https:\/\/being-initiative.org\/wp-content\/uploads\/2024\/08\/Untitled-design-18.png 400w, https:\/\/being-initiative.org\/wp-content\/uploads\/2024\/08\/Untitled-design-18-150x150.png 150w, https:\/\/being-initiative.org\/wp-content\/uploads\/2024\/08\/Untitled-design-18-12x12.png 12w, https:\/\/being-initiative.org\/wp-content\/uploads\/2024\/08\/Untitled-design-18-75x75.png 75w\" sizes=\"auto, (max-width: 400px) 100vw, 400px\" \/><\/figure>\n\n<p><a href=\"https:\/\/www.orygen.org.au\/\">Orygen<\/a>&nbsp;est le centre d'excellence australien pour la sant\u00e9 mentale des jeunes et est consid\u00e9r\u00e9 comme le pionnier mondial dans ce domaine. La recherche montre que 75 % des maladies mentales apparaissent avant l'\u00e2ge de 25 ans. Orygen a donc \u00e9t\u00e9 cr\u00e9\u00e9 pour r\u00e9pondre aux besoins urgents des jeunes \u00e2g\u00e9s de 12 \u00e0 25 ans en rassemblant l'expertise en mati\u00e8re de soins cliniques, de recherche, de formation, d'\u00e9laboration de politiques et de plaidoyer en faveur de la sant\u00e9 mentale des jeunes d'aujourd'hui et de toute la dur\u00e9e de leur vie.<\/p>\n\n<\/div>\n<\/div>\n<\/div><\/div>","protected":false},"excerpt":{"rendered":"","protected":false},"author":2,"featured_media":0,"parent":0,"menu_order":0,"comment_status":"closed","ping_status":"closed","template":"","meta":{"_acf_changed":true,"_genesis_hide_title":false,"_genesis_hide_breadcrumbs":false,"_genesis_hide_singular_image":false,"_genesis_hide_footer_widgets":false,"_genesis_custom_body_class":"","_genesis_custom_post_class":"","_genesis_layout":"","footnotes":""},"class_list":{"0":"post-1584","1":"page","2":"type-page","3":"status-publish","5":"entry"},"acf":[],"yoast_head":"<!-- This site is optimized with the Yoast SEO Premium plugin v27.1 (Yoast SEO v27.1.1) - https:\/\/yoast.com\/product\/yoast-seo-premium-wordpress\/ -->\n<title>Partners - Being | Grand Challenges Canada<\/title>\n<meta name=\"robots\" content=\"index, follow, max-snippet:-1, max-image-preview:large, max-video-preview:-1\" \/>\n<link rel=\"canonical\" href=\"https:\/\/being-initiative.org\/fr\/partners\/\" \/>\n<meta property=\"og:locale\" content=\"fr_CA\" \/>\n<meta property=\"og:type\" content=\"article\" \/>\n<meta property=\"og:title\" content=\"Partners\" \/>\n<meta property=\"og:url\" content=\"https:\/\/being-initiative.org\/fr\/partners\/\" \/>\n<meta property=\"og:site_name\" content=\"Being | Grand Challenges Canada\" \/>\n<meta property=\"article:publisher\" content=\"https:\/\/www.facebook.com\/thebeinginitiative\" \/>\n<meta property=\"article:modified_time\" content=\"2024-08-13T20:10:53+00:00\" \/>\n<meta property=\"og:image\" content=\"https:\/\/being-initiative.org\/wp-content\/uploads\/2023\/12\/Partnership_Diagram_nov_2023-1024x583.png\" \/>\n<meta name=\"twitter:card\" content=\"summary_large_image\" \/>\n<meta name=\"twitter:site\" content=\"@beinginitiative\" \/>\n<meta name=\"twitter:label1\" content=\"Estimation du temps de lecture\" \/>\n\t<meta name=\"twitter:data1\" content=\"3 minutes\" \/>\n<script type=\"application\/ld+json\" class=\"yoast-schema-graph\">{\"@context\":\"https:\/\/schema.org\",\"@graph\":[{\"@type\":\"WebPage\",\"@id\":\"https:\/\/being-initiative.org\/partners\/\",\"url\":\"https:\/\/being-initiative.org\/partners\/\",\"name\":\"Partners - Being | Grand Challenges Canada\",\"isPartOf\":{\"@id\":\"https:\/\/being-initiative.org\/#website\"},\"primaryImageOfPage\":{\"@id\":\"https:\/\/being-initiative.org\/partners\/#primaryimage\"},\"image\":{\"@id\":\"https:\/\/being-initiative.org\/partners\/#primaryimage\"},\"thumbnailUrl\":\"https:\/\/being-initiative.org\/wp-content\/uploads\/2023\/12\/Partnership_Diagram_nov_2023-1024x583.png\",\"datePublished\":\"2023-06-05T16:52:51+00:00\",\"dateModified\":\"2024-08-13T20:10:53+00:00\",\"breadcrumb\":{\"@id\":\"https:\/\/being-initiative.org\/partners\/#breadcrumb\"},\"inLanguage\":\"fr-CA\",\"potentialAction\":[{\"@type\":\"ReadAction\",\"target\":[\"https:\/\/being-initiative.org\/partners\/\"]}]},{\"@type\":\"ImageObject\",\"inLanguage\":\"fr-CA\",\"@id\":\"https:\/\/being-initiative.org\/partners\/#primaryimage\",\"url\":\"https:\/\/being-initiative.org\/wp-content\/uploads\/2023\/12\/Partnership_Diagram_nov_2023-1024x583.png\",\"contentUrl\":\"https:\/\/being-initiative.org\/wp-content\/uploads\/2023\/12\/Partnership_Diagram_nov_2023-1024x583.png\"},{\"@type\":\"BreadcrumbList\",\"@id\":\"https:\/\/being-initiative.org\/partners\/#breadcrumb\",\"itemListElement\":[{\"@type\":\"ListItem\",\"position\":1,\"name\":\"Home\",\"item\":\"https:\/\/being-initiative.org\/\"},{\"@type\":\"ListItem\",\"position\":2,\"name\":\"Partners\"}]},{\"@type\":\"WebSite\",\"@id\":\"https:\/\/being-initiative.org\/#website\",\"url\":\"https:\/\/being-initiative.org\/\",\"name\":\"Being Initiative\",\"description\":\"Innovating for young people\u2019s wellbeing\",\"publisher\":{\"@id\":\"https:\/\/being-initiative.org\/#organization\"},\"potentialAction\":[{\"@type\":\"SearchAction\",\"target\":{\"@type\":\"EntryPoint\",\"urlTemplate\":\"https:\/\/being-initiative.org\/?s={search_term_string}\"},\"query-input\":{\"@type\":\"PropertyValueSpecification\",\"valueRequired\":true,\"valueName\":\"search_term_string\"}}],\"inLanguage\":\"fr-CA\"},{\"@type\":\"Organization\",\"@id\":\"https:\/\/being-initiative.org\/#organization\",\"name\":\"Being Initiative\",\"url\":\"https:\/\/being-initiative.org\/\",\"logo\":{\"@type\":\"ImageObject\",\"inLanguage\":\"fr-CA\",\"@id\":\"https:\/\/being-initiative.org\/#\/schema\/logo\/image\/\",\"url\":\"https:\/\/being-initiative.org\/wp-content\/uploads\/2023\/03\/being-logo.png\",\"contentUrl\":\"https:\/\/being-initiative.org\/wp-content\/uploads\/2023\/03\/being-logo.png\",\"width\":440,\"height\":136,\"caption\":\"Being Initiative\"},\"image\":{\"@id\":\"https:\/\/being-initiative.org\/#\/schema\/logo\/image\/\"},\"sameAs\":[\"https:\/\/www.facebook.com\/thebeinginitiative\",\"https:\/\/x.com\/beinginitiative\",\"https:\/\/www.linkedin.com\/company\/beinginitiative\/\",\"https:\/\/www.instagram.com\/beinginitiative\/\"]}]}<\/script>\n<!-- \/ Yoast SEO Premium plugin. -->","yoast_head_json":{"title":"Partners - Being | Grand Challenges Canada","robots":{"index":"index","follow":"follow","max-snippet":"max-snippet:-1","max-image-preview":"max-image-preview:large","max-video-preview":"max-video-preview:-1"},"canonical":"https:\/\/being-initiative.org\/fr\/partners\/","og_locale":"fr_CA","og_type":"article","og_title":"Partners","og_url":"https:\/\/being-initiative.org\/fr\/partners\/","og_site_name":"Being | Grand Challenges Canada","article_publisher":"https:\/\/www.facebook.com\/thebeinginitiative","article_modified_time":"2024-08-13T20:10:53+00:00","og_image":[{"url":"https:\/\/being-initiative.org\/wp-content\/uploads\/2023\/12\/Partnership_Diagram_nov_2023-1024x583.png","type":"","width":"","height":""}],"twitter_card":"summary_large_image","twitter_site":"@beinginitiative","twitter_misc":{"Estimation du temps de lecture":"3 minutes"},"schema":{"@context":"https:\/\/schema.org","@graph":[{"@type":"WebPage","@id":"https:\/\/being-initiative.org\/partners\/","url":"https:\/\/being-initiative.org\/partners\/","name":"Partners - Being | Grand Challenges Canada","isPartOf":{"@id":"https:\/\/being-initiative.org\/#website"},"primaryImageOfPage":{"@id":"https:\/\/being-initiative.org\/partners\/#primaryimage"},"image":{"@id":"https:\/\/being-initiative.org\/partners\/#primaryimage"},"thumbnailUrl":"https:\/\/being-initiative.org\/wp-content\/uploads\/2023\/12\/Partnership_Diagram_nov_2023-1024x583.png","datePublished":"2023-06-05T16:52:51+00:00","dateModified":"2024-08-13T20:10:53+00:00","breadcrumb":{"@id":"https:\/\/being-initiative.org\/partners\/#breadcrumb"},"inLanguage":"fr-CA","potentialAction":[{"@type":"ReadAction","target":["https:\/\/being-initiative.org\/partners\/"]}]},{"@type":"ImageObject","inLanguage":"fr-CA","@id":"https:\/\/being-initiative.org\/partners\/#primaryimage","url":"https:\/\/being-initiative.org\/wp-content\/uploads\/2023\/12\/Partnership_Diagram_nov_2023-1024x583.png","contentUrl":"https:\/\/being-initiative.org\/wp-content\/uploads\/2023\/12\/Partnership_Diagram_nov_2023-1024x583.png"},{"@type":"BreadcrumbList","@id":"https:\/\/being-initiative.org\/partners\/#breadcrumb","itemListElement":[{"@type":"ListItem","position":1,"name":"Home","item":"https:\/\/being-initiative.org\/"},{"@type":"ListItem","position":2,"name":"Partners"}]},{"@type":"WebSite","@id":"https:\/\/being-initiative.org\/#website","url":"https:\/\/being-initiative.org\/","name":"Being Initiative","description":"Innover pour le bien-\u00eatre des jeunes","publisher":{"@id":"https:\/\/being-initiative.org\/#organization"},"potentialAction":[{"@type":"SearchAction","target":{"@type":"EntryPoint","urlTemplate":"https:\/\/being-initiative.org\/?s={search_term_string}"},"query-input":{"@type":"PropertyValueSpecification","valueRequired":true,"valueName":"search_term_string"}}],"inLanguage":"fr-CA"},{"@type":"Organization","@id":"https:\/\/being-initiative.org\/#organization","name":"Being Initiative","url":"https:\/\/being-initiative.org\/","logo":{"@type":"ImageObject","inLanguage":"fr-CA","@id":"https:\/\/being-initiative.org\/#\/schema\/logo\/image\/","url":"https:\/\/being-initiative.org\/wp-content\/uploads\/2023\/03\/being-logo.png","contentUrl":"https:\/\/being-initiative.org\/wp-content\/uploads\/2023\/03\/being-logo.png","width":440,"height":136,"caption":"Being Initiative"},"image":{"@id":"https:\/\/being-initiative.org\/#\/schema\/logo\/image\/"},"sameAs":["https:\/\/www.facebook.com\/thebeinginitiative","https:\/\/x.com\/beinginitiative","https:\/\/www.linkedin.com\/company\/beinginitiative\/","https:\/\/www.instagram.com\/beinginitiative\/"]}]}},"_links":{"self":[{"href":"https:\/\/being-initiative.org\/fr\/wp-json\/wp\/v2\/pages\/1584","targetHints":{"allow":["GET"]}}],"collection":[{"href":"https:\/\/being-initiative.org\/fr\/wp-json\/wp\/v2\/pages"}],"about":[{"href":"https:\/\/being-initiative.org\/fr\/wp-json\/wp\/v2\/types\/page"}],"author":[{"embeddable":true,"href":"https:\/\/being-initiative.org\/fr\/wp-json\/wp\/v2\/users\/2"}],"replies":[{"embeddable":true,"href":"https:\/\/being-initiative.org\/fr\/wp-json\/wp\/v2\/comments?post=1584"}],"version-history":[{"count":0,"href":"https:\/\/being-initiative.org\/fr\/wp-json\/wp\/v2\/pages\/1584\/revisions"}],"wp:attachment":[{"href":"https:\/\/being-initiative.org\/fr\/wp-json\/wp\/v2\/media?parent=1584"}],"curies":[{"name":"wp","href":"https:\/\/api.w.org\/{rel}","templated":true}]}}