{"id":1266,"date":"2023-05-11T18:23:51","date_gmt":"2023-05-11T18:23:51","guid":{"rendered":"https:\/\/being-initiative.org\/?page_id=1266"},"modified":"2023-12-10T21:57:48","modified_gmt":"2023-12-10T21:57:48","slug":"approach","status":"publish","type":"page","link":"https:\/\/being-initiative.org\/fr\/approach\/","title":{"rendered":"Notre approche"},"content":{"rendered":"<div style=\"height:33px\" aria-hidden=\"true\" class=\"wp-block-spacer\"><\/div>\n\n\n<div class=\"wp-block-image\">\n<figure class=\"alignleft size-full is-resized\"><img loading=\"lazy\" decoding=\"async\" width=\"1920\" height=\"3430\" src=\"https:\/\/being-initiative.org\/wp-content\/uploads\/2023\/06\/GCC_Being_OurApproach_v5_French_no-logo.png\" alt=\"\" class=\"wp-image-1068\" style=\"aspect-ratio:0.5599672533769955;width:606px;height:auto\" srcset=\"https:\/\/being-initiative.org\/wp-content\/uploads\/2023\/06\/GCC_Being_OurApproach_v5_French_no-logo.png 1920w, https:\/\/being-initiative.org\/wp-content\/uploads\/2023\/06\/GCC_Being_OurApproach_v5_French_no-logo-274x500.png 274w, https:\/\/being-initiative.org\/wp-content\/uploads\/2023\/06\/GCC_Being_OurApproach_v5_French_no-logo-562x1024.png 562w, https:\/\/being-initiative.org\/wp-content\/uploads\/2023\/06\/GCC_Being_OurApproach_v5_French_no-logo-768x1400.png 768w, https:\/\/being-initiative.org\/wp-content\/uploads\/2023\/06\/GCC_Being_OurApproach_v5_French_no-logo-843x1536.png 843w, https:\/\/being-initiative.org\/wp-content\/uploads\/2023\/06\/GCC_Being_OurApproach_v5_French_no-logo-1123x2048.png 1123w, https:\/\/being-initiative.org\/wp-content\/uploads\/2023\/06\/GCC_Being_OurApproach_v5_French_no-logo-7x12.png 7w\" sizes=\"auto, (max-width: 1920px) 100vw, 1920px\" \/><figcaption class=\"wp-element-caption\">L'approche strat\u00e9gique de Being.<\/figcaption><\/figure>\n<\/div>\n\n\n<h3 class=\"wp-block-heading\" id=\"h-our-approach-supports-young-people-s-mental-health-and-wellbeing-through-three-key-pillars\">Notre approche soutient la sant\u00e9 mentale et le bien-\u00eatre des jeunes \u00e0 travers trois piliers cl\u00e9s :<\/h3>\n\n\n\n<h3 class=\"wp-block-heading\" id=\"h-learn\"><mark style=\"background-color:rgba(0, 0, 0, 0)\" class=\"has-inline-color has-theme-secondary-color\">Apprendre<\/mark><\/h3>\n\n\n\n<p>Nous pensons que l'apprentissage est un moteur de changement des syst\u00e8mes. Notre financement et notre programmation de la recherche visent \u00e0 comprendre les besoins et les moteurs de la sant\u00e9 mentale des jeunes dans chaque pays prioritaire, \u00e0 aider \u00e0 d\u00e9gager un consensus sur les priorit\u00e9s en mati\u00e8re de plaidoyer et de financement, et \u00e0 orienter les priorit\u00e9s de financement dans la recherche, l'innovation et la cr\u00e9ation d\u2019\u00e9cosyst\u00e8mes. En outre, nous voulons mieux comprendre et anticiper les impacts \u00e0 long terme des facteurs de stress \u00e9mergents, tels que les situations d'urgence, la croissance urbaine, les pand\u00e9mies et le changement climatique, sur la sant\u00e9 mentale et le bien-\u00eatre des jeunes.<\/p>\n\n\n\n<h3 class=\"wp-block-heading\" id=\"h-invest\"><mark style=\"background-color:rgba(0, 0, 0, 0)\" class=\"has-inline-color has-theme-secondary-color\">Investir<\/mark><\/h3>\n\n\n\n<p>Nous financerons et soutiendrons des organisations dirig\u00e9es par des jeunes pour s'attaquer aux facteurs du bien-\u00eatre mental des jeunes identifi\u00e9s dans le cadre de notre pilier \"apprendre\". En mettant l'accent sur la pr\u00e9vention et la promotion, nous investirons dans de nouvelles id\u00e9es au fur et \u00e0 mesure qu'elles seront test\u00e9es et \u00e9prouv\u00e9es. Nous soutiendrons \u00e9galement les innovations test\u00e9es \u00e0 fort impact ciblant la sant\u00e9 mentale et le bien-\u00eatre des jeunes tout au long de leur parcours de mise \u00e0 l'\u00e9chelle pour aider \u00e0 catalyser leur durabilit\u00e9 et leur impact.<\/p>\n\n\n\n<h3 class=\"wp-block-heading\" id=\"h-mobilize\"><mark style=\"background-color:rgba(0, 0, 0, 0)\" class=\"has-inline-color has-theme-secondary-color\">Mobiliser<\/mark><\/h3>\n\n\n\n<p>Nous visons \u00e0 unir les donateurs, les bailleurs de fonds, les investisseurs, les gouvernements, les partenaires multilat\u00e9raux, les interm\u00e9diaires locaux et les communaut\u00e9s en promouvant l'\u00e9change continu de nouvelles preuves, d'innovations et d'apprentissages pour faire avancer le dialogue mondial et d\u00e9fendre le bien-\u00eatre des jeunes. Nous financerons \u00e9galement des subventions au niveau de l\u2019\u00e9cosyst\u00e8me afin d'aider \u00e0 lever les obstacles syst\u00e9miques identifi\u00e9s par le pilier de l'apprentissage qui emp\u00eachent la mise en \u0153uvre et l'int\u00e9gration \u00e0 long terme des services de sant\u00e9 mentale dans les domaines connexes de la sant\u00e9, de la politique et autres.<\/p>\n\n\n<div id=\"ql-button-block_6db46667ed7e1cf9c09cc1cb46f5e08e\" class=\"acf-block ql-button button-center\"><a class=\"ql-button-link\" href=\"https:\/\/being-initiative.org\/wp-content\/uploads\/2023\/06\/GCC_Being_OurApproach_v5_French-copy.pdf\" target=\"_self\">T\u00e9l\u00e9charger L'approche de Being !<\/a><\/div>\n\n<div id=\"ql-button-block_d39c9bf357735a63075ec62e5f89b4f2\" class=\"acf-block ql-button button-center\"><a class=\"ql-button-link\" href=\"https:\/\/being-initiative.org\/fr\/what-we-do\/\" target=\"_self\">En savoir plus sur notre travail et notre financement<\/a><\/div>","protected":false},"excerpt":{"rendered":"<p>Our approach supports young people&#8217;s mental health and wellbeing through three key pillars: Learn We believe learning is a driver for systems change. Our research funding and programming aims to understand young people\u2019s mental health needs and drivers in each priority country, help build consensus around priorities for advocacy and funding, and guide funding priorities [&hellip;]<\/p>\n","protected":false},"author":2,"featured_media":0,"parent":0,"menu_order":0,"comment_status":"closed","ping_status":"closed","template":"","meta":{"_acf_changed":false,"_genesis_hide_title":false,"_genesis_hide_breadcrumbs":false,"_genesis_hide_singular_image":false,"_genesis_hide_footer_widgets":false,"_genesis_custom_body_class":"","_genesis_custom_post_class":"","_genesis_layout":"","footnotes":""},"class_list":{"0":"post-1266","1":"page","2":"type-page","3":"status-publish","5":"entry"},"acf":[],"yoast_head":"<!-- This site is optimized with the Yoast SEO Premium plugin v27.1 (Yoast SEO v27.1.1) - https:\/\/yoast.com\/product\/yoast-seo-premium-wordpress\/ -->\n<title>Our Approach Supports Young People&#039;s Mental Health<\/title>\n<meta name=\"description\" content=\"Our approach supports young people&#039;s mental health and wellbeing through three key pillars Learn, Invest and Mobilize.\" \/>\n<meta name=\"robots\" content=\"index, follow, max-snippet:-1, max-image-preview:large, max-video-preview:-1\" \/>\n<link rel=\"canonical\" href=\"https:\/\/being-initiative.org\/fr\/approach\/\" \/>\n<meta property=\"og:locale\" content=\"fr_CA\" \/>\n<meta property=\"og:type\" content=\"article\" \/>\n<meta property=\"og:title\" content=\"Our Approach\" \/>\n<meta property=\"og:description\" content=\"Our approach supports young people&#039;s mental health and wellbeing through three key pillars Learn, Invest and Mobilize.\" \/>\n<meta property=\"og:url\" content=\"https:\/\/being-initiative.org\/fr\/approach\/\" \/>\n<meta property=\"og:site_name\" content=\"Being | Grand Challenges Canada\" \/>\n<meta property=\"article:publisher\" content=\"https:\/\/www.facebook.com\/thebeinginitiative\" \/>\n<meta property=\"article:modified_time\" content=\"2023-12-10T21:57:48+00:00\" \/>\n<meta property=\"og:image\" content=\"https:\/\/being-initiative.org\/wp-content\/uploads\/2023\/04\/WhoWeAre_OurApproachInfographic.png\" \/>\n<meta name=\"twitter:card\" content=\"summary_large_image\" \/>\n<meta name=\"twitter:site\" content=\"@beinginitiative\" \/>\n<meta name=\"twitter:label1\" content=\"Estimation du temps de lecture\" \/>\n\t<meta name=\"twitter:data1\" content=\"2 minutes\" \/>\n<script type=\"application\/ld+json\" class=\"yoast-schema-graph\">{\"@context\":\"https:\/\/schema.org\",\"@graph\":[{\"@type\":\"WebPage\",\"@id\":\"https:\/\/being-initiative.org\/approach\/\",\"url\":\"https:\/\/being-initiative.org\/approach\/\",\"name\":\"Our Approach Supports Young People's Mental Health\",\"isPartOf\":{\"@id\":\"https:\/\/being-initiative.org\/#website\"},\"primaryImageOfPage\":{\"@id\":\"https:\/\/being-initiative.org\/approach\/#primaryimage\"},\"image\":{\"@id\":\"https:\/\/being-initiative.org\/approach\/#primaryimage\"},\"thumbnailUrl\":\"https:\/\/being-initiative.org\/wp-content\/uploads\/2023\/04\/WhoWeAre_OurApproachInfographic.png\",\"datePublished\":\"2023-05-11T18:23:51+00:00\",\"dateModified\":\"2023-12-10T21:57:48+00:00\",\"description\":\"Our approach supports young people's mental health and wellbeing through three key pillars Learn, Invest and Mobilize.\",\"breadcrumb\":{\"@id\":\"https:\/\/being-initiative.org\/approach\/#breadcrumb\"},\"inLanguage\":\"fr-CA\",\"potentialAction\":[{\"@type\":\"ReadAction\",\"target\":[\"https:\/\/being-initiative.org\/approach\/\"]}]},{\"@type\":\"ImageObject\",\"inLanguage\":\"fr-CA\",\"@id\":\"https:\/\/being-initiative.org\/approach\/#primaryimage\",\"url\":\"https:\/\/being-initiative.org\/wp-content\/uploads\/2023\/04\/WhoWeAre_OurApproachInfographic.png\",\"contentUrl\":\"https:\/\/being-initiative.org\/wp-content\/uploads\/2023\/04\/WhoWeAre_OurApproachInfographic.png\"},{\"@type\":\"BreadcrumbList\",\"@id\":\"https:\/\/being-initiative.org\/approach\/#breadcrumb\",\"itemListElement\":[{\"@type\":\"ListItem\",\"position\":1,\"name\":\"Home\",\"item\":\"https:\/\/being-initiative.org\/\"},{\"@type\":\"ListItem\",\"position\":2,\"name\":\"Our Approach\"}]},{\"@type\":\"WebSite\",\"@id\":\"https:\/\/being-initiative.org\/#website\",\"url\":\"https:\/\/being-initiative.org\/\",\"name\":\"Being Initiative\",\"description\":\"Innovating for young people\u2019s wellbeing\",\"publisher\":{\"@id\":\"https:\/\/being-initiative.org\/#organization\"},\"potentialAction\":[{\"@type\":\"SearchAction\",\"target\":{\"@type\":\"EntryPoint\",\"urlTemplate\":\"https:\/\/being-initiative.org\/?s={search_term_string}\"},\"query-input\":{\"@type\":\"PropertyValueSpecification\",\"valueRequired\":true,\"valueName\":\"search_term_string\"}}],\"inLanguage\":\"fr-CA\"},{\"@type\":\"Organization\",\"@id\":\"https:\/\/being-initiative.org\/#organization\",\"name\":\"Being Initiative\",\"url\":\"https:\/\/being-initiative.org\/\",\"logo\":{\"@type\":\"ImageObject\",\"inLanguage\":\"fr-CA\",\"@id\":\"https:\/\/being-initiative.org\/#\/schema\/logo\/image\/\",\"url\":\"https:\/\/being-initiative.org\/wp-content\/uploads\/2023\/03\/being-logo.png\",\"contentUrl\":\"https:\/\/being-initiative.org\/wp-content\/uploads\/2023\/03\/being-logo.png\",\"width\":440,\"height\":136,\"caption\":\"Being Initiative\"},\"image\":{\"@id\":\"https:\/\/being-initiative.org\/#\/schema\/logo\/image\/\"},\"sameAs\":[\"https:\/\/www.facebook.com\/thebeinginitiative\",\"https:\/\/x.com\/beinginitiative\",\"https:\/\/www.linkedin.com\/company\/beinginitiative\/\",\"https:\/\/www.instagram.com\/beinginitiative\/\"]}]}<\/script>\n<!-- \/ Yoast SEO Premium plugin. -->","yoast_head_json":{"title":"Our Approach Supports Young People's Mental Health","description":"Our approach supports young people's mental health and wellbeing through three key pillars Learn, Invest and Mobilize.","robots":{"index":"index","follow":"follow","max-snippet":"max-snippet:-1","max-image-preview":"max-image-preview:large","max-video-preview":"max-video-preview:-1"},"canonical":"https:\/\/being-initiative.org\/fr\/approach\/","og_locale":"fr_CA","og_type":"article","og_title":"Our Approach","og_description":"Our approach supports young people's mental health and wellbeing through three key pillars Learn, Invest and Mobilize.","og_url":"https:\/\/being-initiative.org\/fr\/approach\/","og_site_name":"Being | Grand Challenges Canada","article_publisher":"https:\/\/www.facebook.com\/thebeinginitiative","article_modified_time":"2023-12-10T21:57:48+00:00","og_image":[{"url":"https:\/\/being-initiative.org\/wp-content\/uploads\/2023\/04\/WhoWeAre_OurApproachInfographic.png","type":"","width":"","height":""}],"twitter_card":"summary_large_image","twitter_site":"@beinginitiative","twitter_misc":{"Estimation du temps de lecture":"2 minutes"},"schema":{"@context":"https:\/\/schema.org","@graph":[{"@type":"WebPage","@id":"https:\/\/being-initiative.org\/approach\/","url":"https:\/\/being-initiative.org\/approach\/","name":"Our Approach Supports Young People's Mental Health","isPartOf":{"@id":"https:\/\/being-initiative.org\/#website"},"primaryImageOfPage":{"@id":"https:\/\/being-initiative.org\/approach\/#primaryimage"},"image":{"@id":"https:\/\/being-initiative.org\/approach\/#primaryimage"},"thumbnailUrl":"https:\/\/being-initiative.org\/wp-content\/uploads\/2023\/04\/WhoWeAre_OurApproachInfographic.png","datePublished":"2023-05-11T18:23:51+00:00","dateModified":"2023-12-10T21:57:48+00:00","description":"Our approach supports young people's mental health and wellbeing through three key pillars Learn, Invest and Mobilize.","breadcrumb":{"@id":"https:\/\/being-initiative.org\/approach\/#breadcrumb"},"inLanguage":"fr-CA","potentialAction":[{"@type":"ReadAction","target":["https:\/\/being-initiative.org\/approach\/"]}]},{"@type":"ImageObject","inLanguage":"fr-CA","@id":"https:\/\/being-initiative.org\/approach\/#primaryimage","url":"https:\/\/being-initiative.org\/wp-content\/uploads\/2023\/04\/WhoWeAre_OurApproachInfographic.png","contentUrl":"https:\/\/being-initiative.org\/wp-content\/uploads\/2023\/04\/WhoWeAre_OurApproachInfographic.png"},{"@type":"BreadcrumbList","@id":"https:\/\/being-initiative.org\/approach\/#breadcrumb","itemListElement":[{"@type":"ListItem","position":1,"name":"Home","item":"https:\/\/being-initiative.org\/"},{"@type":"ListItem","position":2,"name":"Our Approach"}]},{"@type":"WebSite","@id":"https:\/\/being-initiative.org\/#website","url":"https:\/\/being-initiative.org\/","name":"Being Initiative","description":"Innover pour le bien-\u00eatre des jeunes","publisher":{"@id":"https:\/\/being-initiative.org\/#organization"},"potentialAction":[{"@type":"SearchAction","target":{"@type":"EntryPoint","urlTemplate":"https:\/\/being-initiative.org\/?s={search_term_string}"},"query-input":{"@type":"PropertyValueSpecification","valueRequired":true,"valueName":"search_term_string"}}],"inLanguage":"fr-CA"},{"@type":"Organization","@id":"https:\/\/being-initiative.org\/#organization","name":"Being Initiative","url":"https:\/\/being-initiative.org\/","logo":{"@type":"ImageObject","inLanguage":"fr-CA","@id":"https:\/\/being-initiative.org\/#\/schema\/logo\/image\/","url":"https:\/\/being-initiative.org\/wp-content\/uploads\/2023\/03\/being-logo.png","contentUrl":"https:\/\/being-initiative.org\/wp-content\/uploads\/2023\/03\/being-logo.png","width":440,"height":136,"caption":"Being Initiative"},"image":{"@id":"https:\/\/being-initiative.org\/#\/schema\/logo\/image\/"},"sameAs":["https:\/\/www.facebook.com\/thebeinginitiative","https:\/\/x.com\/beinginitiative","https:\/\/www.linkedin.com\/company\/beinginitiative\/","https:\/\/www.instagram.com\/beinginitiative\/"]}]}},"_links":{"self":[{"href":"https:\/\/being-initiative.org\/fr\/wp-json\/wp\/v2\/pages\/1266","targetHints":{"allow":["GET"]}}],"collection":[{"href":"https:\/\/being-initiative.org\/fr\/wp-json\/wp\/v2\/pages"}],"about":[{"href":"https:\/\/being-initiative.org\/fr\/wp-json\/wp\/v2\/types\/page"}],"author":[{"embeddable":true,"href":"https:\/\/being-initiative.org\/fr\/wp-json\/wp\/v2\/users\/2"}],"replies":[{"embeddable":true,"href":"https:\/\/being-initiative.org\/fr\/wp-json\/wp\/v2\/comments?post=1266"}],"version-history":[{"count":0,"href":"https:\/\/being-initiative.org\/fr\/wp-json\/wp\/v2\/pages\/1266\/revisions"}],"wp:attachment":[{"href":"https:\/\/being-initiative.org\/fr\/wp-json\/wp\/v2\/media?parent=1266"}],"curies":[{"name":"wp","href":"https:\/\/api.w.org\/{rel}","templated":true}]}}